{"id":865,"date":"2023-11-27T13:48:50","date_gmt":"2023-11-27T12:48:50","guid":{"rendered":"https:\/\/34.88.231.180\/product\/plant-based-protein\/"},"modified":"2026-04-01T00:00:27","modified_gmt":"2026-03-31T22:00:27","slug":"plant-based-protein","status":"publish","type":"product","link":"https:\/\/www.selfprotein.com\/fi\/tuote\/plant-based-protein\/","title":{"rendered":"Plant Based Protein"},"content":{"rendered":"<p style=\"text-align: left;\" align=\"center\"><strong><span lang=\"en-US\">Plant Based Protein<\/span><\/strong><\/p>\n<p><span lang=\"en-US\">Kasvipohjaisen proteiinivalmisteen sis\u00e4lt\u00e4m\u00e4t korkealaatuiset kasviproteiinit ovat ihanteellinen valinta tukemaan lihasten kasvua, palautumista ja yleist\u00e4 hyvinvointia. T\u00e4m\u00e4 ainutlaatuinen soija-, riisi- ja herneproteiinien sekoitus tarjoaa t\u00e4ydellisen ratkaisun niille, jotka etsiv\u00e4t kasvipohjaista vaihtoehtoa heraproteiinille, varmistaen elimist\u00f6n optimaalisen ravinnonsaannin.<\/span><\/p>\n<p><span lang=\"en-US\">Kasvipohjaisen proteiinin edut:<\/span><\/p>\n<ul>\n<li><strong><span lang=\"en-US\">Soijaproteiini:<\/span><\/strong><\/li>\n<\/ul>\n<p><span lang=\"en-US\">- T\u00e4ydellinen ja tasapainoinen: Soijaproteiini sis\u00e4lt\u00e4\u00e4 kaikki lihaskudoksen rakentamiseen ja korjaamiseen tarvittavat v\u00e4ltt\u00e4m\u00e4tt\u00f6m\u00e4t aminohapot.<\/span><br \/>\n<span lang=\"en-US\">- V\u00e4h\u00e4rasvainen ja v\u00e4h\u00e4hiilihydraattinen: Sen ravitsemuksellinen koostumus edist\u00e4\u00e4 tasapainoisen ruokavalion yll\u00e4pit\u00e4mist\u00e4 ja painonhallintaa.<\/span><br \/>\n<span lang=\"en-US\">- Mahdolliset syd\u00e4n- ja verisuoniterveyteen liittyv\u00e4t hy\u00f6dyt: Tutkimukset viittaavat siihen, ett\u00e4 soijaproteiinit voivat auttaa alentamaan kolesterolitasoja ja edist\u00e4\u00e4 syd\u00e4men terveytt\u00e4.<\/span><\/p>\n<ul>\n<li><strong><span lang=\"en-US\">Riisiproteiini:<\/span><\/strong><\/li>\n<\/ul>\n<p><span lang=\"en-US\">- V\u00e4hentynyt tulehdus: edist\u00e4\u00e4 lihasten palautumista ja yleist\u00e4 terveytt\u00e4.<\/span><br \/>\n<span lang=\"en-US\">- Ruoansulatuksen helpottaminen: Riisiproteiini sopii gluteenittomana ja laktoosittomana my\u00f6s niille, joilla on ruoka-aineyliherkkyys tai -intoleranssi.<\/span><br \/>\n<span lang=\"en-US\">- Tukee ruoansulatuskanavan terveytt\u00e4: Joidenkin tutkimusten mukaan riisiproteiini voi edist\u00e4\u00e4 ruoansulatuskanavan terveytt\u00e4 ja yleist\u00e4 suoliston hyvinvointia.<\/span><\/p>\n<ul>\n<li><strong><span lang=\"en-US\">Herneproteiini:<\/span><\/strong><\/li>\n<\/ul>\n<p><span lang=\"en-US\">- T\u00e4ydellinen ja tasapainoinen: Herneproteiini tarjoaa t\u00e4ydellisen valikoiman v\u00e4ltt\u00e4m\u00e4tt\u00f6mi\u00e4 aminohappoja, jotka tukevat lihasten kasvua ja palautumista.<\/span><br \/>\n<span lang=\"en-US\">- V\u00e4h\u00e4rasvainen ja v\u00e4h\u00e4hiilihydraattinen: Herneproteiini edist\u00e4\u00e4 optimaalista ravitsemuksellista tasapainoa, kuten muutkin seoksen kasviproteiinit.<\/span><br \/>\n<span lang=\"en-US\">- Syd\u00e4n- ja verisuoniterveyden edut: Herneproteiini voi soijaproteiinin tavoin parantaa syd\u00e4men terveytt\u00e4, mik\u00e4 tarjoaa terveellisen vaihtoehdon proteiinilis\u00e4ksi.<\/span><\/p>\n<p><strong><span lang=\"en-US\">Suositeltu k\u00e4ytt\u00f6<\/span><\/strong><\/p>\n<p><span lang=\"en-US\">1-3 annosta p\u00e4iv\u00e4ss\u00e4 riippuen yksil\u00f6llisist\u00e4 tarpeista ja ottaen huomioon muut ruokavalion proteiinil\u00e4hteet.<\/span><\/p>\n<p><b>Ilmoitus:<\/b><\/p>\n<ul>\n<li>Vain aikuisille, eik\u00e4 se korvaa monipuolista, tasapainoista ruokavaliota ja terveellisi\u00e4 el\u00e4m\u00e4ntapoja.<\/li>\n<li>\u00c4l\u00e4 ylit\u00e4 suositeltua annosta.<\/li>\n<li>\u00c4l\u00e4 k\u00e4yt\u00e4 sit\u00e4 imetyksen tai raskauden aikana neuvottelematta l\u00e4\u00e4k\u00e4rin kanssa.<\/li>\n<li>S\u00e4ilyt\u00e4 tuote viile\u00e4ss\u00e4, kuivassa paikassa hyvin suljetussa pakkauksessa alle 3-vuotiaiden lasten ulottumattomissa.<\/li>\n<li>Saattaa sis\u00e4lt\u00e4\u00e4 pieni\u00e4 m\u00e4\u00e4ri\u00e4 maitoa, kauraa, kananmunaa, soijaa.<\/li>\n<li>Laktoositon ja Gluteeniton.<\/li>\n<\/ul>","protected":false},"excerpt":{"rendered":"<p>Kasvipohjainen proteiini Kasvipohjaisen proteiinivalmisteen sis\u00e4lt\u00e4m\u00e4t korkealaatuiset kasviproteiinit ovat ihanteellinen valinta tukemaan lihasten kasvua, palautumista ja yleist\u00e4 hyvinvointia. T\u00e4m\u00e4 ainutlaatuinen soija-, riisi- ja herneproteiinien sekoitus tarjoaa t\u00e4ydellisen ratkaisun niille, jotka etsiv\u00e4t kasvipohjaista vaihtoehtoa heraproteiinille, varmistaen elimist\u00f6n optimaalisen ravinnonsaannin. [...]<\/p>","protected":false},"featured_media":867,"template":"","meta":[],"product_cat":[158,308],"product_tag":[18,318],"class_list":{"0":"post-865","1":"product","2":"type-product","3":"status-publish","4":"has-post-thumbnail","6":"product_cat-proteins","7":"product_cat-strength-and-muscle-mass","8":"product_tag-proteins","9":"product_tag-strength-and-muscle-mass","11":"first","12":"instock","13":"taxable","14":"shipping-taxable","15":"purchasable","16":"product-type-variable"},"aioseo_notices":[],"_links":{"self":[{"href":"https:\/\/www.selfprotein.com\/fi\/wp-json\/wp\/v2\/product\/865"}],"collection":[{"href":"https:\/\/www.selfprotein.com\/fi\/wp-json\/wp\/v2\/product"}],"about":[{"href":"https:\/\/www.selfprotein.com\/fi\/wp-json\/wp\/v2\/types\/product"}],"wp:featuredmedia":[{"embeddable":true,"href":"https:\/\/www.selfprotein.com\/fi\/wp-json\/wp\/v2\/media\/867"}],"wp:attachment":[{"href":"https:\/\/www.selfprotein.com\/fi\/wp-json\/wp\/v2\/media?parent=865"}],"wp:term":[{"taxonomy":"product_cat","embeddable":true,"href":"https:\/\/www.selfprotein.com\/fi\/wp-json\/wp\/v2\/product_cat?post=865"},{"taxonomy":"product_tag","embeddable":true,"href":"https:\/\/www.selfprotein.com\/fi\/wp-json\/wp\/v2\/product_tag?post=865"}],"curies":[{"name":"wp","href":"https:\/\/api.w.org\/{rel}","templated":true}]}}