{"id":877,"date":"2023-11-27T13:49:11","date_gmt":"2023-11-27T12:49:11","guid":{"rendered":"https:\/\/34.88.231.180\/product\/probiotic-lactospore\/"},"modified":"2026-05-01T00:24:01","modified_gmt":"2026-04-30T22:24:01","slug":"probiotic-lactospore","status":"publish","type":"product","link":"https:\/\/www.selfprotein.com\/fi\/tuote\/probiotic-lactospore\/","title":{"rendered":"Probioottinen Lactospore"},"content":{"rendered":"<p><strong>Tuotteen yleiskatsaus:<\/strong><\/p>\n<p>Sis\u00e4lt\u00e4\u00e4 eritt\u00e4in korkealaatuisia probiootteja (Bacillus coagulans), jopa 1 miljardi iti\u00f6t\u00e4 kapselia kohti, tuote on suunniteltu kest\u00e4m\u00e4\u00e4n mahahappoja. Probiootti Lactospore\u00ae on kuin kyky vahvistaa immuunij\u00e4rjestelm\u00e4\u00e4, tukea ruoansulatusta ja ravintoaineiden imeytymist\u00e4.<\/p>\n<p><strong>T\u00e4rkeimm\u00e4t edut:<\/strong><\/p>\n<ul>\n<li>Korkealaatuinen probiootti (Bacillus coagulans) 1 miljardi iti\u00f6t\u00e4 per kapseli.<\/li>\n<li>Kehitetty vastustamaan mahahappoja<\/li>\n<li>Tuote ei vaadi j\u00e4\u00e4hdytyst\u00e4, ja se s\u00e4ilyy huoneenl\u00e4mm\u00f6ss\u00e4.<\/li>\n<li>Vahvistaa immuunij\u00e4rjestelm\u00e4\u00e4<\/li>\n<li>Se auttaa ruoansulatusta ja ravintoaineiden imeytymist\u00e4.<\/li>\n<li>Edist\u00e4\u00e4 suolistoflooran luonnollista tasapainoa.<\/li>\n<\/ul>\n<p>&nbsp;<\/p>\n<p><b>Ilmoitus:<\/b><\/p>\n<ul>\n<li>Vain aikuisille, eik\u00e4 se korvaa monipuolista, tasapainoista ruokavaliota ja terveellisi\u00e4 el\u00e4m\u00e4ntapoja.<\/li>\n<li>\u00c4l\u00e4 ylit\u00e4 suositeltua annosta.<\/li>\n<li>Suositeltu annos : 1 cps p\u00e4iv\u00e4ss\u00e4.<\/li>\n<li>\u00c4l\u00e4 k\u00e4yt\u00e4 sit\u00e4 imetyksen tai raskauden aikana neuvottelematta l\u00e4\u00e4k\u00e4rin kanssa.<\/li>\n<li>S\u00e4ilyt\u00e4 tuote viile\u00e4ss\u00e4, kuivassa paikassa hyvin suljetussa pakkauksessa alle 3-vuotiaiden lasten ulottumattomissa.<\/li>\n<li>Saattaa sis\u00e4lt\u00e4\u00e4 pieni\u00e4 m\u00e4\u00e4ri\u00e4 maitoa, kauraa, kananmunaa ja soijaa.<\/li>\n<li>Laktoositon ja Gluteeniton.<\/li>\n<\/ul>","protected":false},"excerpt":{"rendered":"<details>\n<summary>Ainesosat<\/summary>\n<table style=\"text-align: center;\">\n<tbody>\n<tr>\n<th>Ainesosat<\/th>\n<th>per 1cps<\/th>\n<\/tr>\n<tr>\n<td>Lactospore\u00ae (Bacillus Coagulans-MTCC 5856)<\/td>\n<td>1.000.000.000<\/td>\n<\/tr>\n<tr>\n<td colspan=\"3\"><strong>Muut ainesosat: <\/strong>inuliini, maltodekstriini, vegaaninen kapseli (E1204).<\/td>\n<\/tr>\n<\/tbody>\n<\/table>\n<\/details>\n<p>&nbsp;<\/p>","protected":false},"featured_media":13885,"template":"","meta":[],"product_cat":[312,214],"product_tag":[314,258],"class_list":{"0":"post-877","1":"product","2":"type-product","3":"status-publish","4":"has-post-thumbnail","6":"product_cat-health-and-wellness","7":"product_cat-vitamins-wellness","8":"product_tag-health-and-wellness","9":"product_tag-vitamins-wellness","11":"first","12":"instock","13":"taxable","14":"shipping-taxable","15":"purchasable","16":"product-type-simple"},"aioseo_notices":[],"_links":{"self":[{"href":"https:\/\/www.selfprotein.com\/fi\/wp-json\/wp\/v2\/product\/877"}],"collection":[{"href":"https:\/\/www.selfprotein.com\/fi\/wp-json\/wp\/v2\/product"}],"about":[{"href":"https:\/\/www.selfprotein.com\/fi\/wp-json\/wp\/v2\/types\/product"}],"wp:featuredmedia":[{"embeddable":true,"href":"https:\/\/www.selfprotein.com\/fi\/wp-json\/wp\/v2\/media\/13885"}],"wp:attachment":[{"href":"https:\/\/www.selfprotein.com\/fi\/wp-json\/wp\/v2\/media?parent=877"}],"wp:term":[{"taxonomy":"product_cat","embeddable":true,"href":"https:\/\/www.selfprotein.com\/fi\/wp-json\/wp\/v2\/product_cat?post=877"},{"taxonomy":"product_tag","embeddable":true,"href":"https:\/\/www.selfprotein.com\/fi\/wp-json\/wp\/v2\/product_tag?post=877"}],"curies":[{"name":"wp","href":"https:\/\/api.w.org\/{rel}","templated":true}]}}