{"id":883,"date":"2023-11-27T13:51:31","date_gmt":"2023-11-27T12:51:31","guid":{"rendered":"https:\/\/34.88.231.180\/product\/protein-pancake\/"},"modified":"2026-04-22T16:11:23","modified_gmt":"2026-04-22T14:11:23","slug":"protein-pancake","status":"publish","type":"product","link":"https:\/\/www.selfprotein.com\/fi\/tuote\/protein-pancake\/","title":{"rendered":"Protein Pancake"},"content":{"rendered":"<p style=\"text-align: left;\" align=\"center\" class=\" translation-block\"><strong><span lang=\"en-US\">\u00a0Protein <\/span>Pancake<\/strong><\/p>\n<p><span lang=\"en-US\">Proteiinipannukakkujauhe on erityisesti suunniteltu proteiinijauhe, joka on tarkoitettu rikastamaan pannukakkutaikinaa ja tarjoamaan runsaasti proteiinia sis\u00e4lt\u00e4v\u00e4n vaihtoehdon perinteisille pannukakuille. T\u00e4m\u00e4 innovatiivinen sekoitus sis\u00e4lt\u00e4\u00e4 usein proteiinil\u00e4hteit\u00e4, kuten heraproteiinia ja kananmunaproteiinia, sek\u00e4 muita ainesosia, jotka antavat perinteisi\u00e4 pannukakkuja muistuttavan rakenteen ja maun.<\/span><\/p>\n<p><span lang=\"en-US\">Proteiinipannukakun edut:<\/span><\/p>\n<ul>\n<li><strong><span lang=\"en-US\">Lis\u00e4\u00e4ntynyt proteiinin saanti:<\/span><\/strong><span lang=\"en-US\"> Proteiinipannukakut ovat k\u00e4tev\u00e4 ratkaisu p\u00e4ivitt\u00e4isen proteiininsaannin lis\u00e4\u00e4miseen erityisesti niille, joiden on haastavaa tyydytt\u00e4\u00e4 proteiinin tarpeensa pelk\u00e4ll\u00e4 ruoalla.<\/span><\/li>\n<li><strong><span lang=\"en-US\">Lihasten kasvu ja korjaus:<\/span><\/strong><span lang=\"en-US\"> Korkean proteiinipitoisuuden ansiosta proteiinipannukakut voivat tehokkaasti tukea lihasten kasvua ja korjausta. T\u00e4m\u00e4 hy\u00f6ty on erityisen merkitt\u00e4v\u00e4 urheilijoille ja aktiivista el\u00e4m\u00e4ntapaa noudattaville henkil\u00f6ille.<\/span><\/li>\n<li><strong><span lang=\"en-US\">Kest\u00e4v\u00e4 energia:<\/span><\/strong><span lang=\"en-US\"> Proteiinipannukakkujen proteiinien ja hiilihydraattien sekoitus tarjoaa pysyv\u00e4n energianl\u00e4hteen, joka auttaa yll\u00e4pit\u00e4m\u00e4\u00e4n tasaisen energiatason pitk\u00e4ll\u00e4 aikav\u00e4lill\u00e4.<\/span><\/li>\n<li><strong><span lang=\"en-US\">Painonhallinta<\/span><\/strong><span lang=\"en-US\"><strong>:<\/strong> Proteiinipannukakut ovat suotuisa valinta niille, jotka haluavat hallita painoaan, sill\u00e4 ne edist\u00e4v\u00e4t kyll\u00e4isyyden ja kyll\u00e4isyyden tunnetta. T\u00e4m\u00e4 voi olla erityisen hy\u00f6dyllist\u00e4 kokonaiskalorim\u00e4\u00e4r\u00e4n hallinnassa ja tasapainoisen ruokavalion edist\u00e4misess\u00e4.<\/span><\/li>\n<\/ul>\n<p>&nbsp;<\/p>\n<p><strong><span lang=\"en-US\">Suositeltu k\u00e4ytt\u00f6<\/span><\/strong><\/p>\n<p><span lang=\"en-US\">1-2 annosta p\u00e4iv\u00e4n aikana.<\/span><\/p>\n<p><strong>Ilmoitus:<\/strong><\/p>\n<ul>\n<li>S\u00e4ilyt\u00e4 tuote viile\u00e4ss\u00e4, kuivassa paikassa hyvin suljetussa pakkauksessa.<\/li>\n<li>Laktoositon ja Gluteeniton.<\/li>\n<\/ul>","protected":false},"excerpt":{"rendered":"<details>\n<summary>Ravitsemukselliset tiedot<\/summary>\n<table style=\"text-align: center;\">\n<tbody>\n<tr>\n<th>Ravitsemukselliset tiedot<\/th>\n<th>per 40g jauhetta<\/th>\n<\/tr>\n<tr>\n<td>Energia<\/td>\n<td>159kcal(666kj)<\/td>\n<\/tr>\n<tr>\n<td>Rasvat<\/td>\n<td>3,9g<\/td>\n<\/tr>\n<tr>\n<td>joista tyydyttyneit\u00e4<\/td>\n<td>1g<\/td>\n<\/tr>\n<tr>\n<td>Hiilihydraatit<\/td>\n<td>13,2g<\/td>\n<\/tr>\n<tr>\n<td>joista sokereita<\/td>\n<td>2,3g<\/td>\n<\/tr>\n<tr>\n<td>Protein<\/td>\n<td>16,4g<\/td>\n<\/tr>\n<tr>\n<td>Kuitu<\/td>\n<td>2,84g<\/td>\n<\/tr>\n<tr>\n<td>Suola<\/td>\n<td>0,36g<\/td>\n<\/tr>\n<\/tbody>\n<\/table>\n<\/details>\n<p>&nbsp;<\/p>\n<details>\n<summary>Ainesosat<\/summary>\n<table style=\"text-align: center;\">\n<tbody>\n<tr>\n<td colspan=\"3\"><strong>Ainesosat: <\/strong>heraproteiini laktoositon (maito), gluteeniton vehn\u00e4t\u00e4rkkelys, pellavansiemenjauho, kananmunan valkuainen, t\u00e4ysmunajauhe, psylliumsiemenjauho, leivinjauhe, dinatriumpyrofosfaatti (E450a), maissit\u00e4rkkelys, natriumbikarbonaatti (E500), suola, emulgointiaine (E471), sakeuttamisaine (E412).<\/td>\n<\/tr>\n<\/tbody>\n<\/table>\n<\/details>\n<p>&nbsp;<\/p>","protected":false},"featured_media":11231,"template":"","meta":[],"product_cat":[313,210],"product_tag":[316,223],"class_list":{"0":"post-883","1":"product","2":"type-product","3":"status-publish","4":"has-post-thumbnail","6":"product_cat-protein-snacks-and-fit-food","7":"product_cat-snacks-meal-solutions","8":"product_tag-protein-snacks-fit-food","9":"product_tag-snacks-meal-solutions","11":"first","12":"instock","13":"taxable","14":"shipping-taxable","15":"purchasable","16":"product-type-simple"},"aioseo_notices":[],"_links":{"self":[{"href":"https:\/\/www.selfprotein.com\/fi\/wp-json\/wp\/v2\/product\/883"}],"collection":[{"href":"https:\/\/www.selfprotein.com\/fi\/wp-json\/wp\/v2\/product"}],"about":[{"href":"https:\/\/www.selfprotein.com\/fi\/wp-json\/wp\/v2\/types\/product"}],"wp:featuredmedia":[{"embeddable":true,"href":"https:\/\/www.selfprotein.com\/fi\/wp-json\/wp\/v2\/media\/11231"}],"wp:attachment":[{"href":"https:\/\/www.selfprotein.com\/fi\/wp-json\/wp\/v2\/media?parent=883"}],"wp:term":[{"taxonomy":"product_cat","embeddable":true,"href":"https:\/\/www.selfprotein.com\/fi\/wp-json\/wp\/v2\/product_cat?post=883"},{"taxonomy":"product_tag","embeddable":true,"href":"https:\/\/www.selfprotein.com\/fi\/wp-json\/wp\/v2\/product_tag?post=883"}],"curies":[{"name":"wp","href":"https:\/\/api.w.org\/{rel}","templated":true}]}}