{"id":889,"date":"2024-10-26T11:18:44","date_gmt":"2024-10-26T09:18:44","guid":{"rendered":"https:\/\/34.88.231.180\/?post_type=product&#038;p=889"},"modified":"2026-04-01T00:00:37","modified_gmt":"2026-03-31T22:00:37","slug":"proti-snack-protein-bar","status":"publish","type":"product","link":"https:\/\/www.selfprotein.com\/fi\/tuote\/proti-snack-protein-bar\/","title":{"rendered":"Proti Snack Protein Bar"},"content":{"rendered":"<p style=\"text-align: left;\" align=\"center\"><strong><span lang=\"en-US\">Proti Snack Protein Bar<\/span><\/strong><\/p>\n<p><span lang=\"en-US\">Proti Snack on proteiinipatukka, joka on suunniteltu tarjoamaan merkitt\u00e4v\u00e4n annoksen proteiinia ja joka on suunniteltu t\u00e4ydent\u00e4m\u00e4\u00e4n p\u00e4ivitt\u00e4ist\u00e4 proteiinin saantia tai tarjoamaan ravitsevan proteiininl\u00e4hteen ennen tai j\u00e4lkeen liikunnan. T\u00e4st\u00e4 v\u00e4lipalasta on tullut suosittu valinta urheilijoiden, kuntoilijoiden ja niiden keskuudessa, jotka haluavat lis\u00e4t\u00e4 proteiinin saantia ruokavaliossaan.<\/span><\/p>\n<p><span lang=\"en-US\">Proti Snack -proteiinipatukan edut:<\/span><\/p>\n<ul>\n<li><strong><span lang=\"en-US\">Korkea proteiinipitoisuus:<\/span><\/strong><span lang=\"en-US\"> Proti Snack -patukat sis\u00e4lt\u00e4v\u00e4t huomattavan m\u00e4\u00e4r\u00e4n korkealaatuista proteiinia, joka on v\u00e4ltt\u00e4m\u00e4t\u00f6nt\u00e4 lihasten palautumisen, kasvun ja yleisen terveyden kannalta.<\/span><\/li>\n<li><strong><span lang=\"en-US\">Liikunnan tukeminen:<\/span><\/strong><span lang=\"en-US\"> Proteiinipitoisuutensa ansiosta Proti Snack -patukat ovat erinomainen valinta ennen tai j\u00e4lkeen fyysisen aktiivisuuden, sill\u00e4 ne tukevat lihasten palautumista ja v\u00e4hent\u00e4v\u00e4t v\u00e4symyst\u00e4.<\/span><\/li>\n<li><strong><span lang=\"en-US\">K\u00e4tevyys<\/span><\/strong><span lang=\"en-US\"><strong>:<\/strong> Proti Snack on k\u00e4tev\u00e4 ja kannettava v\u00e4lipala, joka sopii t\u00e4ydellisesti niille, jotka tarvitsevat nopean proteiininl\u00e4hteen p\u00e4iv\u00e4n aikana.<\/span><\/li>\n<li><strong><span lang=\"en-US\">Eri vaihtoehtoja:<\/span><\/strong><span lang=\"en-US\"> Proti Snack -patukoiden laaja makuvalikoima tarjoaa yksil\u00f6llisen valinnan yksil\u00f6lliseen makuun, mik\u00e4 helpottaa proteiinin sis\u00e4llytt\u00e4mist\u00e4 p\u00e4ivitt\u00e4iseen ruokavalioon nautinnolla.<\/span><\/li>\n<\/ul>\n<p>&nbsp;<\/p>\n<p><strong><span lang=\"en-US\">Suositeltu k\u00e4ytt\u00f6<\/span><\/strong><\/p>\n<p><span lang=\"en-US\">1-2 patukkaa p\u00e4iv\u00e4ss\u00e4 tarpeen mukaan.<\/span><\/p>\n<p><strong>Ilmoitus:<\/strong><\/p>\n<ul>\n<li>Tuotettu laitoksessa, jossa k\u00e4ytet\u00e4\u00e4n kananmunia, maap\u00e4hkin\u00f6it\u00e4 ja muita p\u00e4hkin\u00f6it\u00e4.<\/li>\n<\/ul>\n<p>&nbsp;<\/p>","protected":false},"excerpt":{"rendered":"<p>Proti Snack Proteiinipatukka Proti Snack on proteiinipatukka, joka on suunniteltu tarjoamaan merkitt\u00e4v\u00e4n annoksen proteiinia ja joka on suunniteltu t\u00e4ydent\u00e4m\u00e4\u00e4n p\u00e4ivitt\u00e4ist\u00e4 proteiinin saantia tai tarjoamaan ravitsevan proteiininl\u00e4hteen ennen tai j\u00e4lkeen liikunnan. T\u00e4st\u00e4 v\u00e4lipalasta on tullut suosittu valinta urheilijoiden, kuntoilijoiden ja niiden keskuudessa, jotka haluavat lis\u00e4t\u00e4 proteiinin saantia [...].<\/p>","protected":false},"featured_media":891,"template":"","meta":[],"product_cat":[313,210],"product_tag":[316,223],"class_list":{"0":"post-889","1":"product","2":"type-product","3":"status-publish","4":"has-post-thumbnail","6":"product_cat-protein-snacks-and-fit-food","7":"product_cat-snacks-meal-solutions","8":"product_tag-protein-snacks-fit-food","9":"product_tag-snacks-meal-solutions","11":"first","12":"instock","13":"taxable","14":"shipping-taxable","15":"purchasable","16":"product-type-variable"},"aioseo_notices":[],"_links":{"self":[{"href":"https:\/\/www.selfprotein.com\/fi\/wp-json\/wp\/v2\/product\/889"}],"collection":[{"href":"https:\/\/www.selfprotein.com\/fi\/wp-json\/wp\/v2\/product"}],"about":[{"href":"https:\/\/www.selfprotein.com\/fi\/wp-json\/wp\/v2\/types\/product"}],"wp:featuredmedia":[{"embeddable":true,"href":"https:\/\/www.selfprotein.com\/fi\/wp-json\/wp\/v2\/media\/891"}],"wp:attachment":[{"href":"https:\/\/www.selfprotein.com\/fi\/wp-json\/wp\/v2\/media?parent=889"}],"wp:term":[{"taxonomy":"product_cat","embeddable":true,"href":"https:\/\/www.selfprotein.com\/fi\/wp-json\/wp\/v2\/product_cat?post=889"},{"taxonomy":"product_tag","embeddable":true,"href":"https:\/\/www.selfprotein.com\/fi\/wp-json\/wp\/v2\/product_tag?post=889"}],"curies":[{"name":"wp","href":"https:\/\/api.w.org\/{rel}","templated":true}]}}