{"id":913,"date":"2024-01-24T16:00:04","date_gmt":"2024-01-24T15:00:04","guid":{"rendered":"https:\/\/34.88.231.180\/?post_type=product&#038;p=913"},"modified":"2026-05-01T00:24:04","modified_gmt":"2026-04-30T22:24:04","slug":"pure-vitargo","status":"publish","type":"product","link":"https:\/\/www.selfprotein.com\/fi\/tuote\/pure-vitargo\/","title":{"rendered":"Pure Vitargo"},"content":{"rendered":"<p style=\"text-align: left;\" align=\"center\"><strong><span lang=\"en-US\">Pure Vitargo<\/span><\/strong><\/p>\n<p><span lang=\"en-US\">Vitargo on urheiluravintolis\u00e4, joka on valmistettu tietyntyyppisest\u00e4 korkean molekyylipainon hiilihydraatista, joka on suunniteltu antamaan nopeaa ja kest\u00e4v\u00e4\u00e4 energiaa urheilijoille ja aktiivisille henkil\u00f6ille fyysisen aktiivisuuden aikana. Vitargo tunnetaan nopeasta imeytyvyydest\u00e4\u00e4n ja kyvyst\u00e4\u00e4n parantaa suorituskyky\u00e4, ja siit\u00e4 on tullut suosittu niiden keskuudessa, jotka etsiv\u00e4t optimaalista energiatukea urheilu- ja kuntoilutoiminnoilleen.<\/span><\/p>\n<p><span lang=\"en-US\">Vitargon edut:<\/span><\/p>\n<ul>\n<li><strong><span lang=\"en-US\">Antaa nopeaa ja kest\u00e4v\u00e4\u00e4 energiaa:<\/span><\/strong><span lang=\"en-US\"> Korkeamolekyylipainoista t\u00e4rkkelyst\u00e4 sis\u00e4lt\u00e4v\u00e4n koostumuksensa ansiosta Vitargo tarjoaa nopean ja kest\u00e4v\u00e4n energianl\u00e4hteen, joka on ihanteellinen energiantarpeen tukemiseen intensiivisen harjoittelun ja kilpailujen aikana.<\/span><\/li>\n<li><strong><span lang=\"en-US\">Nopea ja tehokas imeytyminen:<\/span><\/strong><span lang=\"en-US\"> Vitargo imeytyy tunnetusti nopeammin ja tehokkaammin kuin muut hiilihydraatit, mink\u00e4 ansiosta urheilijat voivat nopeasti t\u00e4ydent\u00e4\u00e4 energiaa aiheuttamatta ruoansulatuskanavan ep\u00e4mukavuutta harjoituksen aikana.<\/span><\/li>\n<li><strong><span lang=\"en-US\">Parantaa urheilullista suorituskyky\u00e4:<\/span><\/strong><span lang=\"en-US\"> Vitargo-valmisteen k\u00e4ytt\u00f6 voi parantaa urheilusuoritusta tarjoamalla nopean energianl\u00e4hteen, jonka avulla urheilijat pystyv\u00e4t yll\u00e4pit\u00e4m\u00e4\u00e4n intensiivisi\u00e4 ja pitk\u00e4kestoisia ponnisteluja lis\u00e4\u00e4ntyneell\u00e4 tarmokkuudella ja kest\u00e4vyydell\u00e4.<\/span><\/li>\n<li><strong><span lang=\"en-US\">V\u00e4hent\u00e4\u00e4 toipumisaikoja:<\/span><\/strong><span lang=\"en-US\"> Tutkimukset ovat osoittaneet, ett\u00e4 Vitargon k\u00e4ytt\u00f6 voi auttaa lyhent\u00e4m\u00e4\u00e4n palautumisaikaa harjoituksen j\u00e4lkeen, jolloin lihakset voivat palautua nopeammin ja valmistella niit\u00e4 seuraaviin harjoituksiin.<\/span><\/li>\n<li><strong><span lang=\"en-US\">Minimoi lihasvauriot:<\/span><\/strong><span lang=\"en-US\"> Vitargo-valmisteen lis\u00e4\u00e4minen voi my\u00f6s auttaa v\u00e4hent\u00e4m\u00e4\u00e4n voimakkaan harjoittelun aiheuttamia lihasvaurioita ja edist\u00e4\u00e4 lihasten parempaa korjautumista ja uudistumista harjoittelun j\u00e4lkeisen\u00e4 aikana.<\/span><\/li>\n<\/ul>\n<p><\/p>\n<p><strong><span lang=\"en-US\">Suositeltu k\u00e4ytt\u00f6<\/span><\/strong><\/p>\n<p><span lang=\"en-US\">Nauti yksi annos heti liikunnan j\u00e4lkeen.<\/span>\n<\/p>\n<p><\/p>\n<p><strong>Ilmoitus:<\/strong><\/p>\n<ul>\n<li>S\u00e4ilyt\u00e4 tuote viile\u00e4ss\u00e4, kuivassa paikassa hyvin suljetussa pakkauksessa.<\/li>\n<li>Saattaa sis\u00e4lt\u00e4\u00e4 pieni\u00e4 m\u00e4\u00e4ri\u00e4 kauraa, kananmunaa, soijaa ja maitoa.<\/li>\n<li>Laktoositon ja Gluteeniton.<\/li>\n<\/ul>","protected":false},"excerpt":{"rendered":"<details>\n<summary>Ravitsemukselliset tiedot<\/summary>\n<table style=\"text-align: center;\">\n<tbody>\n<tr>\n<th>Ravitsemukselliset tiedot<\/th>\n<th>per 100g<\/th>\n<th>per 75g<\/th>\n<\/tr>\n<tr>\n<td>Energia<\/td>\n<td>371kcal\/(1581kj)<\/td>\n<td>278kcal\/(1186kj)<\/td>\n<\/tr>\n<tr>\n<td>Rasvat<\/td>\n<td>0g<\/td>\n<td>0g<\/td>\n<\/tr>\n<tr>\n<td>joista tyydyttyneit\u00e4<\/td>\n<td>0g<\/td>\n<td>0g<\/td>\n<\/tr>\n<tr>\n<td>Hiilihydraatit<\/td>\n<td>93g<\/td>\n<td>69,75g<\/td>\n<\/tr>\n<tr>\n<td>joista sokereita<\/td>\n<td>0g<\/td>\n<td>0g<\/td>\n<\/tr>\n<tr>\n<td>Protein<\/td>\n<td>0g<\/td>\n<td>0g<\/td>\n<\/tr>\n<tr>\n<td>Ravintokuidut<\/td>\n<td>0g<\/td>\n<td>0g<\/td>\n<\/tr>\n<tr>\n<td>Suola<\/td>\n<td>0,1g<\/td>\n<td>0,075g<\/td>\n<\/tr>\n<\/tbody>\n<\/table>\n<\/details>\n<p><\/p>\n<details>\n<summary>Ainesosat<\/summary>\n<table style=\"text-align: center;\">\n<tbody>\n<tr>\n<td><strong>Ainesosat: <\/strong>100% vitargo\u00ae (mais)<\/td>\n<\/tr>\n<\/tbody>\n<\/table>\n<\/details>\n<p><\/p>","protected":false},"featured_media":914,"template":"","meta":[],"product_cat":[310,217],"product_tag":[315,230],"class_list":{"0":"post-913","1":"product","2":"type-product","3":"status-publish","4":"has-post-thumbnail","6":"product_cat-performance-and-endurance","7":"product_cat-pre-workout-energy","8":"product_tag-performance-and-endurance","9":"product_tag-pre-workout-energy","11":"first","12":"instock","13":"taxable","14":"shipping-taxable","15":"purchasable","16":"product-type-simple"},"aioseo_notices":[],"_links":{"self":[{"href":"https:\/\/www.selfprotein.com\/fi\/wp-json\/wp\/v2\/product\/913"}],"collection":[{"href":"https:\/\/www.selfprotein.com\/fi\/wp-json\/wp\/v2\/product"}],"about":[{"href":"https:\/\/www.selfprotein.com\/fi\/wp-json\/wp\/v2\/types\/product"}],"wp:featuredmedia":[{"embeddable":true,"href":"https:\/\/www.selfprotein.com\/fi\/wp-json\/wp\/v2\/media\/914"}],"wp:attachment":[{"href":"https:\/\/www.selfprotein.com\/fi\/wp-json\/wp\/v2\/media?parent=913"}],"wp:term":[{"taxonomy":"product_cat","embeddable":true,"href":"https:\/\/www.selfprotein.com\/fi\/wp-json\/wp\/v2\/product_cat?post=913"},{"taxonomy":"product_tag","embeddable":true,"href":"https:\/\/www.selfprotein.com\/fi\/wp-json\/wp\/v2\/product_tag?post=913"}],"curies":[{"name":"wp","href":"https:\/\/api.w.org\/{rel}","templated":true}]}}