{"id":916,"date":"2023-11-27T13:52:32","date_gmt":"2023-11-27T12:52:32","guid":{"rendered":"https:\/\/34.88.231.180\/product\/real-creatine\/"},"modified":"2026-05-04T09:19:07","modified_gmt":"2026-05-04T07:19:07","slug":"creatine","status":"publish","type":"product","link":"https:\/\/www.selfprotein.com\/fi\/tuote\/creatine\/","title":{"rendered":"Creatine"},"content":{"rendered":"<p style=\"text-align: left;\" align=\"center\"><strong><span lang=\"en-US\">Creatine<\/span><\/strong><\/p>\n<p><span lang=\"en-US\">Tutustu kreatiinin voimaan, joka on luonnollinen yhdiste, jota on pieni\u00e4 m\u00e4\u00e4ri\u00e4 elintarvikkeissa, kuten lihassa ja kalassa, ja jota on saatavilla ravintolis\u00e4n\u00e4. Kreatiini, joka varastoituu lihaksiin fosfokreatiinina, on elint\u00e4rke\u00e4 energianl\u00e4hde korkean intensiteetin ja lyhyen keston aikana, kuten painonnostossa ja sprintiss\u00e4. Ei ole yll\u00e4tys, ett\u00e4 siit\u00e4 on tullut suosittu lis\u00e4ravinne urheilijoiden keskuudessa, jotka haluavat maksimoida voimansa ja fyysisen suorituskykyns\u00e4.<\/span><\/p>\n<p><span lang=\"en-US\">Lukuisilla eduillaan kreatiini on ansainnut ansaitun maineen yhten\u00e4 tehokkaimmista lis\u00e4ravinteista voiman, suorituskyvyn ja kehon koostumuksen parantamisessa, mik\u00e4 tarjoaa urheilijoille merkitt\u00e4v\u00e4\u00e4 etua fyysisten ja urheilullisten tavoitteiden saavuttamisessa.<\/span><\/p>\n<p><span lang=\"en-US\">Kreatiinin hy\u00f6dyt:<\/span><\/p>\n<ul>\n<li><strong><span lang=\"en-US\">Lis\u00e4\u00e4ntynyt lihasvoima:<\/span><\/strong><span lang=\"en-US\"> Kreatiinin sis\u00e4llytt\u00e4minen ruokavalioosi voi lis\u00e4t\u00e4 lihasvoimaa, jolloin voit nostaa raskaampia painoja ja suorittaa korkean intensiteetin harjoituksia helpommin.<\/span><\/li>\n<li><strong><span lang=\"en-US\">Urheilusuorituksen parantaminen:<\/span><\/strong><span lang=\"en-US\"> Kreatiinia k\u00e4ytt\u00e4v\u00e4t urheilijat kokevat usein merkitt\u00e4vi\u00e4 parannuksia suorituskyvyss\u00e4, erityisesti anaerobisissa toiminnoissa, kuten painonnostossa ja sprintiss\u00e4.<\/span><\/li>\n<li><strong><span lang=\"en-US\">Nopeutettu toipuminen:<\/span><\/strong><span lang=\"en-US\"> Kreatiini voi nopeuttaa lihasten palautumisprosessia v\u00e4hent\u00e4m\u00e4ll\u00e4 lihasten arkuutta ja v\u00e4symyst\u00e4 harjoituksen j\u00e4lkeen, jolloin voit palata nopeammin intensiiviseen harjoitteluun.<\/span><\/li>\n<li><strong><span lang=\"en-US\">Lihasmassan lis\u00e4\u00e4ntyminen:<\/span><\/strong><span lang=\"en-US\"> Sis\u00e4llytt\u00e4m\u00e4ll\u00e4 kreatiinia harjoittelurutiineihisi voit stimuloida lihasten kasvua ja saavuttaa n\u00e4kyv\u00e4mpi\u00e4 ja merkitt\u00e4v\u00e4mpi\u00e4 tuloksia v\u00e4h\u00e4rasvaisen lihasmassan lis\u00e4\u00e4ntymisess\u00e4.<\/span><\/li>\n<li><strong><span lang=\"en-US\">Helppo k\u00e4ytt\u00e4\u00e4:<\/span><\/strong><span lang=\"en-US\"> Kreatiini on helppo sis\u00e4llytt\u00e4\u00e4 ruokavalioon joko luonnollisista elintarvikkeista tai eri muodoissa saatavilla olevista lis\u00e4ravinteista, mik\u00e4 tekee siit\u00e4 k\u00e4tev\u00e4n valinnan kaikentasoisille urheilijoille.<\/span><\/li>\n<\/ul>\n<p>&nbsp;<\/p>\n<p><strong><span lang=\"en-US\">Suositeltu k\u00e4ytt\u00f6<\/span><\/strong><\/p>\n<p><span lang=\"en-US\">1 annos 30-45 minuuttia ennen harjoitusta tai p\u00e4iv\u00e4n aikana.<\/span><\/p>\n<p><b>Ilmoitus:<\/b><\/p>\n<ul>\n<li>Vain aikuisille, eik\u00e4 se korvaa monipuolista, tasapainoista ruokavaliota ja terveellisi\u00e4 el\u00e4m\u00e4ntapoja.<\/li>\n<li>\u00c4l\u00e4 ylit\u00e4 suositeltua annosta.<\/li>\n<li>\u00c4l\u00e4 k\u00e4yt\u00e4 sit\u00e4 imetyksen tai raskauden aikana neuvottelematta l\u00e4\u00e4k\u00e4rin kanssa.<\/li>\n<li>S\u00e4ilyt\u00e4 tuote viile\u00e4ss\u00e4, kuivassa paikassa hyvin suljetussa pakkauksessa alle 3-vuotiaiden lasten ulottumattomissa.<\/li>\n<li>Saattaa sis\u00e4lt\u00e4\u00e4 pieni\u00e4 m\u00e4\u00e4ri\u00e4 maitoa, kauraa, kananmunaa, soijaa.<\/li>\n<li>Laktoositon ja Gluteeniton.<\/li>\n<\/ul>","protected":false},"excerpt":{"rendered":"<p>Kreatiini L\u00f6yd\u00e4 kreatiinin voima, luonnollisen yhdisteen, jota on pieni\u00e4 m\u00e4\u00e4ri\u00e4 elintarvikkeissa, kuten lihassa ja kalassa, ja jota on saatavilla ravintolis\u00e4n\u00e4. Kreatiini, joka varastoituu lihaksiin fosfokreatiinina, on elint\u00e4rke\u00e4 energianl\u00e4hde korkean intensiteetin ja lyhyen keston toiminnoissa, kuten painonnostossa ja sprintiss\u00e4. Ei ole yll\u00e4tys, ett\u00e4 siit\u00e4 on tullut suosittu [...]<\/p>","protected":false},"featured_media":5631,"template":"","meta":[],"product_cat":[151,308],"product_tag":[161,318],"class_list":{"0":"post-916","1":"product","2":"type-product","3":"status-publish","4":"has-post-thumbnail","6":"product_cat-amino-acids-creatine","7":"product_cat-strength-and-muscle-mass","8":"product_tag-amino-acids-creatine","9":"product_tag-strength-and-muscle-mass","11":"first","12":"instock","13":"sale","14":"taxable","15":"shipping-taxable","16":"purchasable","17":"product-type-variable"},"aioseo_notices":[],"_links":{"self":[{"href":"https:\/\/www.selfprotein.com\/fi\/wp-json\/wp\/v2\/product\/916"}],"collection":[{"href":"https:\/\/www.selfprotein.com\/fi\/wp-json\/wp\/v2\/product"}],"about":[{"href":"https:\/\/www.selfprotein.com\/fi\/wp-json\/wp\/v2\/types\/product"}],"wp:featuredmedia":[{"embeddable":true,"href":"https:\/\/www.selfprotein.com\/fi\/wp-json\/wp\/v2\/media\/5631"}],"wp:attachment":[{"href":"https:\/\/www.selfprotein.com\/fi\/wp-json\/wp\/v2\/media?parent=916"}],"wp:term":[{"taxonomy":"product_cat","embeddable":true,"href":"https:\/\/www.selfprotein.com\/fi\/wp-json\/wp\/v2\/product_cat?post=916"},{"taxonomy":"product_tag","embeddable":true,"href":"https:\/\/www.selfprotein.com\/fi\/wp-json\/wp\/v2\/product_tag?post=916"}],"curies":[{"name":"wp","href":"https:\/\/api.w.org\/{rel}","templated":true}]}}