{"id":923,"date":"2023-11-27T13:52:49","date_gmt":"2023-11-27T12:52:49","guid":{"rendered":"https:\/\/34.88.231.180\/product\/ripped-burn\/"},"modified":"2026-05-01T00:24:04","modified_gmt":"2026-04-30T22:24:04","slug":"ripped-burn","status":"publish","type":"product","link":"https:\/\/www.selfprotein.com\/fi\/tuote\/ripped-burn\/","title":{"rendered":"Ripped Burn"},"content":{"rendered":"<p style=\"text-align: left\" align=\"center\"><strong><span lang=\"en-US\">Ripped Burn<\/span><\/strong><\/p>\n<p><span lang=\"en-US\">Ripped Burn on lis\u00e4ravinne, joka on suunniteltu edist\u00e4m\u00e4\u00e4n laihtumista ja laihduttamista useiden aineenvaihduntaan ja ruokahaluun kohdistuvien kohdennettujen toimien avulla. Ripped Burn on kehitetty lis\u00e4\u00e4m\u00e4\u00e4n rasvan aineenvaihduntaa, v\u00e4hent\u00e4m\u00e4\u00e4n rasvojen ja hiilihydraattien imeytymist\u00e4, edist\u00e4m\u00e4\u00e4n ylim\u00e4\u00e4r\u00e4isen nesteen poistumista ja v\u00e4hent\u00e4m\u00e4\u00e4n ruokahalua, ja se esitet\u00e4\u00e4n kattavana ratkaisuna niille, jotka haluavat saavuttaa laihtumistavoitteensa tehokkaasti.<\/span><\/p>\n<p><span lang=\"en-US\">Ripped Burnin edut:<\/span><\/p>\n<ul>\n<li><strong><span lang=\"en-US\">Lis\u00e4\u00e4ntynyt rasva-aineenvaihdunta:<\/span><\/strong><span lang=\"en-US\"> Ripped Burn on suunniteltu lis\u00e4\u00e4m\u00e4\u00e4n rasvan aineenvaihduntaa, mik\u00e4 auttaa kehoa polttamaan enemm\u00e4n kaloreita ja k\u00e4ytt\u00e4m\u00e4\u00e4n rasvavarastoja energianl\u00e4hteen\u00e4.<\/span><\/li>\n<li><strong><span lang=\"en-US\">Rasvan ja hiilihydraattien imeytymisen v\u00e4heneminen:<\/span><\/strong><span lang=\"en-US\"> T\u00e4m\u00e4 lis\u00e4osa auttaa v\u00e4hent\u00e4m\u00e4\u00e4n rasvojen ja hiilihydraattien imeytymist\u00e4 ruoansulatuksen aikana, mik\u00e4 rajoittaa kehon rasvan kertymist\u00e4.<\/span><\/li>\n<li><strong><span lang=\"en-US\">Ylim\u00e4\u00e4r\u00e4isten nesteiden poistaminen:<\/span><\/strong><span lang=\"en-US\"> Ripped Burn edist\u00e4\u00e4 ylim\u00e4\u00e4r\u00e4isten nesteiden poistumista, v\u00e4hent\u00e4\u00e4 turvotusta ja parantaa lihasten m\u00e4\u00e4rittely\u00e4.<\/span><\/li>\n<li><strong><span lang=\"en-US\">Lis\u00e4\u00e4ntynyt kalorikulutus:<\/span><\/strong><span lang=\"en-US\"> Koostumuksensa ansiosta Ripped Burn lis\u00e4\u00e4 kalorinkulutusta, mik\u00e4 edist\u00e4\u00e4 painonpudotusta ja lis\u00e4\u00e4 energiaa.<\/span><\/li>\n<li><strong><span lang=\"en-US\">Ruokahalun v\u00e4hent\u00e4minen:<\/span><\/strong><span lang=\"en-US\"> T\u00e4m\u00e4 lis\u00e4osa auttaa v\u00e4hent\u00e4m\u00e4\u00e4n ruokahalua, mik\u00e4 helpottaa annosten hallintaa ja tasapainoisen ruokavalion yll\u00e4pit\u00e4mist\u00e4.<\/span><\/li>\n<li><strong><span lang=\"en-US\">Gluteeniton ja laktoositon:<\/span><\/strong><span lang=\"en-US\"> Ripped Burn ei sis\u00e4ll\u00e4 gluteenia eik\u00e4 laktoosia, joten se sopii niille, jotka noudattavat ruokavaliota ilman n\u00e4it\u00e4 ainesosia.<\/span><\/li>\n<\/ul>\n<p>&nbsp;<\/p>\n<p><strong><span lang=\"en-US\">Suositeltu k\u00e4ytt\u00f6<\/span><\/strong><\/p>\n<p><span lang=\"en-US\">Korkea kofeiinipitoisuus, 200 mg annosta kohti.<\/span><\/p>\n<p><span lang=\"en-US\">1 annos ennen aamiaista ja 1 ennen lounasta.<\/span><\/p>\n<p><b>Ilmoitus:<\/b><\/p>\n<ul>\n<li>Vain aikuisille, eik\u00e4 se korvaa monipuolista, tasapainoista ruokavaliota ja terveellisi\u00e4 el\u00e4m\u00e4ntapoja.<\/li>\n<li>\u00c4l\u00e4 ylit\u00e4 suositeltua annosta.<\/li>\n<li>\u00c4l\u00e4 k\u00e4yt\u00e4 sit\u00e4 imetyksen tai raskauden aikana neuvottelematta l\u00e4\u00e4k\u00e4rin kanssa.<\/li>\n<li>S\u00e4ilyt\u00e4 tuote viile\u00e4ss\u00e4, kuivassa paikassa hyvin suljetussa pakkauksessa alle 3-vuotiaiden lasten ulottumattomissa.<\/li>\n<li>Saattaa sis\u00e4lt\u00e4\u00e4 pieni\u00e4 m\u00e4\u00e4ri\u00e4 maitoa, kauraa, kananmunaa ja soijaa.<\/li>\n<li>Laktoositon ja Gluteeniton.<\/li>\n<\/ul>","protected":false},"excerpt":{"rendered":"<details>\n<summary>Ainesosat<\/summary>\n<table style=\"text-align: center\">\n<tbody>\n<tr>\n<th>Ainesosat<\/th>\n<th>annosta kohti 2 cps<\/th>\n<th>%NRV<\/th>\n<\/tr>\n<tr>\n<td>Yerba Mate e.s. (Ilex Paraguanensis, folium)<\/td>\n<td>300mg<\/td>\n<td><\/td>\n<\/tr>\n<tr>\n<td>Inositoli<\/td>\n<td>200mg<\/td>\n<td><\/td>\n<\/tr>\n<tr>\n<td>Koliini (bitartraatti)<\/td>\n<td>200mg<\/td>\n<td><\/td>\n<\/tr>\n<tr>\n<td>Kofeiini (yhteens\u00e4)<\/td>\n<td>200mg<\/td>\n<td><\/td>\n<\/tr>\n<tr>\n<td>Coleus Forskohlii e.s (30% Forskolin) (Plectranthus Barbatus, radix)<\/td>\n<td>150mg<\/td>\n<td><\/td>\n<\/tr>\n<tr>\n<td>Garcinia Cambogia e.s (40% HCA) hedelm\u00e4t<\/td>\n<td>100mg<\/td>\n<td><\/td>\n<\/tr>\n<tr>\n<td>Musta tee (Camellia Sinensis, folium)<\/td>\n<td>100mg<\/td>\n<td><\/td>\n<\/tr>\n<tr>\n<td>Rhodiola Rosea e.s (2% Rosavin) (Rhodiola Rosea, radix)<\/td>\n<td>100mg<\/td>\n<td><\/td>\n<\/tr>\n<tr>\n<td>Vihre\u00e4 tee (Camellia Sinensis, lehtitee)<\/td>\n<td>80mg<\/td>\n<td><\/td>\n<\/tr>\n<tr>\n<td>Capsicum Annum Fructus e.s.<\/td>\n<td>50mg<\/td>\n<td><\/td>\n<\/tr>\n<tr>\n<td>Vihre\u00e4 kahvipapu (Coffea Arabica, siemen)<\/td>\n<td>25mg<\/td>\n<td><\/td>\n<\/tr>\n<tr>\n<td>Wakame e.s (30% Fukoksantiini) (Undaria Pinnatifida, talli)<\/td>\n<td>20mg<\/td>\n<td><\/td>\n<\/tr>\n<tr>\n<td>Piper Nigrum fructus e.s. (95% Piperin)<\/td>\n<td>4mg<\/td>\n<td><\/td>\n<\/tr>\n<tr>\n<td>B6-vitamiini (Pyridoxine Hcl)<\/td>\n<td>1,4mg<\/td>\n<td>(100%*)<\/td>\n<\/tr>\n<tr>\n<td>Foolihappo<\/td>\n<td>200\u03bcg<\/td>\n<td>(50%*)<\/td>\n<\/tr>\n<tr>\n<td colspan=\"3\"><strong>Muut ainesosat: <\/strong>stabilointiaineet (E953, E470b, E551), vegaaninen kapseli (E1204).<\/td>\n<\/tr>\n<tr>\n<td colspan=\"3\"><strong>*NRV: <\/strong>ravitsemuksellinen viitearvo<\/td>\n<\/tr>\n<\/tbody>\n<\/table>\n<\/details>\n<p>&nbsp;<\/p>","protected":false},"featured_media":15309,"template":"","meta":[],"product_cat":[155,309],"product_tag":[163,319],"class_list":{"0":"post-923","1":"product","2":"type-product","3":"status-publish","4":"has-post-thumbnail","6":"product_cat-weight-control-metabolism","7":"product_cat-weight-management-and-definition","8":"product_tag-weight-control-metabolism","9":"product_tag-weight-management-and-definition","11":"first","12":"instock","13":"taxable","14":"shipping-taxable","15":"purchasable","16":"product-type-simple"},"aioseo_notices":[],"_links":{"self":[{"href":"https:\/\/www.selfprotein.com\/fi\/wp-json\/wp\/v2\/product\/923"}],"collection":[{"href":"https:\/\/www.selfprotein.com\/fi\/wp-json\/wp\/v2\/product"}],"about":[{"href":"https:\/\/www.selfprotein.com\/fi\/wp-json\/wp\/v2\/types\/product"}],"wp:featuredmedia":[{"embeddable":true,"href":"https:\/\/www.selfprotein.com\/fi\/wp-json\/wp\/v2\/media\/15309"}],"wp:attachment":[{"href":"https:\/\/www.selfprotein.com\/fi\/wp-json\/wp\/v2\/media?parent=923"}],"wp:term":[{"taxonomy":"product_cat","embeddable":true,"href":"https:\/\/www.selfprotein.com\/fi\/wp-json\/wp\/v2\/product_cat?post=923"},{"taxonomy":"product_tag","embeddable":true,"href":"https:\/\/www.selfprotein.com\/fi\/wp-json\/wp\/v2\/product_tag?post=923"}],"curies":[{"name":"wp","href":"https:\/\/api.w.org\/{rel}","templated":true}]}}