{"id":926,"date":"2023-11-27T13:52:54","date_gmt":"2023-11-27T12:52:54","guid":{"rendered":"https:\/\/34.88.231.180\/product\/steel-shaker\/"},"modified":"2026-04-01T00:00:31","modified_gmt":"2026-03-31T22:00:31","slug":"plastic-shaker","status":"publish","type":"product","link":"https:\/\/www.selfprotein.com\/fi\/tuote\/plastic-shaker\/","title":{"rendered":"Plastic Shaker"},"content":{"rendered":"<p><strong>Plastic Shaker<\/strong><\/p>\n<p>600 ml:n muovinen Plastic Shaker yhdist\u00e4\u00e4 tyylin ja toimivuuden, tehden siit\u00e4 v\u00e4ltt\u00e4m\u00e4tt\u00f6m\u00e4n lis\u00e4varusteen niille, jotka haluavat pysy\u00e4 kunnossa ja valmistaa ravitsevia juomia nopeasti ja helposti. T\u00e4ydellinen urheilijoille, opiskelijoille ja paljon liikkuville ammattilaisille!<\/p>\n<p>T\u00e4ydellinen lis\u00e4varuste smoothieille ja lis\u00e4ravinteille<\/p>\n<p><strong>T\u00e4rkeimm\u00e4t ominaisuudet:<\/strong><\/p>\n<ul>\n<li>Tilavuus: 600 ml - ihanteellinen koko kaikille ennen ja j\u00e4lkeen harjoituksen juomille.<\/li>\n<li>Tyylik\u00e4s muotoilu: Saatavana hienostunut musta-valkoinen muotoilu, joka sopii mihin tahansa tilaisuuteen.<\/li>\n<li>Korkealaatuinen materiaali: Valmistettu kest\u00e4v\u00e4st\u00e4, BPA-vapaasta muovista turvallisuuden ja kest\u00e4vyyden varmistamiseksi.<\/li>\n<li>Vuodonkest\u00e4v\u00e4 ruuvikorkki, jossa on vipu: Ruuvikorkki, jossa on silikonitiiviste ja turvavipu lis\u00e4suojaa varten, est\u00e4\u00e4 vuodot ja roiskeet.<\/li>\n<li>Sekoituspallo: Sis\u00e4lt\u00e4\u00e4 sekoituspallon, joka takaa tasaiset, kokkareettomat juomat.<\/li>\n<li>Mitta-asteikko: Helppo ja tarkka mittaaminen ravistimen kyljess\u00e4 olevan painetun asteikon avulla.<\/li>\n<li>Helppo puhdistaa: Laajalla aukolla varustettu astianpesukone on helppo ja perusteellinen puhdistaa.<\/li>\n<li>Ergonominen muotoilu: T\u00e4ydellinen k\u00e4ytett\u00e4v\u00e4ksi kuntosalilla, t\u00f6iss\u00e4 tai liikkeell\u00e4.<\/li>\n<li>Kannettava ja kevyt: Pienikokoinen ja helppo ottaa mukaan kaikkialle.<\/li>\n<\/ul>\n<p>&nbsp;<\/p>\n<p><strong>Kuinka k\u00e4ytt\u00e4\u00e4:<\/strong><\/p>\n<ol>\n<li>Lis\u00e4\u00e4 ainesosat: Kaada vett\u00e4, maitoa, hedelm\u00e4mehua tai suosikkijuomasi haluttuun mittaviivaan asti.<\/li>\n<li>Lis\u00e4\u00e4 jauhe tai sekoitus: Lis\u00e4\u00e4 proteiinijauhetta, lis\u00e4ravinteita tai muita ainesosia.<\/li>\n<li>Sekoita: Kierr\u00e4 kansi kiinni turvavivulla ja ravista voimakkaasti noin 30 sekunnin ajan. Sekoituspallo auttaa poistamaan kokkareet.<\/li>\n<li>Nauti juomastasi: Avaa nokka ja nauti t\u00e4ydellisesti valmistetusta smoothiesta tai lis\u00e4ravinteesta.<\/li>\n<\/ol>\n<p>&nbsp;<\/p>\n<p><strong>Hoito-ohjeet:<\/strong><\/p>\n<ul>\n<li>Pese ennen ensimm\u00e4ist\u00e4 k\u00e4ytt\u00f6kertaa.<\/li>\n<li>Pese jokaisen k\u00e4yt\u00f6n j\u00e4lkeen l\u00e4mpim\u00e4ll\u00e4 saippuavedell\u00e4 tai laita astianpesukoneeseen.<\/li>\n<li>S\u00e4ilyt\u00e4 ravistin kuivana ja hyvin tuuletettuna.<\/li>\n<\/ul>\n<p>&nbsp;<\/p>\n<p><strong>Ilmoitus:<\/strong><\/p>\n<ul>\n<li>\u00c4l\u00e4 k\u00e4yt\u00e4 kuumien nesteiden kanssa.<\/li>\n<li>Ei sovellu mikroaaltouuniin eik\u00e4 pakastimeen.<\/li>\n<li>S\u00e4ilytett\u00e4v\u00e4 alle 3-vuotiaiden lasten ulottumattomissa.<\/li>\n<\/ul>","protected":false},"excerpt":{"rendered":"<p>Muovinen shaker 600 ml:n muovinen shaker yhdist\u00e4\u00e4 tyylin ja toiminnallisuuden, mik\u00e4 tekee siit\u00e4 v\u00e4ltt\u00e4m\u00e4tt\u00f6m\u00e4n lis\u00e4varusteen niille, jotka haluavat pysy\u00e4 kunnossa ja valmistaa ravitsevia juomia nopeasti ja helposti. T\u00e4ydellinen urheilijoille, opiskelijoille ja liikkeell\u00e4 oleville ammattilaisille! T\u00e4ydellinen lis\u00e4varuste smoothieita ja lis\u00e4ravinteita varten T\u00e4rkeimm\u00e4t ominaisuudet: Kapasiteetti: 600ml - ihanteellinen koko [...]<\/p>","protected":false},"featured_media":14008,"template":"","meta":[],"product_cat":[219],"product_tag":[114],"class_list":{"0":"post-926","1":"product","2":"type-product","3":"status-publish","4":"has-post-thumbnail","6":"product_cat-accessories","7":"product_tag-accessories","9":"first","10":"instock","11":"taxable","12":"shipping-taxable","13":"purchasable","14":"product-type-simple"},"aioseo_notices":[],"_links":{"self":[{"href":"https:\/\/www.selfprotein.com\/fi\/wp-json\/wp\/v2\/product\/926"}],"collection":[{"href":"https:\/\/www.selfprotein.com\/fi\/wp-json\/wp\/v2\/product"}],"about":[{"href":"https:\/\/www.selfprotein.com\/fi\/wp-json\/wp\/v2\/types\/product"}],"wp:featuredmedia":[{"embeddable":true,"href":"https:\/\/www.selfprotein.com\/fi\/wp-json\/wp\/v2\/media\/14008"}],"wp:attachment":[{"href":"https:\/\/www.selfprotein.com\/fi\/wp-json\/wp\/v2\/media?parent=926"}],"wp:term":[{"taxonomy":"product_cat","embeddable":true,"href":"https:\/\/www.selfprotein.com\/fi\/wp-json\/wp\/v2\/product_cat?post=926"},{"taxonomy":"product_tag","embeddable":true,"href":"https:\/\/www.selfprotein.com\/fi\/wp-json\/wp\/v2\/product_tag?post=926"}],"curies":[{"name":"wp","href":"https:\/\/api.w.org\/{rel}","templated":true}]}}