{"id":936,"date":"2023-11-27T13:53:04","date_gmt":"2023-11-27T12:53:04","guid":{"rendered":"https:\/\/34.88.231.180\/product\/soy-protein-isolate\/"},"modified":"2026-05-01T00:24:07","modified_gmt":"2026-04-30T22:24:07","slug":"soy-protein-isolate","status":"publish","type":"product","link":"https:\/\/www.selfprotein.com\/fi\/tuote\/soy-protein-isolate\/","title":{"rendered":"Soy Protein Isolate"},"content":{"rendered":"<p style=\"text-align: left;\" align=\"center\"><strong><span lang=\"en-US\">Soijaproteiini<\/span><\/strong><\/p>\n<p><span lang=\"en-US\">Soijaproteiini-isolaatti on soijapavuista uutettu proteiinikonsentraatti, joka on tunnettu ravintoainepitoisuudestaan ja monipuolisuudestaan ravintolis\u00e4n\u00e4. T\u00e4m\u00e4 proteiiniuute saadaan prosessilla, jossa poistetaan suurin osa soijapavun muista kuin proteiinikomponenteista, kuten kuidut ja hiilihydraatit, jolloin j\u00e4ljelle j\u00e4\u00e4 eritt\u00e4in tiivis proteiinijauhe. T\u00e4ss\u00e4 artikkelissa tarkastellaan soijaproteiini-isolaatin terveys- ja ravitsemuksellisia etuja.<\/span><\/p>\n<p><span lang=\"en-US\">Tuotteen edut:<\/span><\/p>\n<ul>\n<li><strong><span lang=\"en-US\">T\u00e4ydellinen proteiinil\u00e4hde<\/span><\/strong><span lang=\"en-US\"><strong>:<\/strong> Soijaproteiini-isolaatti sis\u00e4lt\u00e4\u00e4 kaikki ihmiskehon asianmukaisen toiminnan kannalta v\u00e4ltt\u00e4m\u00e4tt\u00f6m\u00e4t aminohapot. Koska se on t\u00e4ydellinen proteiini, se voi olla ihanteellinen vaihtoehto kasvisruokavaliota tai vegaaniruokavaliota noudattaville.<\/span><\/li>\n<li><strong><span lang=\"en-US\">Runsaasti ravinteita<\/span><\/strong><span lang=\"en-US\"><strong>:<\/strong> Proteiinien lis\u00e4ksi soijaproteiini-isolaatti on merkitt\u00e4v\u00e4 muiden t\u00e4rkeiden ravintoaineiden, kuten raudan ja kalsiumin, l\u00e4hde. N\u00e4m\u00e4 ravintoaineet ovat elint\u00e4rkeit\u00e4 luuston terveydelle, verenmuodostukselle ja monille muille elimist\u00f6n elint\u00e4rkeille toiminnoille.<\/span><\/li>\n<li><strong><span lang=\"en-US\">Syd\u00e4men terveyshy\u00f6dyt:<\/span><\/strong><span lang=\"en-US\"> Viimeaikaiset tutkimukset viittaavat siihen, ett\u00e4 soijaproteiinien sis\u00e4llytt\u00e4minen ruokavalioon voi auttaa v\u00e4hent\u00e4m\u00e4\u00e4n syd\u00e4nsairauksien riski\u00e4. Soijaproteiini-isolaatti sis\u00e4lt\u00e4\u00e4 hy\u00f6dyllisi\u00e4 yhdisteit\u00e4, kuten isoflavoneita, jotka voivat edist\u00e4\u00e4 syd\u00e4men terveytt\u00e4 eri mekanismien kautta, kuten v\u00e4hent\u00e4m\u00e4ll\u00e4 veren huonon kolesterolin (LDL) m\u00e4\u00e4r\u00e4\u00e4.<\/span><\/li>\n<li><strong><span lang=\"en-US\">Painonhallinta:<\/span><\/strong><span lang=\"en-US\"> Korkean proteiinipitoisuutensa ja v\u00e4h\u00e4isen rasva- ja hiilihydraattipitoisuutensa ansiosta soijaproteiini-isolaatti voi olla arvokas liittolainen painonhallinnassa. Proteiinit voivat auttaa yll\u00e4pit\u00e4m\u00e4\u00e4n kyll\u00e4isyyden tunnetta pidemp\u00e4\u00e4n, mik\u00e4 v\u00e4hent\u00e4\u00e4 ruokahalua ja edist\u00e4\u00e4 kalorien hallintaa.<\/span><\/li>\n<li><strong><span lang=\"en-US\">Ymp\u00e4rist\u00f6n kest\u00e4vyys:<\/span><\/strong><span lang=\"en-US\"> Soijaproteiini-isolaatin tuotanto vaatii v\u00e4hemm\u00e4n resursseja kuin el\u00e4inper\u00e4isten proteiinien tuotanto, mik\u00e4 auttaa v\u00e4hent\u00e4m\u00e4\u00e4n ruokavalion kokonaisymp\u00e4rist\u00f6vaikutuksia.<\/span><\/li>\n<\/ul>\n<p>&nbsp;<\/p>\n<p><strong><span lang=\"en-US\">Suositeltu k\u00e4ytt\u00f6<\/span><\/strong><\/p>\n<p><span lang=\"en-US\">1-3 annosta p\u00e4iv\u00e4ss\u00e4 riippuen yksil\u00f6llisist\u00e4 tarpeista ja ruokavalion muut proteiininl\u00e4hteet huomioon ottaen.<\/span><\/p>\n<p><b>Ilmoitus:<\/b><\/p>\n<ul>\n<li>\u00c4l\u00e4 ylit\u00e4 suositeltua annosta.<\/li>\n<li>Suositeltu annos : 1-3 annosta p\u00e4iv\u00e4ss\u00e4 tarpeiden mukaan ja ottaen huomioon ruokavalion muut proteiinil\u00e4hteet.<\/li>\n<li>S\u00e4ilyt\u00e4 tuote viile\u00e4ss\u00e4, kuivassa paikassa hyvin suljetussa pakkauksessa.<\/li>\n<li>Sis\u00e4lt\u00e4\u00e4 soijaa.<\/li>\n<li>Saattaa sis\u00e4lt\u00e4\u00e4 pieni\u00e4 m\u00e4\u00e4ri\u00e4 kauraa, kananmunaa ja maitoa.<\/li>\n<li>Laktoositon ja Gluteeniton.<\/li>\n<\/ul>","protected":false},"excerpt":{"rendered":"<p>Soijaproteiini Soijaproteiini-isolaatti on soijapavuista uutettu proteiinikonsentraatti, joka on tunnettu ravintoainepitoisuudestaan ja monipuolisuudestaan ravintolis\u00e4n\u00e4. T\u00e4m\u00e4 proteiiniuute saadaan prosessilla, jossa poistetaan suurin osa soijapavun muista kuin proteiinikomponenteista, kuten kuidut ja hiilihydraatit, jolloin j\u00e4ljelle j\u00e4\u00e4 eritt\u00e4in tiivis proteiinijauhe. T\u00e4m\u00e4 artikkeli [...]<\/p>","protected":false},"featured_media":11926,"template":"","meta":[],"product_cat":[158,308],"product_tag":[18,318],"class_list":{"0":"post-936","1":"product","2":"type-product","3":"status-publish","4":"has-post-thumbnail","6":"product_cat-proteins","7":"product_cat-strength-and-muscle-mass","8":"product_tag-proteins","9":"product_tag-strength-and-muscle-mass","11":"first","12":"instock","13":"sale","14":"taxable","15":"shipping-taxable","16":"purchasable","17":"product-type-variable"},"aioseo_notices":[],"_links":{"self":[{"href":"https:\/\/www.selfprotein.com\/fi\/wp-json\/wp\/v2\/product\/936"}],"collection":[{"href":"https:\/\/www.selfprotein.com\/fi\/wp-json\/wp\/v2\/product"}],"about":[{"href":"https:\/\/www.selfprotein.com\/fi\/wp-json\/wp\/v2\/types\/product"}],"wp:featuredmedia":[{"embeddable":true,"href":"https:\/\/www.selfprotein.com\/fi\/wp-json\/wp\/v2\/media\/11926"}],"wp:attachment":[{"href":"https:\/\/www.selfprotein.com\/fi\/wp-json\/wp\/v2\/media?parent=936"}],"wp:term":[{"taxonomy":"product_cat","embeddable":true,"href":"https:\/\/www.selfprotein.com\/fi\/wp-json\/wp\/v2\/product_cat?post=936"},{"taxonomy":"product_tag","embeddable":true,"href":"https:\/\/www.selfprotein.com\/fi\/wp-json\/wp\/v2\/product_tag?post=936"}],"curies":[{"name":"wp","href":"https:\/\/api.w.org\/{rel}","templated":true}]}}