{"id":945,"date":"2023-11-27T13:53:22","date_gmt":"2023-11-27T12:53:22","guid":{"rendered":"https:\/\/34.88.231.180\/product\/steel-water-bottle\/"},"modified":"2026-04-01T00:00:32","modified_gmt":"2026-03-31T22:00:32","slug":"steel-water-bottle","status":"publish","type":"product","link":"https:\/\/www.selfprotein.com\/fi\/tuote\/steel-water-bottle\/","title":{"rendered":"Steel Water Bottle"},"content":{"rendered":"<p><strong>Tuotteen yleiskatsaus:<\/strong><\/p>\n<p>Pullo Selfilt\u00e4, joka on yht\u00e4 k\u00e4yt\u00e4nn\u00f6llinen kuin tyylik\u00e4s.<br \/>\nPit\u00e4\u00e4 l\u00e4mp\u00f6tilan sek\u00e4 kuumille ett\u00e4 juomille, joten pullo sopii kaikkiin tilaisuuksiin.<\/p>","protected":false},"excerpt":{"rendered":"<p>Tuotteen yleiskatsaus: Pullo Selfilt\u00e4, joka on yht\u00e4 k\u00e4yt\u00e4nn\u00f6llinen kuin tyylik\u00e4s. S\u00e4ilytt\u00e4\u00e4 l\u00e4mp\u00f6tilan sek\u00e4 kuumille ett\u00e4 juomille, joten pullo sopii t\u00e4ydellisesti kaikkiin tilaisuuksiin.<\/p>","protected":false},"featured_media":946,"template":"","meta":[],"product_cat":[219],"product_tag":[114],"class_list":{"0":"post-945","1":"product","2":"type-product","3":"status-publish","4":"has-post-thumbnail","6":"product_cat-accessories","7":"product_tag-accessories","9":"first","10":"instock","11":"taxable","12":"shipping-taxable","13":"purchasable","14":"product-type-simple"},"aioseo_notices":[],"_links":{"self":[{"href":"https:\/\/www.selfprotein.com\/fi\/wp-json\/wp\/v2\/product\/945"}],"collection":[{"href":"https:\/\/www.selfprotein.com\/fi\/wp-json\/wp\/v2\/product"}],"about":[{"href":"https:\/\/www.selfprotein.com\/fi\/wp-json\/wp\/v2\/types\/product"}],"wp:featuredmedia":[{"embeddable":true,"href":"https:\/\/www.selfprotein.com\/fi\/wp-json\/wp\/v2\/media\/946"}],"wp:attachment":[{"href":"https:\/\/www.selfprotein.com\/fi\/wp-json\/wp\/v2\/media?parent=945"}],"wp:term":[{"taxonomy":"product_cat","embeddable":true,"href":"https:\/\/www.selfprotein.com\/fi\/wp-json\/wp\/v2\/product_cat?post=945"},{"taxonomy":"product_tag","embeddable":true,"href":"https:\/\/www.selfprotein.com\/fi\/wp-json\/wp\/v2\/product_tag?post=945"}],"curies":[{"name":"wp","href":"https:\/\/api.w.org\/{rel}","templated":true}]}}