{"id":952,"date":"2023-11-27T13:56:15","date_gmt":"2023-11-27T12:56:15","guid":{"rendered":"https:\/\/34.88.231.180\/product\/testo-pac\/"},"modified":"2026-05-01T00:24:06","modified_gmt":"2026-04-30T22:24:06","slug":"testo-pac","status":"publish","type":"product","link":"https:\/\/www.selfprotein.com\/fi\/tuote\/testo-pac\/","title":{"rendered":"Testo Pac"},"content":{"rendered":"<p style=\"text-align: left\" align=\"center\"><strong><span lang=\"en-US\">Testo Pac<\/span><\/strong><\/p>\n<p><span lang=\"en-US\">Testo Pac on ravintolis\u00e4, joka on suunniteltu edist\u00e4m\u00e4\u00e4n terveit\u00e4 testosteronitasoja ja parantamaan yleist\u00e4 terveytt\u00e4. T\u00e4m\u00e4 tuote sis\u00e4lt\u00e4\u00e4 yhdistelm\u00e4n yrttej\u00e4, vitamiineja ja kivenn\u00e4isaineita, joiden kaikkien tarkoituksena on tukea riitt\u00e4v\u00e4n testosteronitason tuotantoa ja yll\u00e4pitoa elimist\u00f6ss\u00e4.<\/span><\/p>\n<p><span lang=\"en-US\">T\u00e4ss\u00e4 on muutamia Testo Paciin liittyvi\u00e4 etuja:<\/span><\/p>\n<ul>\n<li><strong><span lang=\"en-US\">Lis\u00e4\u00e4ntynyt testosteronitaso:<\/span><\/strong><span lang=\"en-US\"> Kasviper\u00e4isten uutteiden yhdistelm\u00e4n ansiosta Testo Pacin uskotaan stimuloivan testosteronin tuotantoa kehossa ja auttavan yll\u00e4pit\u00e4m\u00e4\u00e4n t\u00e4m\u00e4n t\u00e4rke\u00e4n hormonin optimaalista tasoa.<\/span><\/li>\n<li><strong><span lang=\"en-US\">Yleisen terveyden tukeminen:<\/span><\/strong><span lang=\"en-US\"> Sen lis\u00e4ksi, ett\u00e4 Testo Pacilla on v\u00e4itetty olevan vaikutusta testosteroniin, se tarjoaa my\u00f6s etuja yleiseen terveyteen. Esill\u00e4 olevat kasviuutteet voivat auttaa v\u00e4hent\u00e4m\u00e4\u00e4n tulehdusta ja oksidatiivista stressi\u00e4 kehossa, mik\u00e4 edist\u00e4\u00e4 yleist\u00e4 hyvinvointia.<\/span><\/li>\n<li><strong><span lang=\"en-US\">Olennaisten ravintoaineiden integrointi:<\/span><\/strong><span lang=\"en-US\"> Testo Pac sis\u00e4lt\u00e4\u00e4 my\u00f6s t\u00e4rkeit\u00e4 v\u00e4ltt\u00e4m\u00e4tt\u00f6mi\u00e4 ravintoaineita, kuten sinkki\u00e4 ja D-vitamiinia, joiden molempien tiedet\u00e4\u00e4n tukevan testosteronin tuotantoa ja edist\u00e4v\u00e4n yleist\u00e4 terveytt\u00e4.<\/span><\/li>\n<li><strong><span lang=\"en-US\">Fyysisen ja psyykkisen suorituskyvyn paraneminen:<\/span><\/strong><span lang=\"en-US\"> Lis\u00e4\u00e4ntynyt testosteronitaso voi johtaa fyysisen ja henkisen suorituskyvyn paranemiseen, kuten energian, kest\u00e4vyyden ja keskittymiskyvyn lis\u00e4\u00e4ntymiseen.<\/span><\/li>\n<li><strong><span lang=\"en-US\">Seksuaaliterveyden tukeminen:<\/span><\/strong><span lang=\"en-US\"> Riitt\u00e4v\u00e4t testosteronitasot ovat my\u00f6s ratkaisevan t\u00e4rkeit\u00e4 miesten seksuaaliterveyden kannalta, ja Testo Pacin k\u00e4ytt\u00f6 voi edist\u00e4\u00e4 parempaa seksuaalista toimintaa ja libidoa.<\/span><\/li>\n<\/ul>\n<p><\/p>\n<p><span lang=\"en-US\">Ennen kuin aloitat mink\u00e4 tahansa t\u00e4ydennysohjelman, on suositeltavaa kuulla terveydenhuollon ammattilaista sen m\u00e4\u00e4ritt\u00e4miseksi, sopiiko Testo Pac yksil\u00f6llisiin tarpeisiin ja terveydentilaan.<\/span><\/p>\n<p><strong><span lang=\"en-US\">Suositeltu k\u00e4ytt\u00f6<\/span><\/strong><\/p>\n<p><span lang=\"en-US\">Ota 4 kapselia ennen nukkumaanmenoa tai 30-45 minuuttia ennen liikuntaa.<\/span><\/p>\n<p><b>Ilmoitus:<\/b><\/p>\n<ul>\n<li>Vain aikuisille, eik\u00e4 se korvaa monipuolista, tasapainoista ruokavaliota ja terveellisi\u00e4 el\u00e4m\u00e4ntapoja.<\/li>\n<li>\u00c4l\u00e4 ylit\u00e4 suositeltua annosta.<\/li>\n<li>\u00c4l\u00e4 k\u00e4yt\u00e4 sit\u00e4 imetyksen tai raskauden aikana neuvottelematta l\u00e4\u00e4k\u00e4rin kanssa.<\/li>\n<li>S\u00e4ilyt\u00e4 tuote viile\u00e4ss\u00e4, kuivassa paikassa hyvin suljetussa pakkauksessa alle 3-vuotiaiden lasten ulottumattomissa.<\/li>\n<li>Saattaa sis\u00e4lt\u00e4\u00e4 pieni\u00e4 m\u00e4\u00e4ri\u00e4 maitoa, kauraa, kananmunaa ja soijaa.<\/li>\n<li>Laktoositon ja Gluteeniton.<\/li>\n<\/ul>","protected":false},"excerpt":{"rendered":"<details>\n<summary>Ainesosat<\/summary>\n<table style=\"text-align: center\">\n<tbody>\n<tr>\n<th>Ainesosat<\/th>\n<th>annosta kohti 4 cps<\/th>\n<th>%NRV<\/th>\n<\/tr>\n<tr>\n<td>D-asparagiinihappo (DAA)<\/td>\n<td>1820mg<\/td>\n<td><\/td>\n<\/tr>\n<tr>\n<td>Nokkonen e.s\/uute (Urtica Dioica, Folium)<\/td>\n<td>260mg<\/td>\n<td><\/td>\n<\/tr>\n<tr>\n<td>Inkiv\u00e4\u00e4riuute (Zingiber Officinale, Radix-Rhizoma) (inkiv\u00e4\u00e4ri)<\/td>\n<td>160mg<\/td>\n<td><\/td>\n<\/tr>\n<tr>\n<td>Tribulus Terrestris e.s\/ extract fructus (90% tot. saponiinit; 20% protodiossiini).<\/td>\n<td>160mg<\/td>\n<td><\/td>\n<\/tr>\n<tr>\n<td>Kaura e.s\/uute (200:1) (Avena Sativa, Fructus-Summitas)<\/td>\n<td>160mg<\/td>\n<td><\/td>\n<\/tr>\n<tr>\n<td>Seleeni (natriumselenaatti)<\/td>\n<td>82,5\u03bcg<\/td>\n<td>150%<\/td>\n<\/tr>\n<tr>\n<td>D-vitamiini (kolekalsiferoli)<\/td>\n<td>10\u03bcg<\/td>\n<td>200%<\/td>\n<\/tr>\n<tr>\n<td>Sinkki (sinkkiglukonaatti)<\/td>\n<td>12,5mg<\/td>\n<td>125%<\/td>\n<\/tr>\n<tr>\n<td>B6-vitamiini (Pyridoksiini-Hcl)<\/td>\n<td>2,8mg<\/td>\n<td>200%<\/td>\n<\/tr>\n<tr>\n<td colspan=\"3\"><strong>Muut ainesosat: <\/strong>stabilointiaineet (E953, E470b, E551), vegaaninen kapseli (E1204).<\/td>\n<\/tr>\n<tr>\n<td colspan=\"3\"><strong>*NRV: <\/strong> ravitsemuksellinen viitearvo<\/td>\n<\/tr>\n<\/tbody>\n<\/table>\n<\/details>\n<p>&nbsp;<\/p>","protected":false},"featured_media":13893,"template":"","meta":[],"product_cat":[154,308],"product_tag":[162,318],"class_list":{"0":"post-952","1":"product","2":"type-product","3":"status-publish","4":"has-post-thumbnail","6":"product_cat-gain-performance","7":"product_cat-strength-and-muscle-mass","8":"product_tag-gain-performance","9":"product_tag-strength-and-muscle-mass","11":"first","12":"instock","13":"taxable","14":"shipping-taxable","15":"purchasable","16":"product-type-simple"},"aioseo_notices":[],"_links":{"self":[{"href":"https:\/\/www.selfprotein.com\/fi\/wp-json\/wp\/v2\/product\/952"}],"collection":[{"href":"https:\/\/www.selfprotein.com\/fi\/wp-json\/wp\/v2\/product"}],"about":[{"href":"https:\/\/www.selfprotein.com\/fi\/wp-json\/wp\/v2\/types\/product"}],"wp:featuredmedia":[{"embeddable":true,"href":"https:\/\/www.selfprotein.com\/fi\/wp-json\/wp\/v2\/media\/13893"}],"wp:attachment":[{"href":"https:\/\/www.selfprotein.com\/fi\/wp-json\/wp\/v2\/media?parent=952"}],"wp:term":[{"taxonomy":"product_cat","embeddable":true,"href":"https:\/\/www.selfprotein.com\/fi\/wp-json\/wp\/v2\/product_cat?post=952"},{"taxonomy":"product_tag","embeddable":true,"href":"https:\/\/www.selfprotein.com\/fi\/wp-json\/wp\/v2\/product_tag?post=952"}],"curies":[{"name":"wp","href":"https:\/\/api.w.org\/{rel}","templated":true}]}}