{"id":955,"date":"2023-11-27T13:56:19","date_gmt":"2023-11-27T12:56:19","guid":{"rendered":"https:\/\/34.88.231.180\/product\/tyrosine\/"},"modified":"2026-05-01T00:24:06","modified_gmt":"2026-04-30T22:24:06","slug":"l-tyrosine","status":"publish","type":"product","link":"https:\/\/www.selfprotein.com\/fi\/tuote\/l-tyrosine\/","title":{"rendered":"L-Tyrosine"},"content":{"rendered":"<p style=\"text-align: left\" align=\"center\"><strong><span lang=\"en-US\">L-Tyrosine<\/span><\/strong><\/p>\n<p><span lang=\"en-US\">Tyrosiini on ei-v\u00e4ltt\u00e4m\u00e4t\u00f6n aminohappo, jota elimist\u00f6 voi tuottaa itse muista aminohapoista, ja sit\u00e4 on monissa proteiinipitoisissa elintarvikkeissa, kuten lihassa, maitotuotteissa ja palkokasveissa. T\u00e4ll\u00e4 yhdisteell\u00e4 on ratkaiseva rooli aivoissa tarvittavien eri v\u00e4litt\u00e4j\u00e4aineiden, kuten dopamiinin, adrenaliinin ja noradrenaliinin, tuotannossa, jotka vaikuttavat mielialaan, motivaatioon ja kognitiivisiin toimintoihin.<\/span><\/p>\n<p><span lang=\"en-US\">Tuotteen edut:<\/span><\/p>\n<ul>\n<li><strong><span lang=\"en-US\">Mielialan parantaminen ja kognitiivinen toiminta:<\/span><\/strong><span lang=\"en-US\"> Tyrosiinin lis\u00e4\u00e4minen voi parantaa mielialaa ja kognitiivisia toimintoja erityisesti stressin tai v\u00e4symyksen alaisena olevilla henkil\u00f6ill\u00e4. T\u00e4m\u00e4 hy\u00f6ty johtuu tyrosiinin roolista n\u00e4it\u00e4 prosesseja s\u00e4\u00e4televien v\u00e4litt\u00e4j\u00e4aineiden synteesiss\u00e4.<\/span><\/li>\n<li><strong><span lang=\"en-US\">Urheilusuorituksen parantaminen: <\/span><\/strong><span lang=\"en-US\">Tyrosiinin k\u00e4ytt\u00f6 voi lis\u00e4t\u00e4 urheilusuorituskyky\u00e4 erityisesti korkean intensiteetin harjoituksissa. T\u00e4m\u00e4 vaikutus liittyy tyrosiinin kykyyn v\u00e4hent\u00e4\u00e4 v\u00e4symyst\u00e4 ja parantaa keskittymiskyky\u00e4, mik\u00e4 tarjoaa etua fyysisen aktiivisuuden aikana.<\/span><\/li>\n<li><strong><span lang=\"en-US\">Ruokahalun tukahduttaminen:<\/span><\/strong><span lang=\"en-US\"> Tyrosiini voi toimia ruokahalua hillitsev\u00e4n\u00e4 aineena, v\u00e4hent\u00e4\u00e4 ruoan himoa ja helpottaa painonhallintaa. T\u00e4m\u00e4 voi olla erityisen hy\u00f6dyllist\u00e4 niille, jotka pyrkiv\u00e4t hallitsemaan ruokavaliotaan ja laihtumaan terveellisesti.<\/span><\/li>\n<li><strong><span lang=\"en-US\">Tukea stressaavina aikoina: <\/span><\/strong><span lang=\"en-US\">Fyysisen tai psyykkisen stressin aikana tyrosiinin lis\u00e4\u00e4minen voi auttaa tukemaan henkist\u00e4 ja fyysist\u00e4 terveytt\u00e4 antamalla aivoille tarvittavat ravintoaineet optimaalisen toiminnan yll\u00e4pit\u00e4miseksi.<\/span><\/li>\n<li><strong><span lang=\"en-US\">Mahdollisuudet mieliala- ja kognitiivisten h\u00e4iri\u00f6iden hallinnassa:<\/span><\/strong><span lang=\"en-US\"> Joidenkin tutkimusten mukaan tyrosiinin k\u00e4yt\u00f6st\u00e4 voi olla apua mielialah\u00e4iri\u00f6iden ja kognitiivisten ongelmien hallinnassa, jotka liittyv\u00e4t esimerkiksi masennukseen tai tarkkaavaisuus- ja ylivilkkaush\u00e4iri\u00f6\u00f6n (ADHD). N\u00e4iden mahdollisten hy\u00f6tyjen vahvistamiseksi tarvitaan kuitenkin lis\u00e4tutkimuksia.<\/span><\/li>\n<\/ul>\n<p>&nbsp;<\/p>\n<p><strong><span lang=\"en-US\">Suositeltu k\u00e4ytt\u00f6<\/span><\/strong><\/p>\n<p><span lang=\"en-US\">Ota 1 annos 30-45 minuuttia ennen liikuntaa.<\/span><\/p>\n<p>&nbsp;<\/p>\n<p class=\"xmprfx_MsoNormal\"><b>Ilmoitus:<\/b><\/p>\n<ul>\n<li>Vain aikuisille, eik\u00e4 se korvaa monipuolista, tasapainoista ruokavaliota ja terveellisi\u00e4 el\u00e4m\u00e4ntapoja.<\/li>\n<li>\u00c4l\u00e4 ylit\u00e4 suositeltua annosta.<\/li>\n<li>Suositeltu annos : 1 annos 30-45 minuuttia ennen harjoittelua.<\/li>\n<li>\u00c4l\u00e4 k\u00e4yt\u00e4 sit\u00e4 imetyksen tai raskauden aikana neuvottelematta l\u00e4\u00e4k\u00e4rin kanssa.<\/li>\n<li>S\u00e4ilyt\u00e4 tuote viile\u00e4ss\u00e4, kuivassa paikassa hyvin suljetussa pakkauksessa alle 3-vuotiaiden lasten ulottumattomissa.<\/li>\n<li>Saattaa sis\u00e4lt\u00e4\u00e4 pieni\u00e4 m\u00e4\u00e4ri\u00e4 maitoa, kauraa, kananmunaa ja soijaa.<\/li>\n<\/ul>","protected":false},"excerpt":{"rendered":"<details>\n<summary>Ainesosat<\/summary>\n<table style=\"text-align: center\">\n<tbody>\n<tr>\n<th>Ainesosat<\/th>\n<th>annosta kohti<\/th>\n<\/tr>\n<tr>\n<td>L-Tyrosine<\/td>\n<td>3g<\/td>\n<\/tr>\n<\/tbody>\n<\/table>\n<\/details>\n<p>&nbsp;<\/p>","protected":false},"featured_media":14407,"template":"","meta":[],"product_cat":[151,310,217],"product_tag":[315,230],"class_list":{"0":"post-955","1":"product","2":"type-product","3":"status-publish","4":"has-post-thumbnail","6":"product_cat-amino-acids-creatine","7":"product_cat-performance-and-endurance","8":"product_cat-pre-workout-energy","9":"product_tag-performance-and-endurance","10":"product_tag-pre-workout-energy","12":"first","13":"instock","14":"taxable","15":"shipping-taxable","16":"purchasable","17":"product-type-simple"},"aioseo_notices":[],"_links":{"self":[{"href":"https:\/\/www.selfprotein.com\/fi\/wp-json\/wp\/v2\/product\/955"}],"collection":[{"href":"https:\/\/www.selfprotein.com\/fi\/wp-json\/wp\/v2\/product"}],"about":[{"href":"https:\/\/www.selfprotein.com\/fi\/wp-json\/wp\/v2\/types\/product"}],"wp:featuredmedia":[{"embeddable":true,"href":"https:\/\/www.selfprotein.com\/fi\/wp-json\/wp\/v2\/media\/14407"}],"wp:attachment":[{"href":"https:\/\/www.selfprotein.com\/fi\/wp-json\/wp\/v2\/media?parent=955"}],"wp:term":[{"taxonomy":"product_cat","embeddable":true,"href":"https:\/\/www.selfprotein.com\/fi\/wp-json\/wp\/v2\/product_cat?post=955"},{"taxonomy":"product_tag","embeddable":true,"href":"https:\/\/www.selfprotein.com\/fi\/wp-json\/wp\/v2\/product_tag?post=955"}],"curies":[{"name":"wp","href":"https:\/\/api.w.org\/{rel}","templated":true}]}}