{"id":958,"date":"2023-11-27T13:56:24","date_gmt":"2023-11-27T12:56:24","guid":{"rendered":"https:\/\/34.88.231.180\/product\/vitamin-c-liquid\/"},"modified":"2026-05-01T00:24:06","modified_gmt":"2026-04-30T22:24:06","slug":"vitamin-c-liquid","status":"publish","type":"product","link":"https:\/\/www.selfprotein.com\/fi\/tuote\/vitamin-c-liquid\/","title":{"rendered":"Vitamin C Liquid"},"content":{"rendered":"<p><strong>Tuotteen yleiskatsaus:<br \/>\n<\/strong><br \/>\nC-vitamiini on t\u00e4rke\u00e4 ravintoaine, joka tukee immuunij\u00e4rjestelm\u00e4\u00e4, ihon terveytt\u00e4 ja kollageenin tuotantoa. T\u00e4m\u00e4 voimakas antioksidantti auttaa suojaamaan soluja vapaiden radikaalien aiheuttamilta vaurioilta ja tukee tervett\u00e4 immuunij\u00e4rjestelm\u00e4n toimintaa. Se auttaa my\u00f6s kollageenin tuotannossa, mik\u00e4 on t\u00e4rke\u00e4\u00e4 ihon, hiusten ja kynsien terveyden ja ulkon\u00e4\u00f6n yll\u00e4pit\u00e4miseksi.<span class=\"Apple-converted-space\">\u00a0<\/span><\/p>\n<p><strong><span class=\"Apple-converted-space\">T\u00e4rkeimm\u00e4t edut:<\/span><\/strong><\/p>\n<ul>\n<li>C-vitamiinineste sis\u00e4lt\u00e4\u00e4 1000 mg C-vitamiinia annosta kohti.<\/li>\n<li>Toimitetaan k\u00e4tev\u00e4ss\u00e4 nestem\u00e4isess\u00e4 muodossa<\/li>\n<li>Tehokas antioksidantti<\/li>\n<li>T\u00e4rke\u00e4 kollageenin tuotannolle<\/li>\n<\/ul>\n<p>&nbsp;<\/p>\n<p class=\"xmprfx_MsoNormal\"><b>Ilmoitus:<\/b><\/p>\n<ul>\n<li>Vain aikuisille, eik\u00e4 se korvaa monipuolista, tasapainoista ruokavaliota ja terveellisi\u00e4 el\u00e4m\u00e4ntapoja.<\/li>\n<li>\u00c4l\u00e4 ylit\u00e4 suositeltua annosta.<\/li>\n<li>Suositeltu annos : 20 ml p\u00e4iv\u00e4ss\u00e4.<\/li>\n<li>\u00c4l\u00e4 k\u00e4yt\u00e4 sit\u00e4 imetyksen tai raskauden aikana neuvottelematta l\u00e4\u00e4k\u00e4rin kanssa.<\/li>\n<li>S\u00e4ilyt\u00e4 tuote viile\u00e4ss\u00e4, kuivassa paikassa hyvin suljetussa pakkauksessa alle 3-vuotiaiden lasten ulottumattomissa.<\/li>\n<li>Saattaa sis\u00e4lt\u00e4\u00e4 pieni\u00e4 m\u00e4\u00e4ri\u00e4 maitoa, kauraa, kananmunaa ja soijaa.<\/li>\n<li>Laktoositon ja Gluteeniton.<\/li>\n<\/ul>","protected":false},"excerpt":{"rendered":"<details>\n<summary>Ainesosat<\/summary>\n<table style=\"text-align: center;\">\n<tbody>\n<tr>\n<th>Ainesosat<\/th>\n<th>100ml<\/th>\n<th>annosta kohti 20ml<\/th>\n<th>%NRV* annosta kohti<\/th>\n<\/tr>\n<tr>\n<td>C-vitamiini<\/td>\n<td>25000mg<\/td>\n<td>1000mg<\/td>\n<td>1250<\/td>\n<\/tr>\n<tr>\n<td colspan=\"4\"><strong>Muut ainesosat: <\/strong>vesi, kalsiumaskorbaatti, l-askorbiinihappo, s\u00e4il\u00f6nt\u00e4aineet (E211, E202), aromit, makeutusaine (E955).<\/td>\n<\/tr>\n<tr>\n<td colspan=\"4\"><strong>*%NRV: <\/strong>ravitsemuksellinen viitearvo<\/td>\n<\/tr>\n<\/tbody>\n<\/table>\n<\/details>\n<p>&nbsp;<\/p>","protected":false},"featured_media":959,"template":"","meta":[],"product_cat":[312,214],"product_tag":[314,258],"class_list":{"0":"post-958","1":"product","2":"type-product","3":"status-publish","4":"has-post-thumbnail","6":"product_cat-health-and-wellness","7":"product_cat-vitamins-wellness","8":"product_tag-health-and-wellness","9":"product_tag-vitamins-wellness","11":"first","12":"instock","13":"sale","14":"taxable","15":"shipping-taxable","16":"purchasable","17":"product-type-simple"},"aioseo_notices":[],"_links":{"self":[{"href":"https:\/\/www.selfprotein.com\/fi\/wp-json\/wp\/v2\/product\/958"}],"collection":[{"href":"https:\/\/www.selfprotein.com\/fi\/wp-json\/wp\/v2\/product"}],"about":[{"href":"https:\/\/www.selfprotein.com\/fi\/wp-json\/wp\/v2\/types\/product"}],"wp:featuredmedia":[{"embeddable":true,"href":"https:\/\/www.selfprotein.com\/fi\/wp-json\/wp\/v2\/media\/959"}],"wp:attachment":[{"href":"https:\/\/www.selfprotein.com\/fi\/wp-json\/wp\/v2\/media?parent=958"}],"wp:term":[{"taxonomy":"product_cat","embeddable":true,"href":"https:\/\/www.selfprotein.com\/fi\/wp-json\/wp\/v2\/product_cat?post=958"},{"taxonomy":"product_tag","embeddable":true,"href":"https:\/\/www.selfprotein.com\/fi\/wp-json\/wp\/v2\/product_tag?post=958"}],"curies":[{"name":"wp","href":"https:\/\/api.w.org\/{rel}","templated":true}]}}