{"id":961,"date":"2023-11-27T13:56:25","date_gmt":"2023-11-27T12:56:25","guid":{"rendered":"https:\/\/34.88.231.180\/product\/vitamin-c-pro\/"},"modified":"2026-05-01T00:24:06","modified_gmt":"2026-04-30T22:24:06","slug":"vitamin-c-pro","status":"publish","type":"product","link":"https:\/\/www.selfprotein.com\/fi\/tuote\/vitamin-c-pro\/","title":{"rendered":"Vitamin C Pro"},"content":{"rendered":"<p style=\"text-align: left;\" align=\"center\"><strong><span lang=\"en-US\">Vitamin C Pro<\/span><\/strong><\/p>\n<p><span lang=\"en-US\">C-vitamiini, joka tunnetaan my\u00f6s nimell\u00e4 askorbiinihappo, on vesiliukoinen vitamiini, joka on v\u00e4ltt\u00e4m\u00e4t\u00f6n useille kehon toiminnoille. T\u00e4m\u00e4 ravintolis\u00e4 tarjoaa tiivistetyn ratkaisun, jolla varmistetaan riitt\u00e4v\u00e4 C-vitamiinin saanti, joka on elint\u00e4rke\u00e4\u00e4 terveyden yll\u00e4pit\u00e4miseksi.<\/span><\/p>\n<p><span lang=\"en-US\">C-vitamiinin edut Pro:<\/span><\/p>\n<ul>\n<li><strong><span lang=\"en-US\">Tehokas antioksidantti:<\/span><\/strong><span lang=\"en-US\"> C-vitamiini toimii tehokkaana antioksidanttina, joka suojaa soluja vapaiden radikaalien aiheuttamilta vaurioilta, joita voivat aiheuttaa ymp\u00e4rist\u00f6tekij\u00e4t, kuten saastuminen ja UV-s\u00e4teily.<\/span><\/li>\n<li><strong><span lang=\"en-US\">Kollageenin tuotanto<\/span><\/strong><span lang=\"en-US\"><strong>:<\/strong> C-vitamiini on v\u00e4ltt\u00e4m\u00e4t\u00f6n kollageenisynteesille, ja se edist\u00e4\u00e4 ihon, luiden ja sidekudoksen terveytt\u00e4. Se auttaa yll\u00e4pit\u00e4m\u00e4\u00e4n kimmoisaa ihoa, vahvoja luita ja edist\u00e4\u00e4 haavojen paranemista.<\/span><\/li>\n<li><strong><span lang=\"en-US\">Raudan imeytyminen<\/span><\/strong><span lang=\"en-US\"><strong>:<\/strong> C-vitamiini helpottaa raudan imeytymist\u00e4 ravinnon kasviper\u00e4isist\u00e4 l\u00e4hteist\u00e4. T\u00e4m\u00e4 on erityisen t\u00e4rke\u00e4\u00e4 kasvissy\u00f6jille ja vegaaneille, joiden p\u00e4\u00e4asiallinen kivenn\u00e4isaineen l\u00e4hde on kasviper\u00e4inen rauta.<\/span><\/li>\n<li><strong><span lang=\"en-US\">Immuunij\u00e4rjestelm\u00e4n tuki:<\/span><\/strong><span lang=\"en-US\"> C-vitamiini osallistuu immuunij\u00e4rjestelm\u00e4\u00e4n ja auttaa suojaamaan kehoa infektioilta. Riitt\u00e4v\u00e4 C-vitamiinin saanti voi auttaa vahvistamaan elimist\u00f6n puolustuskyky\u00e4 bakteerien ja virusten kaltaisia taudinaiheuttajia vastaan.<\/span><\/li>\n<\/ul>\n<p>&nbsp;<\/p>\n<p><span lang=\"en-US\">Vitamin C Pro -valmisteen avulla voit varmistaa optimaalisen C-vitamiinin saannin ja tukea siten yleist\u00e4 terveytt\u00e4 ja hyvinvointia.<\/span><\/p>\n<p><strong><span lang=\"en-US\">Suositeltu k\u00e4ytt\u00f6<\/span><\/strong><\/p>\n<p><span lang=\"en-US\">1 tabletti p\u00e4iv\u00e4ss\u00e4.<\/span><\/p>\n<p class=\"xmprfx_MsoNormal\"><b>Ilmoitus:<\/b><\/p>\n<ul>\n<li>Vain aikuisille, eik\u00e4 se korvaa monipuolista, tasapainoista ruokavaliota ja terveellisi\u00e4 el\u00e4m\u00e4ntapoja.<\/li>\n<li>\u00c4l\u00e4 ylit\u00e4 suositeltua annosta.<\/li>\n<li>\u00c4l\u00e4 k\u00e4yt\u00e4 sit\u00e4 imetyksen tai raskauden aikana neuvottelematta l\u00e4\u00e4k\u00e4rin kanssa.<\/li>\n<li>S\u00e4ilyt\u00e4 tuote viile\u00e4ss\u00e4, kuivassa paikassa hyvin suljetussa pakkauksessa alle 3-vuotiaiden lasten ulottumattomissa.<\/li>\n<li>Saattaa sis\u00e4lt\u00e4\u00e4 pieni\u00e4 m\u00e4\u00e4ri\u00e4 kananmunaa, soijaa, kauraa, maitoa.<\/li>\n<li>Laktoositon ja Gluteeniton.<\/li>\n<\/ul>","protected":false},"excerpt":{"rendered":"<details>\n<summary>Ainesosat<\/summary>\n<table style=\"text-align: center;\">\n<tbody>\n<tr>\n<th>Ainesosat<\/th>\n<th>per 1tab<\/th>\n<\/tr>\n<tr>\n<td>C-vitamiini (askorbiinihappo)<\/td>\n<td>1000mg (1250%*)<\/td>\n<\/tr>\n<tr>\n<td>NAC (N-asetyylikysteiini)<\/td>\n<td>84mg<\/td>\n<\/tr>\n<tr>\n<td>D-vitamiini (kolekalsiferoli D3)<\/td>\n<td>45\u03bcg (900%*)<\/td>\n<\/tr>\n<tr>\n<td colspan=\"2\"><strong>Muut ainesosat: <\/strong>stabilointiaineet (E953, E470b)<\/td>\n<\/tr>\n<tr>\n<td colspan=\"2\"><strong>*%NRV: <\/strong>ravitsemuksellinen viitearvo<\/td>\n<\/tr>\n<\/tbody>\n<\/table>\n<\/details>\n<p>&nbsp;<\/p>","protected":false},"featured_media":11870,"template":"","meta":[],"product_cat":[312,214],"product_tag":[314,258],"class_list":{"0":"post-961","1":"product","2":"type-product","3":"status-publish","4":"has-post-thumbnail","6":"product_cat-health-and-wellness","7":"product_cat-vitamins-wellness","8":"product_tag-health-and-wellness","9":"product_tag-vitamins-wellness","11":"first","12":"instock","13":"sale","14":"taxable","15":"shipping-taxable","16":"purchasable","17":"product-type-simple"},"aioseo_notices":[],"_links":{"self":[{"href":"https:\/\/www.selfprotein.com\/fi\/wp-json\/wp\/v2\/product\/961"}],"collection":[{"href":"https:\/\/www.selfprotein.com\/fi\/wp-json\/wp\/v2\/product"}],"about":[{"href":"https:\/\/www.selfprotein.com\/fi\/wp-json\/wp\/v2\/types\/product"}],"wp:featuredmedia":[{"embeddable":true,"href":"https:\/\/www.selfprotein.com\/fi\/wp-json\/wp\/v2\/media\/11870"}],"wp:attachment":[{"href":"https:\/\/www.selfprotein.com\/fi\/wp-json\/wp\/v2\/media?parent=961"}],"wp:term":[{"taxonomy":"product_cat","embeddable":true,"href":"https:\/\/www.selfprotein.com\/fi\/wp-json\/wp\/v2\/product_cat?post=961"},{"taxonomy":"product_tag","embeddable":true,"href":"https:\/\/www.selfprotein.com\/fi\/wp-json\/wp\/v2\/product_tag?post=961"}],"curies":[{"name":"wp","href":"https:\/\/api.w.org\/{rel}","templated":true}]}}