{"id":970,"date":"2023-11-27T13:56:39","date_gmt":"2023-11-27T12:56:39","guid":{"rendered":"https:\/\/34.88.231.180\/product\/waterloss\/"},"modified":"2026-05-01T00:24:08","modified_gmt":"2026-04-30T22:24:08","slug":"waterloss-fyto-slim","status":"publish","type":"product","link":"https:\/\/www.selfprotein.com\/fi\/tuote\/waterloss-fyto-slim\/","title":{"rendered":"Waterloss Fyto Slim"},"content":{"rendered":"<p style=\"text-align: left;\" align=\"center\"><strong>Waterloss Fyto Slim<\/strong><\/p>\n<p><span lang=\"en-US\">Waterloss Fyto Slim on lis\u00e4ravinne, joka on kehitetty torjumaan nesteen kertymist\u00e4 kehossa valikoitujen kasviuutteiden sekoituksen avulla. Waterloss on suunniteltu edist\u00e4m\u00e4\u00e4n ylim\u00e4\u00e4r\u00e4isen nesteen poistumista ja tukemaan kehon puhdistustoimintoja, ja se on luonnollinen ratkaisu yleisen hyvinvoinnin parantamiseen ja veden kertymisen aiheuttaman turvotuksen v\u00e4hent\u00e4miseen.<\/span><\/p>\n<p><span lang=\"en-US\">Tuotteen edut:<\/span><\/p>\n<ul>\n<li><strong><span lang=\"en-US\">Ylim\u00e4\u00e4r\u00e4isten nesteiden poisto: <\/span><\/strong><span lang=\"en-US\">Waterloss kohdistuu tehokkaasti kehon nesteen kertymist\u00e4 aiheuttaviin tekij\u00f6ihin, helpottaa ylim\u00e4\u00e4r\u00e4isten nesteiden poistumista ja v\u00e4hent\u00e4\u00e4 turvotusta.<\/span><\/li>\n<li><strong><span lang=\"en-US\">Tuki puhdistustoiminnoille:<\/span><\/strong><span lang=\"en-US\"> Kasvipohjaisen koostumuksensa ansiosta Waterloss tukee kehon puhdistustoimintoja ja auttaa poistamaan kertyneet myrkyt ja aineenvaihduntaj\u00e4tteet.<\/span><\/li>\n<li><strong><span lang=\"en-US\">Turvotuksen v\u00e4hent\u00e4minen:<\/span><\/strong><span lang=\"en-US\"> Waterloss edist\u00e4\u00e4 ylim\u00e4\u00e4r\u00e4isten nesteiden poistumista ja auttaa v\u00e4hent\u00e4m\u00e4\u00e4n turvotusta, mik\u00e4 parantaa mukavuutta ja keveyden tunnetta.<\/span><\/li>\n<li><strong><span lang=\"en-US\">Gluteeniton ja laktoositon:<\/span><\/strong><span lang=\"en-US\"> Waterloss ei sis\u00e4ll\u00e4 gluteenia eik\u00e4 laktoosia, joten se sopii niille, jotka noudattavat ruokavaliota, jossa n\u00e4it\u00e4 ainesosia ei ole, ja takaa paremman yhteensopivuuden monille k\u00e4ytt\u00e4jille.<\/span><\/li>\n<\/ul>\n<p><\/p>\n<p><strong><span lang=\"en-US\">Suositeltu k\u00e4ytt\u00f6<\/span><\/strong><\/p>\n<p><span lang=\"en-US\">2 kapselia ennen aamiaista, lounasta ja p\u00e4iv\u00e4llist\u00e4.<\/span>\n<\/p>\n<p><\/p>\n<p class=\"xmprfx_MsoNormal\"><b>Ilmoitus:<\/b><\/p>\n<ul>\n<li>Vain aikuisille, eik\u00e4 se korvaa monipuolista, tasapainoista ruokavaliota ja terveellisi\u00e4 el\u00e4m\u00e4ntapoja.<\/li>\n<li>\u00c4l\u00e4 ylit\u00e4 suositeltua annosta.<\/li>\n<li>\u00c4l\u00e4 k\u00e4yt\u00e4 sit\u00e4 imetyksen tai raskauden aikana neuvottelematta l\u00e4\u00e4k\u00e4rin kanssa.<\/li>\n<li>S\u00e4ilyt\u00e4 tuote viile\u00e4ss\u00e4, kuivassa paikassa hyvin suljetussa pakkauksessa alle 3-vuotiaiden lasten ulottumattomissa.<\/li>\n<li>Saattaa sis\u00e4lt\u00e4\u00e4 pieni\u00e4 m\u00e4\u00e4ri\u00e4 kananmunaa, soijaa, kauraa, maitoa.<\/li>\n<li>Laktoositon ja Gluteeniton.<\/li>\n<\/ul>","protected":false},"excerpt":{"rendered":"<details>\n<summary>Ainesosat<\/summary>\n<table style=\"text-align: center;\">\n<tbody>\n<tr>\n<th>Ainesosat<\/th>\n<th>per 6cps<\/th>\n<\/tr>\n<tr>\n<td>Kaktuskaktus e.s\/uute (Opuntia Ficus-Indica-Cladodium, hedelm\u00e4)<\/td>\n<td>1500mg<\/td>\n<\/tr>\n<tr>\n<td>Voikukka e.s\/uute (200:1) Taraxacum Officinale, radix)<\/td>\n<td>852mg<\/td>\n<\/tr>\n<tr>\n<td>Vadelmauute (Rubus Ideas, fructus)<\/td>\n<td>690mg<\/td>\n<\/tr>\n<tr>\n<td>Schizandra e.s\/uute (9% Schisandris) (Schisandra Chinensis, fructus)<\/td>\n<td>510mg<\/td>\n<\/tr>\n<tr>\n<td>Yerba Mate e.s\/uute (Ilex Paraguariensis, Folium)<\/td>\n<td>372mg<\/td>\n<\/tr>\n<tr>\n<td>Karhunvatukan lehti e.s\/uute<\/td>\n<td>276mg<\/td>\n<\/tr>\n<tr>\n<td colspan=\"2\"><strong>Muut ainesosat: <\/strong>vegaanikapseli (E1204), stabilointiaineet (E953, E470b, E551).<\/td>\n<\/tr>\n<tr>\n<td colspan=\"2\"><strong>*%NRV: <\/strong>p\u00e4ivitt\u00e4inen ravintoaineiden viitearvo<\/td>\n<\/tr>\n<\/tbody>\n<\/table>\n<\/details>\n<p>&nbsp;<\/p>","protected":false},"featured_media":5625,"template":"","meta":[],"product_cat":[155,309],"product_tag":[163,319],"class_list":{"0":"post-970","1":"product","2":"type-product","3":"status-publish","4":"has-post-thumbnail","6":"product_cat-weight-control-metabolism","7":"product_cat-weight-management-and-definition","8":"product_tag-weight-control-metabolism","9":"product_tag-weight-management-and-definition","11":"first","12":"instock","13":"taxable","14":"shipping-taxable","15":"purchasable","16":"product-type-simple"},"aioseo_notices":[],"_links":{"self":[{"href":"https:\/\/www.selfprotein.com\/fi\/wp-json\/wp\/v2\/product\/970"}],"collection":[{"href":"https:\/\/www.selfprotein.com\/fi\/wp-json\/wp\/v2\/product"}],"about":[{"href":"https:\/\/www.selfprotein.com\/fi\/wp-json\/wp\/v2\/types\/product"}],"wp:featuredmedia":[{"embeddable":true,"href":"https:\/\/www.selfprotein.com\/fi\/wp-json\/wp\/v2\/media\/5625"}],"wp:attachment":[{"href":"https:\/\/www.selfprotein.com\/fi\/wp-json\/wp\/v2\/media?parent=970"}],"wp:term":[{"taxonomy":"product_cat","embeddable":true,"href":"https:\/\/www.selfprotein.com\/fi\/wp-json\/wp\/v2\/product_cat?post=970"},{"taxonomy":"product_tag","embeddable":true,"href":"https:\/\/www.selfprotein.com\/fi\/wp-json\/wp\/v2\/product_tag?post=970"}],"curies":[{"name":"wp","href":"https:\/\/api.w.org\/{rel}","templated":true}]}}