{"id":995,"date":"2023-11-27T13:57:37","date_gmt":"2023-11-27T12:57:37","guid":{"rendered":"https:\/\/34.88.231.180\/product\/zinc\/"},"modified":"2026-05-01T00:24:09","modified_gmt":"2026-04-30T22:24:09","slug":"zinc","status":"publish","type":"product","link":"https:\/\/www.selfprotein.com\/fi\/tuote\/zinc\/","title":{"rendered":"Zinc"},"content":{"rendered":"<p><strong><span lang=\"en-US\">Zinc<\/span><\/strong><\/p>\n<p><span lang=\"en-US\">Sinkki on t\u00e4rke\u00e4 kivenn\u00e4isaine, joka tarjoaa useita terveyshy\u00f6tyj\u00e4.<\/span><\/p>\n<p><span lang=\"en-US\">Riitt\u00e4v\u00e4n sinkin saannin varmistaminen ruokavaliosta tai lis\u00e4ravinteista voi tukea yleist\u00e4 terveytt\u00e4 ja hyvinvointia tarjoamalla elimist\u00f6lle tarvittavat elementit vahvan immuunij\u00e4rjestelm\u00e4n, tehokkaan proteiinisynteesin ja tasapainoisten hormonitasojen yll\u00e4pit\u00e4miseksi.<\/span><\/p>\n<p><span lang=\"en-US\">T\u00e4ss\u00e4 ovat sinkin edut:<\/span><\/p>\n<ul>\n<li><strong><span lang=\"en-US\">Immuunij\u00e4rjestelm\u00e4n tukeminen: <\/span><\/strong><span lang=\"en-US\">Sinkki auttaa tukemaan ja vahvistamaan immuunij\u00e4rjestelm\u00e4\u00e4 ja suojaamaan kehoa infektioilta ja sairauksilta.<\/span><\/li>\n<li><strong><span lang=\"en-US\">Solujen suojaaminen hapetusstressilt\u00e4: <\/span><\/strong><span lang=\"en-US\">Antioksidanttisten ominaisuuksiensa ansiosta sinkki auttaa suojaamaan soluja hapetusstressin aiheuttamilta vaurioilta, joita elimist\u00f6n vapaat radikaalit voivat aiheuttaa.<\/span><\/li>\n<li><strong><span lang=\"en-US\">Proteiinisynteesi:<\/span><\/strong><span lang=\"en-US\"> Sinkki osallistuu proteiinisynteesiin, joka on perustavanlaatuinen prosessi lihasten, ihon ja muiden kehon kudosten kasvulle, korjaukselle ja yll\u00e4pidolle.<\/span><\/li>\n<li><strong><span lang=\"en-US\">Normaalien testosteronitasojen yll\u00e4pit\u00e4minen:<\/span><\/strong><span lang=\"en-US\"> Sinkill\u00e4 on t\u00e4rke\u00e4 rooli veren normaalin testosteronipitoisuuden yll\u00e4pit\u00e4misess\u00e4, joka on keskeinen hormoni seksuaaliterveyden, lihasmassan, luuntiheyden ja muiden kehon fysiologisten prosessien kannalta.<\/span><\/li>\n<\/ul>\n<p>&nbsp;<\/p>\n<p><strong><span lang=\"en-US\">Suositeltu k\u00e4ytt\u00f6<\/span><\/strong><\/p>\n<p><span lang=\"en-US\">Ota 1 tabletti ennen liikuntaa tai p\u00e4iv\u00e4n aikana.<\/span><\/p>\n<p><strong>Ilmoitus:<\/strong><\/p>\n<ul>\n<li>Vain aikuisille, eik\u00e4 se korvaa monipuolista, tasapainoista ruokavaliota ja terveellisi\u00e4 el\u00e4m\u00e4ntapoja.<\/li>\n<li>\u00c4l\u00e4 ylit\u00e4 suositeltua annosta.<\/li>\n<li>Suositeltu annos : 1 kapseli ennen harjoittelua tai p\u00e4iv\u00e4n aikana.<\/li>\n<li>\u00c4l\u00e4 k\u00e4yt\u00e4 sit\u00e4 imetyksen tai raskauden aikana neuvottelematta l\u00e4\u00e4k\u00e4rin kanssa.<\/li>\n<li>S\u00e4ilyt\u00e4 tuote viile\u00e4ss\u00e4, kuivassa paikassa hyvin suljetussa pakkauksessa alle 3-vuotiaiden lasten ulottumattomissa.<\/li>\n<li>Saattaa sis\u00e4lt\u00e4\u00e4 pieni\u00e4 m\u00e4\u00e4ri\u00e4 maitoa, kauraa, kananmunaa ja soijaa.<\/li>\n<li>Laktoositon ja Gluteeniton.<\/li>\n<\/ul>","protected":false},"excerpt":{"rendered":"<details>\n<summary>Ainesosat<\/summary>\n<table style=\"text-align: center;\">\n<tbody>\n<tr>\n<th>Ainesosat<\/th>\n<th>annosta kohti 1tab<\/th>\n<th>*NRV<\/th>\n<\/tr>\n<tr>\n<td>Sinkkisitraatti<\/td>\n<td>15mg<\/td>\n<td>150%<\/td>\n<\/tr>\n<tr>\n<td colspan=\"3\"><strong>*NRV: <\/strong>ravitsemuksellinen viitearvo<\/td>\n<\/tr>\n<tr>\n<td colspan=\"3\"><strong>Muut ainesosat: <\/strong>stabilointiaineet (E460, E470b, E551)<\/td>\n<\/tr>\n<\/tbody>\n<\/table>\n<\/details>\n<p>&nbsp;<\/p>","protected":false},"featured_media":11387,"template":"","meta":[],"product_cat":[312,214],"product_tag":[314,258],"class_list":{"0":"post-995","1":"product","2":"type-product","3":"status-publish","4":"has-post-thumbnail","6":"product_cat-health-and-wellness","7":"product_cat-vitamins-wellness","8":"product_tag-health-and-wellness","9":"product_tag-vitamins-wellness","11":"first","12":"instock","13":"taxable","14":"shipping-taxable","15":"purchasable","16":"product-type-simple"},"aioseo_notices":[],"_links":{"self":[{"href":"https:\/\/www.selfprotein.com\/fi\/wp-json\/wp\/v2\/product\/995"}],"collection":[{"href":"https:\/\/www.selfprotein.com\/fi\/wp-json\/wp\/v2\/product"}],"about":[{"href":"https:\/\/www.selfprotein.com\/fi\/wp-json\/wp\/v2\/types\/product"}],"wp:featuredmedia":[{"embeddable":true,"href":"https:\/\/www.selfprotein.com\/fi\/wp-json\/wp\/v2\/media\/11387"}],"wp:attachment":[{"href":"https:\/\/www.selfprotein.com\/fi\/wp-json\/wp\/v2\/media?parent=995"}],"wp:term":[{"taxonomy":"product_cat","embeddable":true,"href":"https:\/\/www.selfprotein.com\/fi\/wp-json\/wp\/v2\/product_cat?post=995"},{"taxonomy":"product_tag","embeddable":true,"href":"https:\/\/www.selfprotein.com\/fi\/wp-json\/wp\/v2\/product_tag?post=995"}],"curies":[{"name":"wp","href":"https:\/\/api.w.org\/{rel}","templated":true}]}}