{"id":10418,"date":"2024-10-01T00:05:03","date_gmt":"2024-09-30T22:05:03","guid":{"rendered":"https:\/\/www.selfprotein.com\/?post_type=product&#038;p=10418"},"modified":"2026-04-01T00:00:49","modified_gmt":"2026-03-31T22:00:49","slug":"morning-boost-pack","status":"publish","type":"product","link":"https:\/\/www.selfprotein.com\/it\/prodotto\/morning-boost-pack\/","title":{"rendered":"Morning Boost Pack"},"content":{"rendered":"<p><strong>Morning Boost Pack<\/strong><\/p>\n<p class=\" translation-block\">Dai alla tua mattina una marcia in pi\u00f9 con il Morning Boost Pack, una selezione di prodotti pensati per offrirti gusto, energia e benessere gi\u00e0 dalla colazione. Perfetto per iniziare la giornata con il piede giusto e mantenere alta la tua vitalit\u00e0!<\/p>\n<p><strong>Proti Cream<\/strong><\/p>\n<p>La crema spalmabile che ti fa iniziare la giornata con un sorriso! Ricca di proteine e super golosa.<\/p>\n<ul>\n<li>Gusti irresistibili, perfetta per una colazione golosa<\/li>\n<li>100% proteine, 0% sensi di colpa<\/li>\n<li>Senza zuccheri aggiunti, ti d\u00e0 energia senza appesantire<\/li>\n<\/ul>\n<p><\/p>\n<p><strong>Omega 3 (60 capsule)<\/strong><\/p>\n<p>I tuoi alleati per una mente lucida e un cuore sano, ogni giorno.<\/p>\n<ul>\n<li>Supporta il cuore e la mente con acidi grassi essenziali<\/li>\n<li>Riduce l\u2019infiammazione e migliora il benessere generale<\/li>\n<li>Omega-3 potenti, con te dalla colazione fino a cena<\/li>\n<\/ul>\n<p><\/p>\n<p><strong>Pancake Proteico<\/strong><\/p>\n<p>Il pancake dei tuoi sogni, ricco di proteine e pronto in un attimo!<\/p>\n<ul>\n<li>Colazione facile, veloce e super nutriente<\/li>\n<li>Tanti muscoli, zero fatica, grazie all\u2019alto contenuto proteico<\/li>\n<li>Perfetto con frutta, miele, confetture o la nostra Proti Cream per un\u2019esplosione di gusto<\/li>\n<\/ul>","protected":false},"excerpt":{"rendered":"<p>Morning Boost Pack Date una spinta al vostro mattino con il Morning Boost Pack, una selezione di prodotti pensati per darvi gusto, energia e benessere fin dalla prima colazione. Perfetto per iniziare la giornata con il piede giusto e mantenere alta la vitalit\u00e0! Crema Proti La crema spalmabile che vi fa iniziare la giornata con [...]<\/p>","protected":false},"featured_media":11550,"template":"","meta":[],"product_cat":[313,158,320,210],"product_tag":[316,18,321,223],"class_list":{"0":"post-10418","1":"product","2":"type-product","3":"status-publish","4":"has-post-thumbnail","6":"product_cat-protein-snacks-and-fit-food","7":"product_cat-proteins","8":"product_cat-self-bundles","9":"product_cat-snacks-meal-solutions","10":"product_tag-protein-snacks-fit-food","11":"product_tag-proteins","12":"product_tag-self-bundles","13":"product_tag-snacks-meal-solutions","15":"first","16":"instock","17":"taxable","18":"shipping-taxable","19":"purchasable","20":"product-type-variable","21":"has-default-attributes"},"aioseo_notices":[],"_links":{"self":[{"href":"https:\/\/www.selfprotein.com\/it\/wp-json\/wp\/v2\/product\/10418"}],"collection":[{"href":"https:\/\/www.selfprotein.com\/it\/wp-json\/wp\/v2\/product"}],"about":[{"href":"https:\/\/www.selfprotein.com\/it\/wp-json\/wp\/v2\/types\/product"}],"wp:featuredmedia":[{"embeddable":true,"href":"https:\/\/www.selfprotein.com\/it\/wp-json\/wp\/v2\/media\/11550"}],"wp:attachment":[{"href":"https:\/\/www.selfprotein.com\/it\/wp-json\/wp\/v2\/media?parent=10418"}],"wp:term":[{"taxonomy":"product_cat","embeddable":true,"href":"https:\/\/www.selfprotein.com\/it\/wp-json\/wp\/v2\/product_cat?post=10418"},{"taxonomy":"product_tag","embeddable":true,"href":"https:\/\/www.selfprotein.com\/it\/wp-json\/wp\/v2\/product_tag?post=10418"}],"curies":[{"name":"wp","href":"https:\/\/api.w.org\/{rel}","templated":true}]}}