{"id":10422,"date":"2024-10-28T12:30:30","date_gmt":"2024-10-28T11:30:30","guid":{"rendered":"https:\/\/www.selfprotein.com\/?post_type=product&#038;p=10422"},"modified":"2026-05-01T00:24:27","modified_gmt":"2026-04-30T22:24:27","slug":"quicky","status":"publish","type":"product","link":"https:\/\/www.selfprotein.com\/it\/prodotto\/quicky\/","title":{"rendered":"Quicky"},"content":{"rendered":"<p><strong>Quicky<\/strong><\/p>\n<p>Quicky \u00e8 un preparato proteico pensato per chi ha una vita frenetica ma non vuole compromettere la qualit\u00e0 della propria alimentazione. Questo prodotto \u00e8 facile da preparare e unisce gusto e nutrizione in un\u2019unica soluzione.<\/p>\n<p>Benefici<\/p>\n<p><strong>Alta Concentrazione di Proteine:<\/strong><\/p>\n<ul>\n<li>Con oltre 22 g di proteine per porzione, Quicky supporta efficacemente la sintesi proteica e la crescita muscolare, contribuendo al mantenimento della massa muscolare magra.<\/li>\n<\/ul>\n<p><\/p>\n<p><strong>Mix di Ingredienti Selezionati:<\/strong><\/p>\n<ul>\n<li>Contiene fiocchi di avena e caseina micellare, una proteina del latte ad assorbimento lento, insieme a una combinazione di aromi naturali per un gusto delizioso.<\/li>\n<\/ul>\n<p><\/p>\n<p><strong>Assorbimento Bilanciato:<\/strong><\/p>\n<ul>\n<li>La caseina micellare, unita ai fiocchi di avena, offre un rilascio graduale di aminoacidi nel sangue, garantendo un senso di saziet\u00e0 prolungato e un apporto costante di nutrienti.<\/li>\n<\/ul>\n<p><\/p>\n<p><strong>Facile da preparare:<\/strong><\/p>\n<ul>\n<li>Basta aggiungere acqua o latte, mescolare e cuocere per 60 secondi in microonde. Quicky \u00e8 pronto per essere gustato ovunque, a casa o in ufficio.<\/li>\n<\/ul>\n<p><\/p>\n<p><strong>Senza glutine:<\/strong><\/p>\n<ul>\n<li>Adatto a chi \u00e8 intollerante al glutine, Quicky si adatta a varie esigenze alimentari senza compromettere il gusto.<\/li>\n<\/ul>\n<p><\/p>\n<p><strong>Uso consigliato:<\/strong><\/p>\n<ul>\n<li>Consumare 1-2 porzioni al giorno, a seconda delle esigenze proteiche e dell\u2019attivit\u00e0 fisica. \u00c8 ideale per la colazione, come spuntino post-allenamento, o come pasto veloce in qualsiasi momento della giornata.<\/li>\n<\/ul>\n<p><\/p>\n<p><strong>Avviso:<\/strong><\/p>\n<ul>\n<li>Solo per adulti e deve essere utilizzato nell'ambito di una dieta varia ed equilibrata e di uno stile di vita sano.<\/li>\n<li>Non superare la dose consigliata.<\/li>\n<li>Non utilizzare durante l'allattamento, la gravidanza o per periodi prolungati senza consultare il medico.<\/li>\n<li>Conservare il prodotto in un luogo fresco e asciutto, in un contenitore ben chiuso e fuori dalla portata dei bambini al di sotto dei 3 anni.<\/li>\n<li>Pu\u00f2 contenere tracce di uova e soia.<\/li>\n<li>Senza Glutine.<\/li>\n<\/ul>","protected":false},"excerpt":{"rendered":"<p>Quicky Quicky \u00e8 un preparato proteico pensato per chi ha uno stile di vita frenetico e non vuole compromettere la qualit\u00e0 della propria alimentazione. Questo prodotto \u00e8 facile da preparare e combina gusto e nutrizione in un'unica soluzione. Vantaggi Alta concentrazione di proteine: Con oltre 22 g di proteine per porzione, Quicky supporta efficacemente le proteine [...]<\/p>","protected":false},"featured_media":10427,"template":"","meta":[],"product_cat":[210,309],"product_tag":[223,319],"class_list":{"0":"post-10422","1":"product","2":"type-product","3":"status-publish","4":"has-post-thumbnail","6":"product_cat-snacks-meal-solutions","7":"product_cat-weight-management-and-definition","8":"product_tag-snacks-meal-solutions","9":"product_tag-weight-management-and-definition","11":"first","12":"instock","13":"taxable","14":"shipping-taxable","15":"purchasable","16":"product-type-variable"},"aioseo_notices":[],"_links":{"self":[{"href":"https:\/\/www.selfprotein.com\/it\/wp-json\/wp\/v2\/product\/10422"}],"collection":[{"href":"https:\/\/www.selfprotein.com\/it\/wp-json\/wp\/v2\/product"}],"about":[{"href":"https:\/\/www.selfprotein.com\/it\/wp-json\/wp\/v2\/types\/product"}],"wp:featuredmedia":[{"embeddable":true,"href":"https:\/\/www.selfprotein.com\/it\/wp-json\/wp\/v2\/media\/10427"}],"wp:attachment":[{"href":"https:\/\/www.selfprotein.com\/it\/wp-json\/wp\/v2\/media?parent=10422"}],"wp:term":[{"taxonomy":"product_cat","embeddable":true,"href":"https:\/\/www.selfprotein.com\/it\/wp-json\/wp\/v2\/product_cat?post=10422"},{"taxonomy":"product_tag","embeddable":true,"href":"https:\/\/www.selfprotein.com\/it\/wp-json\/wp\/v2\/product_tag?post=10422"}],"curies":[{"name":"wp","href":"https:\/\/api.w.org\/{rel}","templated":true}]}}