{"id":10554,"date":"2024-10-05T11:29:21","date_gmt":"2024-10-05T09:29:21","guid":{"rendered":"https:\/\/www.selfprotein.com\/?post_type=product&#038;p=10554"},"modified":"2026-05-01T00:24:27","modified_gmt":"2026-04-30T22:24:27","slug":"bundle-quicky","status":"publish","type":"product","link":"https:\/\/www.selfprotein.com\/it\/prodotto\/bundle-quicky\/","title":{"rendered":"Bundle Quicky"},"content":{"rendered":"<p><strong>Bundle Quicky: la tua scelta, il tuo gusto!<\/strong><\/p>\n<p>Con il Bundle Quicky, hai la libert\u00e0 di scegliere sei pack del nostro irresistibile Quicky, disponibile in tre gusti deliziosi: <strong>Mela e Cannella<\/strong>, <strong>Cioccolato<\/strong> e <strong>Vaniglia<\/strong>. Personalizza il tuo pacchetto come preferisci con due opzioni:<\/p>\n<p><strong>Componi il pack con il tuo gusto preferito!<\/strong><\/p>\n<p>Se hai un gusto preferito, questa \u00e8 l\u2019opzione perfetta per te. Seleziona sei confezioni dello stesso sapore e goditi il Quicky proprio come piace a te.<\/p>\n<p><strong>Take it anywhere, anytime!<\/strong><\/p>\n<p>Che tu stia cercando una merenda nutriente, una colazione veloce o un alleato per il tuo pre o post workout, il Quicky \u00e8 la soluzione ideale. Con ingredienti di alta qualit\u00e0 e un elevato contenuto proteico, ogni Quicky \u00e8 sempre pronto a darti energia e gusto, ovunque ti trovi.<\/p>","protected":false},"excerpt":{"rendered":"<p>Bundle Quicky: la vostra scelta, il vostro gusto! Con il Bundle Quicky, avete la libert\u00e0 di scegliere sei confezioni del nostro irresistibile Quicky, disponibile in tre deliziosi gusti: Mela e Cannella, Cioccolato e Vaniglia. Personalizzate il vostro bundle a vostro piacimento con due opzioni: Componi la confezione con il tuo gusto preferito! Se avete un gusto preferito, [...]<\/p>","protected":false},"featured_media":10555,"template":"","meta":[],"product_cat":[210],"product_tag":[223],"class_list":{"0":"post-10554","1":"product","2":"type-product","3":"status-publish","4":"has-post-thumbnail","6":"product_cat-snacks-meal-solutions","7":"product_tag-snacks-meal-solutions","9":"first","10":"instock","11":"taxable","12":"shipping-taxable","13":"purchasable","14":"product-type-variable","15":"has-default-attributes"},"aioseo_notices":[],"_links":{"self":[{"href":"https:\/\/www.selfprotein.com\/it\/wp-json\/wp\/v2\/product\/10554"}],"collection":[{"href":"https:\/\/www.selfprotein.com\/it\/wp-json\/wp\/v2\/product"}],"about":[{"href":"https:\/\/www.selfprotein.com\/it\/wp-json\/wp\/v2\/types\/product"}],"wp:featuredmedia":[{"embeddable":true,"href":"https:\/\/www.selfprotein.com\/it\/wp-json\/wp\/v2\/media\/10555"}],"wp:attachment":[{"href":"https:\/\/www.selfprotein.com\/it\/wp-json\/wp\/v2\/media?parent=10554"}],"wp:term":[{"taxonomy":"product_cat","embeddable":true,"href":"https:\/\/www.selfprotein.com\/it\/wp-json\/wp\/v2\/product_cat?post=10554"},{"taxonomy":"product_tag","embeddable":true,"href":"https:\/\/www.selfprotein.com\/it\/wp-json\/wp\/v2\/product_tag?post=10554"}],"curies":[{"name":"wp","href":"https:\/\/api.w.org\/{rel}","templated":true}]}}