{"id":12547,"date":"2025-04-14T17:45:48","date_gmt":"2025-04-14T15:45:48","guid":{"rendered":"https:\/\/www.selfprotein.com\/?post_type=product&#038;p=12547"},"modified":"2026-04-01T00:01:04","modified_gmt":"2026-03-31T22:01:04","slug":"whey-shake","status":"publish","type":"product","link":"https:\/\/www.selfprotein.com\/it\/prodotto\/whey-shake\/","title":{"rendered":"Whey Shake"},"content":{"rendered":"<p><strong>Whey Shake \u2013 Proteine del Siero di Latte (WPC)<\/strong><\/p>\n<p><strong>La proteina che ti sostiene durante ogni allenamento.<\/strong><\/p>\n<p>Whey Shake \u00e8 il concentrato di proteine del siero di latte che ogni atleta ha bisogno di integrare nella propria routine. Con il suo elevato contenuto proteico e la rapida digeribilit\u00e0, \u00e8 l'alleato perfetto per il recupero post-allenamento, la crescita muscolare e, se integrato in una dieta equilibrata, pu\u00f2 anche favorire la perdita di peso.<\/p>\n<p><strong>Perch\u00e9 ti piacer\u00e0<\/strong><\/p>\n<ul>\n<li><strong>Crescita muscolare<\/strong>: una proteina completa che supporta la sintesi proteica per la crescita muscolare e il recupero.<\/li>\n<li><strong>Recupero rapido<\/strong>: perfetta per il consumo post-allenamento, aiuta a ricaricare i muscoli con nutrienti essenziali, velocizzando il recupero.<\/li>\n<li><strong>Supporto alla perdita di peso<\/strong>: fonte proteica magra che promuove il senso di saziet\u00e0 e riduce l'appetito, utile per la gestione del peso.<\/li>\n<li><strong>Con aminoacidi selezionati<\/strong>: formula arricchita con glicina, alanina e lisina, utili nel supportare i processi di recupero e la funzione muscolare.<\/li>\n<li><strong>Facile da digerire<\/strong>: grazie alla sua rapida assimilazione, \u00e8 una proteina facile da digerire, senza disturbi gastrointestinali.<\/li>\n<li><strong>Assorbimento rapido<\/strong>: rilascio immediato dei nutrienti per massimizzare i benefici post-allenamento.<\/li>\n<\/ul>\n<p><\/p>\n<p>\n<strong>Modalit\u00e0 d\u2019uso<\/strong><\/p>\n<p>Miscela <strong>30 g<\/strong> (circa 1 misurino) con <strong>200 ml di acqua<\/strong> in uno shaker, a seconda delle tue necessit\u00e0 nutrizionali e considerando le altre fonti proteiche nella tua dieta. Puoi anche mescolare la polvere con latte o la bevanda che preferisci, per una variazione di gusto.<\/p>\n<p><strong>Avvertenze<\/strong><\/p>\n<ul>\n<li>Solo per adulti.<\/li>\n<li>Non sostituisce una dieta varia ed equilibrata e uno stile di vita sano.<\/li>\n<li>Non superare la dose consigliata.<\/li>\n<li>Durante la gravidanza o l\u2019allattamento, consultare un medico.<\/li>\n<li>Conservare in un luogo fresco e asciutto, lontano dalla luce diretta.<\/li>\n<li>Pu\u00f2 contenere tracce di avena, uova e soia.<\/li>\n<li><strong>Senza glutine<\/strong>.<\/li>\n<\/ul>\n<p><\/p>\n<p><strong>Perfetta per: atleti, appassionati di fitness, chi cerca una fonte proteica rapida e di qualit\u00e0.<\/strong><\/p>","protected":false},"excerpt":{"rendered":"<p>Whey Shake - Concentrato di proteine del siero del latte (WPC) La proteina che vi sostiene in ogni allenamento. Whey Shake \u00e8 il concentrato di proteine del siero di latte che ogni atleta deve integrare nella propria routine. Grazie all'elevato contenuto proteico e alla rapida digeribilit\u00e0, \u00e8 l'alleato perfetto per il recupero post-allenamento, per la crescita muscolare e, se integrato in un [...]<\/p>","protected":false},"featured_media":12559,"template":"","meta":[],"product_cat":[158,308],"product_tag":[18,318],"class_list":{"0":"post-12547","1":"product","2":"type-product","3":"status-publish","4":"has-post-thumbnail","6":"product_cat-proteins","7":"product_cat-strength-and-muscle-mass","8":"product_tag-proteins","9":"product_tag-strength-and-muscle-mass","11":"first","12":"instock","13":"taxable","14":"shipping-taxable","15":"purchasable","16":"product-type-variable"},"aioseo_notices":[],"_links":{"self":[{"href":"https:\/\/www.selfprotein.com\/it\/wp-json\/wp\/v2\/product\/12547"}],"collection":[{"href":"https:\/\/www.selfprotein.com\/it\/wp-json\/wp\/v2\/product"}],"about":[{"href":"https:\/\/www.selfprotein.com\/it\/wp-json\/wp\/v2\/types\/product"}],"wp:featuredmedia":[{"embeddable":true,"href":"https:\/\/www.selfprotein.com\/it\/wp-json\/wp\/v2\/media\/12559"}],"wp:attachment":[{"href":"https:\/\/www.selfprotein.com\/it\/wp-json\/wp\/v2\/media?parent=12547"}],"wp:term":[{"taxonomy":"product_cat","embeddable":true,"href":"https:\/\/www.selfprotein.com\/it\/wp-json\/wp\/v2\/product_cat?post=12547"},{"taxonomy":"product_tag","embeddable":true,"href":"https:\/\/www.selfprotein.com\/it\/wp-json\/wp\/v2\/product_tag?post=12547"}],"curies":[{"name":"wp","href":"https:\/\/api.w.org\/{rel}","templated":true}]}}