{"id":15180,"date":"2026-04-07T12:47:11","date_gmt":"2026-04-07T10:47:11","guid":{"rendered":"https:\/\/www.selfprotein.com\/?post_type=product&#038;p=15180"},"modified":"2026-04-07T12:47:11","modified_gmt":"2026-04-07T10:47:11","slug":"creatine-gummies","status":"publish","type":"product","link":"https:\/\/www.selfprotein.com\/it\/prodotto\/creatine-gummies\/","title":{"rendered":"Creatine Gummies"},"content":{"rendered":"<p class=\" translation-block\"><strong>CREATINE GUMMIES<\/strong><br>\n<strong>La creatina in una nuova forma. Sempre, ovunque.<\/strong><br>\nUn modo semplice e immediato per integrare creatina nella tua routine quotidiana.<br>\nLe <strong>Creatine Gummies<\/strong> combinano praticit\u00e0 d\u2019uso e funzionalit\u00e0, offrendo un\u2019alternativa alla classica creatina in polvere.<br>\nIl formato gummy, morbido e pronto all\u2019uso, permette un\u2019assunzione facile in qualsiasi momento della giornata, senza bisogno di acqua o shaker.<br>\nLa creatina \u00e8 uno degli ingredienti pi\u00f9 studiati nella nutrizione sportiva e contribuisce ad aumentare le prestazioni fisiche in attivit\u00e0 ripetute, di elevata intensit\u00e0 e breve durata.*<\/p>\n<p><strong>Perch\u00e9 ti piaceranno<\/strong><br \/>\nFormato smart, utilizzo immediato.<br \/>\n\u2022 Gummy pratiche e pronte all\u2019uso<br \/>\n\u2022 Nessuna preparazione richiesta<br \/>\n\u2022 Facili da portare sempre con te<br \/>\n\u2022 Ideali in ogni momento della giornata<\/p>\n<p><strong>A chi sono destinate<\/strong><br \/>\nPensate per adattarsi a diverse routine e stili di vita.<br \/>\n\u2022 Sportivi e non sportivi<br \/>\n\u2022 Allenamenti ad alta intensit\u00e0<br \/>\n\u2022 Routine quotidiane attive<br \/>\n\u2022 Chi cerca un\u2019integrazione semplice e accessibile<\/p>\n<p><strong>Modalit\u00e0 d\u2019uso<\/strong><br \/>\nPrendere <strong>2 gummies al giorno<\/strong>.<br \/>\n\u2022 In qualsiasi momento della giornata<br \/>\n\u2022 Prima o dopo l\u2019allenamento<br \/>\n\u2022 Anche nei giorni di riposo<\/p>\n<p><strong>Qualit\u00e0<\/strong><br \/>\n\u2022 Creatina selezionata<br \/>\n\u2022 Standard qualitativi controllati<br \/>\n\u2022 Formulazione sviluppata per garantire praticit\u00e0 d\u2019uso<\/p>\n<p><strong>Avvertenze<\/strong><br \/>\n\u2022 Gli integratori alimentari non vanno intesi come sostituti di una dieta varia ed equilibrata e di uno stile di vita sano.<br \/>\n\u2022 Non superare la dose giornaliera consigliata.<br \/>\n\u2022 Tenere fuori dalla portata dei bambini.<\/p>","protected":false},"excerpt":{"rendered":"<p>CREATINE GUMMIES The new form of creatine. Anytime, anywhere. A simple and immediate way to integrate creatine into your daily routine. Creatine Gummies combine ease of use and functionality, offering an alternative to traditional creatine powder. The soft, ready-to-use gummy format allows easy intake anytime, anywhere, no water or shaker needed. Creatine is one of [&hellip;]<\/p>","protected":false},"featured_media":15240,"template":"","meta":[],"product_cat":[151,308],"product_tag":[161,318],"class_list":{"0":"post-15180","1":"product","2":"type-product","3":"status-publish","4":"has-post-thumbnail","6":"product_cat-amino-acids-creatine","7":"product_cat-strength-and-muscle-mass","8":"product_tag-amino-acids-creatine","9":"product_tag-strength-and-muscle-mass","11":"first","12":"instock","13":"sale","14":"taxable","15":"shipping-taxable","16":"purchasable","17":"product-type-variable"},"aioseo_notices":[],"_links":{"self":[{"href":"https:\/\/www.selfprotein.com\/it\/wp-json\/wp\/v2\/product\/15180"}],"collection":[{"href":"https:\/\/www.selfprotein.com\/it\/wp-json\/wp\/v2\/product"}],"about":[{"href":"https:\/\/www.selfprotein.com\/it\/wp-json\/wp\/v2\/types\/product"}],"wp:featuredmedia":[{"embeddable":true,"href":"https:\/\/www.selfprotein.com\/it\/wp-json\/wp\/v2\/media\/15240"}],"wp:attachment":[{"href":"https:\/\/www.selfprotein.com\/it\/wp-json\/wp\/v2\/media?parent=15180"}],"wp:term":[{"taxonomy":"product_cat","embeddable":true,"href":"https:\/\/www.selfprotein.com\/it\/wp-json\/wp\/v2\/product_cat?post=15180"},{"taxonomy":"product_tag","embeddable":true,"href":"https:\/\/www.selfprotein.com\/it\/wp-json\/wp\/v2\/product_tag?post=15180"}],"curies":[{"name":"wp","href":"https:\/\/api.w.org\/{rel}","templated":true}]}}