{"id":16,"date":"2023-10-10T18:16:27","date_gmt":"2023-10-10T16:16:27","guid":{"rendered":"https:\/\/34.88.231.180\/?post_type=product&#038;p=16"},"modified":"2026-05-01T00:23:38","modified_gmt":"2026-04-30T22:23:38","slug":"l-arginine","status":"publish","type":"product","link":"https:\/\/www.selfprotein.com\/it\/prodotto\/l-arginine\/","title":{"rendered":"L-Arginina"},"content":{"rendered":"<p style=\"text-align: left;\" align=\"center\"><strong><span lang=\"en-US\">L-Arginina<\/span><\/strong><\/p>\n<p><span lang=\"en-US\">La L-arginina \u00e8 un aminoacido semi-essenziale presente negli alimenti ricchi di proteine come carne, pesce, latticini e legumi. Sebbene l'organismo sia in grado di produrre arginina, potrebbe non sintetizzarne una quantit\u00e0 sufficiente a soddisfare il fabbisogno fisiologico. Questo aminoacido svolge un ruolo cruciale in numerose funzioni corporee, tra cui la produzione di ossido nitrico, essenziale per mantenere la salute cardiovascolare e un flusso sanguigno ottimale.<\/span><\/p>\n<p><span lang=\"en-US\">L'aggiunta di arginina alla propria dieta pu\u00f2 essere un modo efficace per sostenere la salute e il benessere generale.<\/span><\/p>\n<p><span lang=\"en-US\">Benefici della L-Arginina:<\/span><\/p>\n<ul>\n<li><strong><span lang=\"en-US\">Miglioramento delle prestazioni durante l'esercizio fisico<\/span><\/strong><span lang=\"en-US\"><strong>:<\/strong> L'integrazione dell'arginina nella dieta pu\u00f2 favorire il miglioramento delle prestazioni fisiche durante l'esercizio. Questo aminoacido \u00e8 noto per aumentare il flusso sanguigno e l'apporto di ossigeno ai muscoli, migliorando cos\u00ec la resistenza e la capacit\u00e0 di impegnarsi in attivit\u00e0 fisiche intense.<\/span><\/li>\n<li><strong><span lang=\"en-US\">Miglioramento della salute cardiovascolare:<\/span><\/strong><span lang=\"en-US\"> L'arginina \u00e8 associata a numerosi benefici per la salute cardiovascolare. Migliorando il flusso sanguigno e dilatando i vasi sanguigni attraverso la produzione di ossido nitrico, l'arginina pu\u00f2 contribuire a ridurre la pressione sanguigna e il rischio di coaguli, favorendo cos\u00ec la salute del cuore e delle arterie.<\/span><\/li>\n<li><strong><span lang=\"en-US\">Potenziamento della funzione immunitaria: <\/span><\/strong><span lang=\"en-US\">L'integrazione dell'arginina nella dieta pu\u00f2 sostenere e potenziare il sistema immunitario. Questo aminoacido pu\u00f2 aumentare la produzione di cellule immunitarie e migliorare la loro capacit\u00e0 di combattere le infezioni, contribuendo cos\u00ec a mantenere un sistema immunitario forte e reattivo.<\/span><\/li>\n<li><strong><span lang=\"en-US\">Miglioramento della funzione erettile:<\/span><\/strong><span lang=\"en-US\"> Per gli uomini affetti da disfunzione erettile, l'arginina pu\u00f2 offrire notevoli benefici. Questo aminoacido \u00e8 noto per aumentare il flusso sanguigno al pene, migliorando cos\u00ec la funzione erettile e la salute sessuale.<\/span><\/li>\n<\/ul>\n<p>&nbsp;<\/p>\n<p><strong><span lang=\"en-US\">Uso consigliato<\/span><\/strong><\/p>\n<p><span lang=\"en-US\">Assumere 1 dose 30-45 minuti prima dell'attivit\u00e0 sportiva e 1 dose prima di andare a dormire.<\/span><\/p>\n<p><strong>Avviso:<\/strong><\/p>\n<ul>\n<li>Solo per adulti e non sostituisce una dieta varia ed equilibrata e uno stile di vita sano.<\/li>\n<li>Non superare la dose consigliata.<\/li>\n<li>Non utilizzarlo durante l'allattamento e i periodi di gravidanza senza consultare il medico.<\/li>\n<li>Conservare il prodotto in un luogo fresco e asciutto, in una confezione ben sigillata e fuori dalla portata dei bambini al di sotto dei 3 anni.<\/li>\n<li>Pu\u00f2 contenere tracce di latte, avena, uova, soia.<\/li>\n<li>Senza Lattosio e Senza Glutine.<\/li>\n<\/ul>","protected":false},"excerpt":{"rendered":"<details>\n<summary>Ingredienti<\/summary>\n<table style=\"text-align: center;\">\n<tbody>\n<tr>\n<th>INGREDIENTI<\/th>\n<th>per porzione<\/th>\n<\/tr>\n<tr>\n<td>L-Arginina<\/td>\n<td>5g<\/td>\n<\/tr>\n<\/tbody>\n<\/table>\n<\/details>\n<p>&nbsp;<\/p>","protected":false},"featured_media":11848,"template":"","meta":[],"product_cat":[151,310],"product_tag":[161,315],"class_list":{"0":"post-16","1":"product","2":"type-product","3":"status-publish","4":"has-post-thumbnail","6":"product_cat-amino-acids-creatine","7":"product_cat-performance-and-endurance","8":"product_tag-amino-acids-creatine","9":"product_tag-performance-and-endurance","11":"first","12":"instock","13":"sale","14":"taxable","15":"shipping-taxable","16":"purchasable","17":"product-type-simple"},"aioseo_notices":[],"_links":{"self":[{"href":"https:\/\/www.selfprotein.com\/it\/wp-json\/wp\/v2\/product\/16"}],"collection":[{"href":"https:\/\/www.selfprotein.com\/it\/wp-json\/wp\/v2\/product"}],"about":[{"href":"https:\/\/www.selfprotein.com\/it\/wp-json\/wp\/v2\/types\/product"}],"wp:featuredmedia":[{"embeddable":true,"href":"https:\/\/www.selfprotein.com\/it\/wp-json\/wp\/v2\/media\/11848"}],"wp:attachment":[{"href":"https:\/\/www.selfprotein.com\/it\/wp-json\/wp\/v2\/media?parent=16"}],"wp:term":[{"taxonomy":"product_cat","embeddable":true,"href":"https:\/\/www.selfprotein.com\/it\/wp-json\/wp\/v2\/product_cat?post=16"},{"taxonomy":"product_tag","embeddable":true,"href":"https:\/\/www.selfprotein.com\/it\/wp-json\/wp\/v2\/product_tag?post=16"}],"curies":[{"name":"wp","href":"https:\/\/api.w.org\/{rel}","templated":true}]}}