{"id":243,"date":"2023-11-27T12:58:01","date_gmt":"2023-11-27T11:58:01","guid":{"rendered":"https:\/\/34.88.231.180\/product\/acetyl-l-carnitine-1000\/"},"modified":"2026-05-01T00:23:38","modified_gmt":"2026-04-30T22:23:38","slug":"acetyl-l-carnitine-1000","status":"publish","type":"product","link":"https:\/\/www.selfprotein.com\/it\/prodotto\/acetyl-l-carnitine-1000\/","title":{"rendered":"Acetyl L-Carnitina 1000"},"content":{"rendered":"<p style=\"text-align: left;\" align=\"center\"><strong><span lang=\"en-US\">Acetyl L-Carnitina 1000<\/span><\/strong><\/p>\n<p><span lang=\"en-US\">Scoprite il potenziale dell'Acetil L-Carnitina (ALCAR), un derivato aminoacidico che svolge un ruolo cruciale nel metabolismo dei grassi e nella produzione di energia nel corpo umano. Presente in natura e ricavabile da fonti alimentari come carne rossa, pesce e latticini, l'ALCAR \u00e8 disponibile anche sotto forma di integratori ed \u00e8 ampiamente utilizzato per vari scopi, tra cui il potenziamento delle funzioni cognitive, il sostegno alla perdita di peso e la promozione di un invecchiamento sano.<\/span><\/p>\n<p><span lang=\"en-US\">Benefici dell'acetil L-carnitina (ALCAR):<\/span><\/p>\n<ul>\n<li><strong><span lang=\"en-US\">Miglioramento delle funzioni cognitive:<\/span><\/strong><span lang=\"en-US\"> L'ALCAR pu\u00f2 contribuire a migliorare la memoria, la concentrazione e le prestazioni cognitive generali, offrendo potenziali benefici per la salute del cervello.<\/span><\/li>\n<li><strong><span lang=\"en-US\">Aumento dell'energia:<\/span><\/strong><span lang=\"en-US\"> Stimolando la produzione di ATP, la principale moneta energetica dell'organismo, l'ALCAR pu\u00f2 favorire l'aumento dei livelli di energia, fornendo un supporto per affrontare attivit\u00e0 fisiche e mentali impegnative.<\/span><\/li>\n<li><strong><span lang=\"en-US\">Miglioramento dell'umore<\/span><\/strong><span lang=\"en-US\"><strong>:<\/strong> L'ALCAR pu\u00f2 influenzare positivamente l'umore, riducendo i sintomi della depressione e dell'ansia e promuovendo un senso di benessere mentale.<\/span><\/li>\n<li><strong><span lang=\"en-US\">Effetti anti-invecchiamento:<\/span><\/strong><span lang=\"en-US\"> Grazie alla sua capacit\u00e0 di ridurre lo stress ossidativo e l'infiammazione, l'ALCAR pu\u00f2 contribuire a sostenere un invecchiamento sano, offrendo protezione dalle malattie croniche legate all'et\u00e0.<\/span><\/li>\n<\/ul>\n<p>&nbsp;<\/p>\n<p><span lang=\"en-US\">Integrando l'Acetil L-Carnitina (ALCAR) nella vostra routine quotidiana, potrete sperimentare una serie di benefici che promuovono non solo il vostro benessere fisico, ma anche la vostra salute mentale e cognitiva, permettendovi di affrontare la vita con vitalit\u00e0 e chiarezza mentale.<\/span><\/p>\n<p><strong><span lang=\"en-US\">Uso consigliato<\/span><\/strong><\/p>\n<p><span lang=\"en-US\">1 compressa durante il giorno o 30-45 minuti prima dell'allenamento.<\/span><\/p>\n<p><strong>Avviso:<\/strong><\/p>\n<ul>\n<li>Solo per adulti e non sostituisce una dieta varia ed equilibrata e uno stile di vita sano.<\/li>\n<li>Non superare la dose consigliata.<\/li>\n<li>Non utilizzarlo durante l'allattamento e i periodi di gravidanza senza consultare il medico.<\/li>\n<li>Conservare il prodotto in un luogo fresco e asciutto, in una confezione ben sigillata e fuori dalla portata dei bambini al di sotto dei 3 anni.<\/li>\n<li>Pu\u00f2 contenere tracce di latte, avena, uova, soia.<\/li>\n<li>Senza Lattosio e Senza Glutine.<\/li>\n<\/ul>","protected":false},"excerpt":{"rendered":"<details>\n<summary>Ingredienti<\/summary>\n<table style=\"text-align: center;\">\n<tbody>\n<tr>\n<th>Ingredienti<\/th>\n<th>per 1 tab<\/th>\n<\/tr>\n<tr>\n<td>Acetil L-Carnitina<\/td>\n<td>1000 mg<\/td>\n<\/tr>\n<tr>\n<td colspan=\"2\"><strong>Altri ingredienti: <\/strong>agenti stabilizzanti E460, E470b, E551<\/td>\n<\/tr>\n<\/tbody>\n<\/table>\n<\/details>\n<p>&nbsp;<\/p>","protected":false},"featured_media":246,"template":"","meta":[],"product_cat":[155,309],"product_tag":[163,319],"class_list":{"0":"post-243","1":"product","2":"type-product","3":"status-publish","4":"has-post-thumbnail","6":"product_cat-weight-control-metabolism","7":"product_cat-weight-management-and-definition","8":"product_tag-weight-control-metabolism","9":"product_tag-weight-management-and-definition","11":"first","12":"instock","13":"taxable","14":"shipping-taxable","15":"purchasable","16":"product-type-simple"},"aioseo_notices":[],"_links":{"self":[{"href":"https:\/\/www.selfprotein.com\/it\/wp-json\/wp\/v2\/product\/243"}],"collection":[{"href":"https:\/\/www.selfprotein.com\/it\/wp-json\/wp\/v2\/product"}],"about":[{"href":"https:\/\/www.selfprotein.com\/it\/wp-json\/wp\/v2\/types\/product"}],"wp:featuredmedia":[{"embeddable":true,"href":"https:\/\/www.selfprotein.com\/it\/wp-json\/wp\/v2\/media\/246"}],"wp:attachment":[{"href":"https:\/\/www.selfprotein.com\/it\/wp-json\/wp\/v2\/media?parent=243"}],"wp:term":[{"taxonomy":"product_cat","embeddable":true,"href":"https:\/\/www.selfprotein.com\/it\/wp-json\/wp\/v2\/product_cat?post=243"},{"taxonomy":"product_tag","embeddable":true,"href":"https:\/\/www.selfprotein.com\/it\/wp-json\/wp\/v2\/product_tag?post=243"}],"curies":[{"name":"wp","href":"https:\/\/api.w.org\/{rel}","templated":true}]}}