{"id":251,"date":"2023-11-27T12:58:05","date_gmt":"2023-11-27T11:58:05","guid":{"rendered":"https:\/\/34.88.231.180\/product\/ala-alpha-lipoic-acid\/"},"modified":"2026-04-01T00:00:07","modified_gmt":"2026-03-31T22:00:07","slug":"ala-alpha-lipoic-acid","status":"publish","type":"product","link":"https:\/\/www.selfprotein.com\/it\/prodotto\/ala-alpha-lipoic-acid\/","title":{"rendered":"ALA Acido Alfa Lipoico"},"content":{"rendered":"<p style=\"text-align: left\" align=\"center\"><strong><span lang=\"en-US\">ALA Acido Alfa Lipoico<\/span><\/strong><\/p>\n<p><span lang=\"en-US\">Scoprite i potenziali benefici dell'acido alfa-lipoico (ALA), un antiossidante presente in alimenti come spinaci, broccoli e fegato, che pu\u00f2 offrire un valido supporto alle prestazioni sportive degli atleti. Grazie alle sue propriet\u00e0 antinfiammatorie e alla capacit\u00e0 di migliorare la sensibilit\u00e0 all'insulina, l'ALA \u00e8 diventato un integratore popolare tra gli atleti che cercano ulteriori vantaggi nell'allenamento e nel recupero.<\/span><\/p>\n<p><span lang=\"en-US\">Benefici dell'acido alfa-lipoico (ALA):<\/span><\/p>\n<ul>\n<li><strong><span lang=\"en-US\">Riduzione dell'infiammazione:<\/span><\/strong><span lang=\"en-US\"> L'ALA pu\u00f2 contribuire a ridurre l'infiammazione e l'indolenzimento muscolare indotti dall'esercizio fisico, consentendo agli atleti di recuperare pi\u00f9 rapidamente e di affrontare le sessioni di allenamento successive con maggiore tranquillit\u00e0.<\/span><\/li>\n<li><strong><span lang=\"en-US\">Miglioramento della sensibilit\u00e0 all'insulina: <\/span><\/strong><span lang=\"en-US\">L'ALA pu\u00f2 contribuire a migliorare la sensibilit\u00e0 all'insulina, garantendo una regolazione stabile dei livelli di zucchero nel sangue durante l'esercizio fisico, fondamentale per mantenere costanti energia e prestazioni.<\/span><\/li>\n<li><strong><span lang=\"en-US\">Miglioramento del recupero:<\/span><\/strong><span lang=\"en-US\"> Integrando l'ALA nella dieta, gli atleti possono migliorare il recupero post-allenamento, grazie alla capacit\u00e0 dell'ALA di ridurre lo stress ossidativo e di promuovere la riparazione muscolare.<\/span><\/li>\n<li><strong><span lang=\"en-US\">Sostegno alla salute del cervello:<\/span><\/strong><span lang=\"en-US\"> Le propriet\u00e0 neuroprotettive dell'ALA possono aiutare gli atleti a mantenere le funzioni cognitive e la concentrazione durante gli allenamenti e le gare, consentendo loro di rimanere concentrati e performanti in ogni situazione.<\/span><\/li>\n<\/ul>\n<p><\/p>\n<p><span lang=\"en-US\">Con l'acido alfa-lipoico (ALA) come parte della loro routine nutrizionale, gli atleti possono beneficiare di un ulteriore supporto per il loro benessere generale e per le loro prestazioni sportive, consentendo loro di eccellere nei loro obiettivi atletici con maggiore fiducia e resilienza.<\/span><\/p>\n<p><strong><span lang=\"en-US\">Uso consigliato<\/span><\/strong><\/p>\n<p><span lang=\"en-US\">2 capsule nell'arco della giornata.<\/span><\/p>\n<p><strong>Avviso:<\/strong><\/p>\n<ul>\n<li>Solo per adulti e non sostituisce una dieta varia ed equilibrata e uno stile di vita sano.<\/li>\n<li>Non superare la dose consigliata.<\/li>\n<li>Non utilizzarlo durante l'allattamento e i periodi di gravidanza senza consultare il medico.<\/li>\n<li>Conservare il prodotto in un luogo fresco e asciutto, in una confezione ben sigillata e fuori dalla portata dei bambini al di sotto dei 3 anni.<\/li>\n<li>Pu\u00f2 contenere tracce di latte, avena, uova, soia.<\/li>\n<li>Senza Lattosio e Senza Glutine.<\/li>\n<\/ul>","protected":false},"excerpt":{"rendered":"<details>\n<summary>Ingredienti<\/summary>\n<table style=\"text-align: center\">\n<tbody>\n<tr>\n<th>Ingredienti<\/th>\n<th>per 2 cps<\/th>\n<\/tr>\n<tr>\n<td>Acido Alfa Lipoico<\/td>\n<td>400 mg<\/td>\n<\/tr>\n<tr>\n<td>Biotina<\/td>\n<td>225\u03bcg (450%*)<\/td>\n<\/tr>\n<tr>\n<td>Cromo<\/td>\n<td>200\u03bcg (450%*)<\/td>\n<\/tr>\n<tr>\n<td colspan=\"2\"><strong>Altri ingredienti:<\/strong>agenti stabilizzanti E460, E470b, capsula vegana (E1204)<\/td>\n<\/tr>\n<tr>\n<td colspan=\"2\">*Valore nutrizionale di riferimento<\/td>\n<\/tr>\n<\/tbody>\n<\/table>\n<\/details>\n<p>&nbsp;<\/p>","protected":false},"featured_media":12756,"template":"","meta":[],"product_cat":[155,309],"product_tag":[163,319],"class_list":{"0":"post-251","1":"product","2":"type-product","3":"status-publish","4":"has-post-thumbnail","6":"product_cat-weight-control-metabolism","7":"product_cat-weight-management-and-definition","8":"product_tag-weight-control-metabolism","9":"product_tag-weight-management-and-definition","11":"first","12":"instock","13":"sale","14":"taxable","15":"shipping-taxable","16":"purchasable","17":"product-type-simple"},"aioseo_notices":[],"_links":{"self":[{"href":"https:\/\/www.selfprotein.com\/it\/wp-json\/wp\/v2\/product\/251"}],"collection":[{"href":"https:\/\/www.selfprotein.com\/it\/wp-json\/wp\/v2\/product"}],"about":[{"href":"https:\/\/www.selfprotein.com\/it\/wp-json\/wp\/v2\/types\/product"}],"wp:featuredmedia":[{"embeddable":true,"href":"https:\/\/www.selfprotein.com\/it\/wp-json\/wp\/v2\/media\/12756"}],"wp:attachment":[{"href":"https:\/\/www.selfprotein.com\/it\/wp-json\/wp\/v2\/media?parent=251"}],"wp:term":[{"taxonomy":"product_cat","embeddable":true,"href":"https:\/\/www.selfprotein.com\/it\/wp-json\/wp\/v2\/product_cat?post=251"},{"taxonomy":"product_tag","embeddable":true,"href":"https:\/\/www.selfprotein.com\/it\/wp-json\/wp\/v2\/product_tag?post=251"}],"curies":[{"name":"wp","href":"https:\/\/api.w.org\/{rel}","templated":true}]}}