{"id":3136,"date":"2024-10-26T11:18:45","date_gmt":"2024-10-26T09:18:45","guid":{"rendered":"https:\/\/34.88.231.180\/?post_type=product&#038;p=3136"},"modified":"2026-05-01T00:24:17","modified_gmt":"2026-04-30T22:24:17","slug":"proti-break","status":"publish","type":"product","link":"https:\/\/www.selfprotein.com\/it\/prodotto\/proti-break\/","title":{"rendered":"Proti Break"},"content":{"rendered":"<p style=\"text-align: left;\" align=\"center\"><span lang=\"en-US\"><strong>Proti Break<\/strong> <\/span><\/p>\n<p><span lang=\"en-US\">Proti Break \u00e8 una barretta proteica formulata per fornire una fonte di proteine di alta qualit\u00e0 con un ridotto contenuto di zuccheri. Questo snack nutriente \u00e8 stato progettato per soddisfare le esigenze di coloro che desiderano aumentare l'apporto proteico nella loro dieta, come gli atleti o coloro che seguono regimi dietetici specifici.<\/span><\/p>\n<p><span lang=\"en-US\">Benefici di Proti Break:<\/span><\/p>\n<ul>\n<li><strong><span lang=\"en-US\">Alto contenuto proteico:<\/span><\/strong><span lang=\"en-US\"> Le barrette Proti Break offrono una generosa quantit\u00e0 di proteine di alta qualit\u00e0, ideali per favorire la crescita e il recupero muscolare e per mantenere il senso di saziet\u00e0.<\/span><\/li>\n<li><strong><span lang=\"en-US\">Basso contenuto di zuccheri:<\/span><\/strong><span lang=\"en-US\"> Con un ridotto contenuto di zuccheri, le barrette Proti Break sono la scelta ideale per chi vuole limitare l'assunzione di zuccheri nella propria dieta, senza sacrificare il gusto o la soddisfazione dello spuntino.<\/span><\/li>\n<li><strong><span lang=\"en-US\">Convenienza:<\/span><\/strong><span lang=\"en-US\"> Proti Break \u00e8 un'opzione conveniente per chi \u00e8 sempre in movimento e ha bisogno di uno snack nutriente e veloce da consumare ovunque e in qualsiasi momento.<\/span><\/li>\n<li><strong><span lang=\"en-US\">Varie opzioni:<\/span><\/strong><span lang=\"en-US\"> Con una variet\u00e0 di gusti disponibili, c'\u00e8 una barretta Proti Break per tutti i gusti, rendendo pi\u00f9 facile l'integrazione di proteine di alta qualit\u00e0 nella dieta quotidiana.<\/span><\/li>\n<\/ul>\n<p><\/p>\n<p><strong><span lang=\"en-US\">Uso consigliato<\/span><\/strong><\/p>\n<p><span lang=\"en-US\">1-2 barrette al giorno, secondo le necessit\u00e0.<\/span><\/p>\n<p><strong>Avviso:<\/strong><\/p>\n<ul>\n<li>Pu\u00f2 contenere tracce di latte, avena, uova, soia.<\/li>\n<li>Un consumo eccessivo pu\u00f2 avere effetti lassativi.<\/li>\n<\/ul>","protected":false},"excerpt":{"rendered":"<p>Proti Break Proti Break \u00e8 una barretta proteica formulata per fornire una fonte di proteine di alta qualit\u00e0 con un ridotto contenuto di zuccheri. Questo snack nutriente \u00e8 stato progettato per soddisfare le esigenze di coloro che desiderano aumentare l'apporto proteico nella loro dieta, come gli atleti o coloro che seguono regimi dietetici specifici. Benefici di Proti Break: Alto contenuto di proteine: [...]<\/p>","protected":false},"featured_media":3165,"template":"","meta":[],"product_cat":[313,210],"product_tag":[316,223],"class_list":{"0":"post-3136","1":"product","2":"type-product","3":"status-publish","4":"has-post-thumbnail","6":"product_cat-protein-snacks-and-fit-food","7":"product_cat-snacks-meal-solutions","8":"product_tag-protein-snacks-fit-food","9":"product_tag-snacks-meal-solutions","11":"first","12":"instock","13":"taxable","14":"shipping-taxable","15":"purchasable","16":"product-type-variable","17":"has-default-attributes"},"aioseo_notices":[],"_links":{"self":[{"href":"https:\/\/www.selfprotein.com\/it\/wp-json\/wp\/v2\/product\/3136"}],"collection":[{"href":"https:\/\/www.selfprotein.com\/it\/wp-json\/wp\/v2\/product"}],"about":[{"href":"https:\/\/www.selfprotein.com\/it\/wp-json\/wp\/v2\/types\/product"}],"wp:featuredmedia":[{"embeddable":true,"href":"https:\/\/www.selfprotein.com\/it\/wp-json\/wp\/v2\/media\/3165"}],"wp:attachment":[{"href":"https:\/\/www.selfprotein.com\/it\/wp-json\/wp\/v2\/media?parent=3136"}],"wp:term":[{"taxonomy":"product_cat","embeddable":true,"href":"https:\/\/www.selfprotein.com\/it\/wp-json\/wp\/v2\/product_cat?post=3136"},{"taxonomy":"product_tag","embeddable":true,"href":"https:\/\/www.selfprotein.com\/it\/wp-json\/wp\/v2\/product_tag?post=3136"}],"curies":[{"name":"wp","href":"https:\/\/api.w.org\/{rel}","templated":true}]}}