{"id":322,"date":"2023-11-27T12:58:55","date_gmt":"2023-11-27T11:58:55","guid":{"rendered":"https:\/\/34.88.231.180\/product\/arginine-alpha-ketoglutarate-aakg\/"},"modified":"2026-04-01T00:00:07","modified_gmt":"2026-03-31T22:00:07","slug":"arginine-alpha-ketoglutarate-akg","status":"publish","type":"product","link":"https:\/\/www.selfprotein.com\/it\/prodotto\/arginine-alpha-ketoglutarate-akg\/","title":{"rendered":"Arginina Alfa Chetoglutarato (AKG)"},"content":{"rendered":"<p style=\"text-align: left;\" align=\"center\"><strong><span lang=\"en-US\">Arginina alfa-chetoglutarato<\/span><\/strong><\/p>\n<p><span lang=\"en-US\">L'arginina alfa-chetoglutarato (AAKG) \u00e8 un composto ottenuto dall'aminoacido arginina e dall'alfa-chetoglutarato, un intermediario del processo metabolico noto come ciclo dell'acido citrico. Spesso promosso come integratore alimentare nel settore del bodybuilding e del fitness, si attribuisce all'AAKG la capacit\u00e0 di migliorare il flusso sanguigno, aumentare i livelli di energia e migliorare le prestazioni atletiche.<\/span><\/p>\n<p><span lang=\"en-US\">Vantaggi del prodotto:<\/span><\/p>\n<ul>\n<li><strong><span lang=\"en-US\">Miglioramento del flusso sanguigno:<\/span><\/strong><span lang=\"en-US\"> L'AAKG pu\u00f2 contribuire a migliorare il flusso sanguigno aumentando la produzione di ossido nitrico, una molecola che favorisce il rilassamento dei vasi sanguigni e migliora la circolazione.<\/span><\/li>\n<li><strong><span lang=\"en-US\">Aumento dei livelli di energia:<\/span><\/strong><span lang=\"en-US\"> L'aggiunta di AAKG alla dieta pu\u00f2 portare a un aumento dei livelli di energia, favorendo cos\u00ec attivit\u00e0 fisiche intense e prolungate.<\/span><\/li>\n<li><strong><span lang=\"en-US\">Miglioramento delle prestazioni atletiche:<\/span><\/strong><span lang=\"en-US\"> Si ritiene che l'AAKG migliori le prestazioni atletiche consentendo una migliore vasodilatazione e un maggiore apporto di nutrienti e ossigeno ai muscoli durante l'esercizio.<\/span><\/li>\n<li><strong><span lang=\"en-US\">Supporto per il bodybuilding:<\/span><\/strong><span lang=\"en-US\"> Grazie ai suoi presunti effetti sul flusso sanguigno e sull'energia, l'AAKG viene spesso utilizzato nel contesto del bodybuilding per promuovere la crescita muscolare e migliorare il recupero dopo allenamenti intensi.<\/span><\/li>\n<\/ul>\n<p>&nbsp;<\/p>\n<p><strong><span lang=\"en-US\">Uso consigliato<\/span><\/strong><\/p>\n<p><span lang=\"en-US\">1 porzione 30-45 minuti prima dell'attivit\u00e0 fisica e 1 porzione prima di andare a dormire.<\/span><\/p>\n<p><strong>Avviso:<\/strong><\/p>\n<ul>\n<li>Solo per adulti e non sostituisce una dieta varia ed equilibrata e uno stile di vita sano.<\/li>\n<li>Non superare la dose consigliata.<\/li>\n<li>Non utilizzarlo durante l'allattamento e i periodi di gravidanza senza consultare il medico.<\/li>\n<li>Conservare il prodotto in un luogo fresco e asciutto, in una confezione ben sigillata e fuori dalla portata dei bambini al di sotto dei 3 anni.<\/li>\n<li>Pu\u00f2 contenere tracce di avena, uova, soia e latte.<\/li>\n<li>Senza Lattosio e Senza Glutine.<\/li>\n<\/ul>","protected":false},"excerpt":{"rendered":"<details>\n<summary>Ingredienti<\/summary>\n<table style=\"text-align: center;\">\n<tbody>\n<tr>\n<th>Ingredienti<\/th>\n<th>Per 3 compresse<\/th>\n<\/tr>\n<tr>\n<td>Arginina alfa chetoglutarato<\/td>\n<td>3000 mg<\/td>\n<\/tr>\n<tr>\n<td colspan=\"2\"><strong>Altri ingredienti: <\/strong>agenti stabilizzanti (E460, E470b, E551)<\/td>\n<\/tr>\n<\/tbody>\n<\/table>\n<\/details>\n<p>&nbsp;<\/p>","protected":false},"featured_media":323,"template":"","meta":[],"product_cat":[310,217],"product_tag":[315,230],"class_list":{"0":"post-322","1":"product","2":"type-product","3":"status-publish","4":"has-post-thumbnail","6":"product_cat-performance-and-endurance","7":"product_cat-pre-workout-energy","8":"product_tag-performance-and-endurance","9":"product_tag-pre-workout-energy","11":"first","12":"instock","13":"taxable","14":"shipping-taxable","15":"purchasable","16":"product-type-simple"},"aioseo_notices":[],"_links":{"self":[{"href":"https:\/\/www.selfprotein.com\/it\/wp-json\/wp\/v2\/product\/322"}],"collection":[{"href":"https:\/\/www.selfprotein.com\/it\/wp-json\/wp\/v2\/product"}],"about":[{"href":"https:\/\/www.selfprotein.com\/it\/wp-json\/wp\/v2\/types\/product"}],"wp:featuredmedia":[{"embeddable":true,"href":"https:\/\/www.selfprotein.com\/it\/wp-json\/wp\/v2\/media\/323"}],"wp:attachment":[{"href":"https:\/\/www.selfprotein.com\/it\/wp-json\/wp\/v2\/media?parent=322"}],"wp:term":[{"taxonomy":"product_cat","embeddable":true,"href":"https:\/\/www.selfprotein.com\/it\/wp-json\/wp\/v2\/product_cat?post=322"},{"taxonomy":"product_tag","embeddable":true,"href":"https:\/\/www.selfprotein.com\/it\/wp-json\/wp\/v2\/product_tag?post=322"}],"curies":[{"name":"wp","href":"https:\/\/api.w.org\/{rel}","templated":true}]}}