{"id":371,"date":"2023-11-27T13:00:44","date_gmt":"2023-11-27T12:00:44","guid":{"rendered":"https:\/\/34.88.231.180\/product\/beta-carotene\/"},"modified":"2026-05-01T00:23:40","modified_gmt":"2026-04-30T22:23:40","slug":"beta-carotene","status":"publish","type":"product","link":"https:\/\/www.selfprotein.com\/it\/prodotto\/beta-carotene\/","title":{"rendered":"Beta Carotene"},"content":{"rendered":"<p style=\"text-align: left;\" align=\"center\"><strong><span lang=\"en-US\">Beta Carotene<\/span><\/strong><\/p>\n<p><span lang=\"en-US\">Il betacarotene \u00e8 un potente antiossidante che protegge l'organismo dai danni causati dai radicali liberi inibendo l'ossidazione di altre molecole.<\/span><\/p>\n<p><span lang=\"en-US\">L'integrazione del betacarotene nella dieta pu\u00f2 quindi contribuire a migliorare la salute generale e a ridurre il rischio di numerose malattie croniche, fornendo all'organismo un potente antiossidante e nutrienti essenziali.<\/span><\/p>\n<p><span lang=\"en-US\">Ecco i benefici del betacarotene:<\/span><\/p>\n<ul>\n<li><strong><span lang=\"en-US\">Antiossidante:<\/span><\/strong><span lang=\"en-US\"> Il betacarotene contrasta l'azione dannosa dei radicali liberi nell'organismo, contribuendo a proteggere le cellule e i tessuti dall'ossidazione e dallo stress ossidativo.<\/span><\/li>\n<li><strong><span lang=\"en-US\">Salute della pelle:<\/span><\/strong><span lang=\"en-US\"> Il consumo di betacarotene pu\u00f2 migliorare la salute della pelle riducendo l'incidenza delle rughe, dei segni del tempo e dei danni causati dai raggi UV.<\/span><\/li>\n<li><strong><span lang=\"en-US\">Salute degli occhi:<\/span><\/strong><span lang=\"en-US\"> Il betacarotene \u00e8 un precursore della vitamina A, importante per la vista. Pu\u00f2 contribuire a mantenere la salute degli occhi e a ridurre il rischio di disturbi oculari legati all'et\u00e0, come la degenerazione maculare.<\/span><\/li>\n<li><strong><span lang=\"en-US\">Sistema immunitario:<\/span><\/strong><span lang=\"en-US\"> Aiuta a sostenere il sistema immunitario promuovendo la produzione di cellule immunitarie che combattono infezioni e malattie.<\/span><\/li>\n<li><strong><span lang=\"en-US\">Salute del cuore:<\/span><\/strong><span lang=\"en-US\"> Il betacarotene pu\u00f2 svolgere un ruolo di protezione della salute del cuore riducendo l'infiammazione e il rischio di malattie cardiovascolari.<\/span><\/li>\n<li><strong><span lang=\"en-US\">Salute dei polmoni:<\/span><\/strong><span lang=\"en-US\"> Alcune ricerche suggeriscono che il betacarotene possa avere effetti protettivi sulle cellule polmonari e ridurre il rischio di malattie polmonari croniche come il cancro ai polmoni.<\/span><\/li>\n<\/ul>\n<p>&nbsp;<\/p>\n<p><strong><span lang=\"en-US\">Uso consigliato<\/span><\/strong><\/p>\n<p><span lang=\"en-US\">Assumere 1 capsula al giorno.<\/span><\/p>\n<p><strong>Avviso:<\/strong><\/p>\n<ul>\n<li>Solo per adulti e non sostituisce una dieta varia ed equilibrata e uno stile di vita sano.<\/li>\n<li>Non superare la dose consigliata.<\/li>\n<li>Non utilizzarlo durante l'allattamento e i periodi di gravidanza senza consultare il medico.<\/li>\n<li>Conservare il prodotto in un luogo fresco e asciutto, in una confezione ben sigillata e fuori dalla portata dei bambini al di sotto dei 3 anni.<\/li>\n<li>Senza Lattosio e Senza Glutine.<\/li>\n<\/ul>","protected":false},"excerpt":{"rendered":"<details>\n<summary>Ingredienti<\/summary>\n<table style=\"text-align: center;\">\n<tbody>\n<tr>\n<th>INGREDIENTI<\/th>\n<th>per 1cps<\/th>\n<\/tr>\n<tr>\n<td>Beta Carotene (Pro Vitamina A 1200\u03bcg 150%*)<\/td>\n<td>7,5 mg<\/td>\n<\/tr>\n<tr>\n<td colspan=\"2\"><strong>Altri ingredienti: <\/strong>antiossidante (E300), agenti stabilizzanti (E460, veg. E470b), capsula vegana (E1204)<\/td>\n<\/tr>\n<tr>\n<td colspan=\"2\">*% Valore di riferimento giornaliero dei nutrienti (NRV)<\/td>\n<\/tr>\n<\/tbody>\n<\/table>\n<\/details>\n<p>&nbsp;<\/p>","protected":false},"featured_media":13880,"template":"","meta":[],"product_cat":[312,214],"product_tag":[314,258],"class_list":{"0":"post-371","1":"product","2":"type-product","3":"status-publish","4":"has-post-thumbnail","6":"product_cat-health-and-wellness","7":"product_cat-vitamins-wellness","8":"product_tag-health-and-wellness","9":"product_tag-vitamins-wellness","11":"first","12":"instock","13":"taxable","14":"shipping-taxable","15":"purchasable","16":"product-type-simple"},"aioseo_notices":[],"_links":{"self":[{"href":"https:\/\/www.selfprotein.com\/it\/wp-json\/wp\/v2\/product\/371"}],"collection":[{"href":"https:\/\/www.selfprotein.com\/it\/wp-json\/wp\/v2\/product"}],"about":[{"href":"https:\/\/www.selfprotein.com\/it\/wp-json\/wp\/v2\/types\/product"}],"wp:featuredmedia":[{"embeddable":true,"href":"https:\/\/www.selfprotein.com\/it\/wp-json\/wp\/v2\/media\/13880"}],"wp:attachment":[{"href":"https:\/\/www.selfprotein.com\/it\/wp-json\/wp\/v2\/media?parent=371"}],"wp:term":[{"taxonomy":"product_cat","embeddable":true,"href":"https:\/\/www.selfprotein.com\/it\/wp-json\/wp\/v2\/product_cat?post=371"},{"taxonomy":"product_tag","embeddable":true,"href":"https:\/\/www.selfprotein.com\/it\/wp-json\/wp\/v2\/product_tag?post=371"}],"curies":[{"name":"wp","href":"https:\/\/api.w.org\/{rel}","templated":true}]}}