{"id":374,"date":"2023-11-27T13:03:49","date_gmt":"2023-11-27T12:03:49","guid":{"rendered":"https:\/\/34.88.231.180\/product\/bromelain\/"},"modified":"2026-05-01T00:23:40","modified_gmt":"2026-04-30T22:23:40","slug":"bromelain","status":"publish","type":"product","link":"https:\/\/www.selfprotein.com\/it\/prodotto\/bromelain\/","title":{"rendered":"Bromelina"},"content":{"rendered":"<p style=\"text-align: left;\" align=\"center\"><strong><span lang=\"en-US\">Bromelina<\/span><\/strong><\/p>\n<p><span lang=\"en-US\">La bromelina, un gruppo di enzimi estratti dal gambo e dal frutto dell'ananas (Ananas comosus), \u00e8 un tesoro naturale che da secoli trova applicazione nella medicina tradizionale. Questa classe di enzimi, nota come proteasi, \u00e8 responsabile della scomposizione delle proteine.<\/span><\/p>\n<p><span lang=\"en-US\">Tra i numerosi benefici della bromelina per la salute umana vi sono:<\/span><\/p>\n<ul>\n<li><strong><span lang=\"en-US\">Aiuto alla digestione:<\/span><\/strong><span lang=\"en-US\"> La bromelina \u00e8 nota per la sua capacit\u00e0 di facilitare la digestione delle proteine, scomponendole in peptidi e aminoacidi pi\u00f9 piccoli. Questo pu\u00f2 essere molto utile per chi ha problemi digestivi o per chi ha difficolt\u00e0 a digerire le proteine.<\/span><\/li>\n<li><strong><span lang=\"en-US\">Propriet\u00e0 antinfiammatorie<\/span><\/strong><span lang=\"en-US\"><strong>:<\/strong> Un'altra caratteristica notevole della bromelina \u00e8 la sua capacit\u00e0 antinfiammatoria. Diversi studi hanno dimostrato che questa sostanza pu\u00f2 ridurre in modo significativo l'infiammazione e il gonfiore, fornendo un valido sollievo in condizioni come l'osteoartrite, l'artrite reumatoide e le lesioni sportive. Si ritiene che questo risultato sia ottenuto riducendo le molecole pro-infiammatorie presenti nell'organismo.<\/span><\/li>\n<li><strong><span lang=\"en-US\">Sollievo dalla sinusite:<\/span><\/strong><span lang=\"en-US\"> La bromelina si \u00e8 dimostrata un efficace alleato per combattere i fastidiosi sintomi della sinusite. Gli studi indicano che pu\u00f2 contribuire a ridurre la congestione nasale, a migliorare la respirazione e a ridurre l'eccessiva produzione di muco, dando cos\u00ec sollievo a chi soffre di questa patologia respiratoria.<\/span><\/li>\n<\/ul>\n<p>&nbsp;<\/p>\n<p><strong><span lang=\"en-US\">Uso consigliato<\/span><\/strong><\/p>\n<p><span lang=\"en-US\">Fino a un massimo di 3 capsule al giorno.<\/span><\/p>\n<p><strong>Avviso:<\/strong><\/p>\n<ul>\n<li>Solo per adulti e non sostituisce una dieta varia ed equilibrata e uno stile di vita sano.<\/li>\n<li>Non superare la dose consigliata.<\/li>\n<li>Non utilizzarlo durante l'allattamento e i periodi di gravidanza senza consultare il medico.<\/li>\n<li>Conservare il prodotto in un luogo fresco e asciutto, in una confezione ben sigillata e fuori dalla portata dei bambini al di sotto dei 3 anni.<\/li>\n<li>Pu\u00f2 contenere tracce di avena, uova e soia.<\/li>\n<li>Senza Lattosio e Senza Glutine.<\/li>\n<\/ul>","protected":false},"excerpt":{"rendered":"<details>\n<summary>Ingredienti<\/summary>\n<table style=\"text-align: center;\">\n<tbody>\n<tr>\n<th>Ingredienti<\/th>\n<th>per 3 cps<\/th>\n<\/tr>\n<tr>\n<td>Bromelina (1200 GDU\/g) (da Ananas comosus (L.) Merr. gambo)<\/td>\n<td>1500 mg<\/td>\n<\/tr>\n<tr>\n<td colspan=\"3\"><strong>Altri ingredienti: <\/strong>agenti stabilizzanti (E460, E470b, E551), capsula vegana (E1204)<\/td>\n<\/tr>\n<\/tbody>\n<\/table>\n<\/details>\n<p>&nbsp;<\/p>","protected":false},"featured_media":375,"template":"","meta":[],"product_cat":[312,214],"product_tag":[314,258],"class_list":{"0":"post-374","1":"product","2":"type-product","3":"status-publish","4":"has-post-thumbnail","6":"product_cat-health-and-wellness","7":"product_cat-vitamins-wellness","8":"product_tag-health-and-wellness","9":"product_tag-vitamins-wellness","11":"first","12":"instock","13":"sale","14":"taxable","15":"shipping-taxable","16":"purchasable","17":"product-type-simple"},"aioseo_notices":[],"_links":{"self":[{"href":"https:\/\/www.selfprotein.com\/it\/wp-json\/wp\/v2\/product\/374"}],"collection":[{"href":"https:\/\/www.selfprotein.com\/it\/wp-json\/wp\/v2\/product"}],"about":[{"href":"https:\/\/www.selfprotein.com\/it\/wp-json\/wp\/v2\/types\/product"}],"wp:featuredmedia":[{"embeddable":true,"href":"https:\/\/www.selfprotein.com\/it\/wp-json\/wp\/v2\/media\/375"}],"wp:attachment":[{"href":"https:\/\/www.selfprotein.com\/it\/wp-json\/wp\/v2\/media?parent=374"}],"wp:term":[{"taxonomy":"product_cat","embeddable":true,"href":"https:\/\/www.selfprotein.com\/it\/wp-json\/wp\/v2\/product_cat?post=374"},{"taxonomy":"product_tag","embeddable":true,"href":"https:\/\/www.selfprotein.com\/it\/wp-json\/wp\/v2\/product_tag?post=374"}],"curies":[{"name":"wp","href":"https:\/\/api.w.org\/{rel}","templated":true}]}}