{"id":377,"date":"2023-11-27T13:03:53","date_gmt":"2023-11-27T12:03:53","guid":{"rendered":"https:\/\/34.88.231.180\/product\/caffeine\/"},"modified":"2026-04-01T00:00:09","modified_gmt":"2026-03-31T22:00:09","slug":"caffeine","status":"publish","type":"product","link":"https:\/\/www.selfprotein.com\/it\/prodotto\/caffeine\/","title":{"rendered":"Caffeina"},"content":{"rendered":"<p style=\"text-align: left;\" align=\"center\"><strong><span lang=\"en-US\">Caffeina<\/span><\/strong><\/p>\n<p><span lang=\"en-US\">Scoprite i numerosi benefici che la caffeina pu\u00f2 offrire agli atleti e a coloro che svolgono un'attivit\u00e0 fisica regolare. Questo stimolante, comunemente consumato in varie forme come caff\u00e8, t\u00e8, bevande energetiche e integratori, ha dimostrato di essere un valido alleato per migliorare le prestazioni sportive.<\/span><\/p>\n<p><span lang=\"en-US\">Benefici della caffeina:<\/span><\/p>\n<ul>\n<li><strong><span lang=\"en-US\">Miglioramento della resistenza:<\/span><\/strong><span lang=\"en-US\"> \u00c8 noto che la caffeina aumenta la capacit\u00e0 dell'organismo di utilizzare i grassi come fonte di carburante durante l'esercizio, contribuendo cos\u00ec a migliorare le prestazioni di resistenza.<\/span><\/li>\n<li><strong><span lang=\"en-US\">Aumento della concentrazione e della vigilanza:<\/span><\/strong><span lang=\"en-US\"> Gli effetti stimolanti della caffeina possono aiutare gli atleti a mantenere alti i livelli di concentrazione e di attenzione durante gli allenamenti e le gare, migliorando cos\u00ec le prestazioni cognitive.<\/span><\/li>\n<li><strong><span lang=\"en-US\">Riduzione del dolore muscolare:<\/span><\/strong><span lang=\"en-US\"> Grazie alle sue propriet\u00e0 antidolorifiche, la caffeina pu\u00f2 contribuire a ridurre il dolore e l'indolenzimento muscolare dopo l'esercizio fisico, consentendo agli atleti di recuperare pi\u00f9 rapidamente e di affrontare le sessioni successive con meno disagio.<\/span><\/li>\n<li><strong><span lang=\"en-US\">Aumento del metabolismo:<\/span><\/strong><span lang=\"en-US\"> La caffeina \u00e8 in grado di aumentare il metabolismo, favorendo cos\u00ec la combustione delle calorie in eccesso e sostenendo potenzialmente gli sforzi degli atleti per perdere peso o mantenere una composizione corporea ottimale.<\/span><\/li>\n<\/ul>\n<p><\/p>\n<p><span lang=\"en-US\">Se la caffeina fa parte della vostra routine pre-allenamento o di gara, potete sperimentare una serie di benefici che possono migliorare le prestazioni e il recupero, consentendovi di raggiungere pi\u00f9 facilmente i vostri obiettivi atletici.<\/span>\n<\/p>\n<p><strong><span lang=\"en-US\">Uso consigliato<\/span><\/strong><\/p>\n<p><span lang=\"en-US\">1 dose 30-45 minuti prima dell'allenamento o durante i periodi di affaticamento fisico o mentale.<\/span><\/p>\n<p><strong>Avviso:<\/strong><\/p>\n<ul>\n<li>Solo per adulti e non sostituisce una dieta varia ed equilibrata e uno stile di vita sano.<\/li>\n<li>Non superare la dose consigliata.<\/li>\n<li>Non utilizzarlo durante l'allattamento e i periodi di gravidanza senza consultare il medico.<\/li>\n<li>Conservare il prodotto in un luogo fresco e asciutto, in una confezione ben sigillata e fuori dalla portata dei bambini al di sotto dei 3 anni.<\/li>\n<li>Pu\u00f2 contenere tracce di latte, avena, uova, soia.<\/li>\n<li>Senza Lattosio e Senza Glutine.<\/li>\n<\/ul>","protected":false},"excerpt":{"rendered":"<details>\n<summary>Ingredienti<\/summary>\n<table style=\"text-align: center;\">\n<tbody>\n<tr>\n<th>Ingredienti<\/th>\n<th>per porzione 1 compressa<\/th>\n<\/tr>\n<tr>\n<td>Caffeina<\/td>\n<td>200 mg<\/td>\n<\/tr>\n<tr>\n<td colspan=\"3\"><strong>Altri ingredienti: <\/strong>stabilizzanti (E953, E470b, E551, E460)<\/td>\n<\/tr>\n<\/tbody>\n<\/table>\n<\/details>\n<p>&nbsp;<\/p>","protected":false},"featured_media":378,"template":"","meta":[],"product_cat":[310,217],"product_tag":[315,163],"class_list":{"0":"post-377","1":"product","2":"type-product","3":"status-publish","4":"has-post-thumbnail","6":"product_cat-performance-and-endurance","7":"product_cat-pre-workout-energy","8":"product_tag-performance-and-endurance","9":"product_tag-weight-control-metabolism","11":"first","12":"instock","13":"taxable","14":"shipping-taxable","15":"purchasable","16":"product-type-simple"},"aioseo_notices":[],"_links":{"self":[{"href":"https:\/\/www.selfprotein.com\/it\/wp-json\/wp\/v2\/product\/377"}],"collection":[{"href":"https:\/\/www.selfprotein.com\/it\/wp-json\/wp\/v2\/product"}],"about":[{"href":"https:\/\/www.selfprotein.com\/it\/wp-json\/wp\/v2\/types\/product"}],"wp:featuredmedia":[{"embeddable":true,"href":"https:\/\/www.selfprotein.com\/it\/wp-json\/wp\/v2\/media\/378"}],"wp:attachment":[{"href":"https:\/\/www.selfprotein.com\/it\/wp-json\/wp\/v2\/media?parent=377"}],"wp:term":[{"taxonomy":"product_cat","embeddable":true,"href":"https:\/\/www.selfprotein.com\/it\/wp-json\/wp\/v2\/product_cat?post=377"},{"taxonomy":"product_tag","embeddable":true,"href":"https:\/\/www.selfprotein.com\/it\/wp-json\/wp\/v2\/product_tag?post=377"}],"curies":[{"name":"wp","href":"https:\/\/api.w.org\/{rel}","templated":true}]}}