{"id":386,"date":"2023-11-27T13:04:05","date_gmt":"2023-11-27T12:04:05","guid":{"rendered":"https:\/\/34.88.231.180\/product\/carnitine-1000\/"},"modified":"2026-04-01T00:00:09","modified_gmt":"2026-03-31T22:00:09","slug":"l-carnitine-1000","status":"publish","type":"product","link":"https:\/\/www.selfprotein.com\/it\/prodotto\/l-carnitine-1000\/","title":{"rendered":"L-Carnitina 1000"},"content":{"rendered":"<p style=\"text-align: left;\" align=\"center\"><strong><span lang=\"en-US\">L-Carnitina 1000<\/span><\/strong><\/p>\n<p><span lang=\"en-US\">Scoprite il ruolo fondamentale della L-carnitina, un derivato aminoacidico presente in natura e coinvolto nel metabolismo dei grassi e nel trasporto degli acidi grassi nei mitocondri, dove vengono utilizzati come fonte di energia per l'organismo. La L-carnitina, prodotta in piccole quantit\u00e0 dall'organismo e presente in fonti alimentari come carne rossa, pesce e latticini, \u00e8 anche ampiamente disponibile sotto forma di integratori, utilizzati per migliorare le prestazioni fisiche, promuovere la perdita di peso e sostenere la salute cognitiva.<\/span><\/p>\n<p><span lang=\"en-US\">Benefici della L-carnitina:<\/span><\/p>\n<ul>\n<li><strong><span lang=\"en-US\">Miglioramento delle prestazioni fisiche:<\/span><\/strong><span lang=\"en-US\"> Integrando la L-carnitina nella dieta, si pu\u00f2 sperimentare una maggiore resistenza e una riduzione dell'affaticamento durante l'esercizio fisico, in quanto favorisce l'utilizzo dei grassi come fonte primaria di energia.<\/span><\/li>\n<li><strong><span lang=\"en-US\">Perdita di peso:<\/span><\/strong><span lang=\"en-US\"> Gli integratori di L-carnitina possono stimolare il metabolismo dei grassi e ridurre l'appetito, sostenendo cos\u00ec gli sforzi per la perdita di peso e la gestione dell'appetito.<\/span><\/li>\n<li><strong><span lang=\"en-US\">Potenziamento delle funzioni cognitive:<\/span><\/strong><span lang=\"en-US\"> La L-carnitina pu\u00f2 giovare alla salute del cervello migliorando la funzione cognitiva, soprattutto negli adulti pi\u00f9 anziani, contribuendo cos\u00ec a mantenere la mente acuta e attiva.<\/span><\/li>\n<li><strong><span lang=\"en-US\">Miglioramento della salute del cuore:<\/span><\/strong><span lang=\"en-US\"> L'integrazione della L-carnitina nella dieta pu\u00f2 contribuire a migliorare la funzione cardiaca e a ridurre il rischio di malattie cardiovascolari, offrendo benefici per la salute del cuore e del sistema circolatorio.<\/span><\/li>\n<\/ul>\n<p>&nbsp;<\/p>\n<p><span lang=\"en-US\">Con una variet\u00e0 di forme disponibili, tra cui capsule, compresse e liquidi, gli integratori di L-carnitina offrono un modo conveniente per raccogliere i numerosi benefici che questo aminoacido pu\u00f2 apportare alla salute e al benessere generale.<\/span><\/p>\n<p><strong><span lang=\"en-US\">Uso consigliato<\/span><\/strong><\/p>\n<p><span lang=\"en-US\">1 compressa durante il giorno o 30-45 minuti prima dell'allenamento.<\/span><\/p>\n<p><strong>Avviso:<\/strong><\/p>\n<ul>\n<li>Solo per adulti e non sostituisce una dieta varia ed equilibrata e uno stile di vita sano.<\/li>\n<li>Non superare la dose consigliata.<\/li>\n<li>Non utilizzarlo durante l'allattamento e i periodi di gravidanza senza consultare il medico.<\/li>\n<li>Conservare il prodotto in un luogo fresco e asciutto, in una confezione ben sigillata e fuori dalla portata dei bambini al di sotto dei 3 anni.<\/li>\n<li>Pu\u00f2 contenere tracce di latte, avena, uova, soia.<\/li>\n<li>Senza Lattosio e Senza Glutine.<\/li>\n<\/ul>","protected":false},"excerpt":{"rendered":"<details>\n<summary>Ingredienti<\/summary>\n<table style=\"text-align: center;\">\n<tbody>\n<tr>\n<th>Ingredienti<\/th>\n<th>per 1 tab<\/th>\n<\/tr>\n<tr>\n<td>L-Carnitina Tartrato<\/td>\n<td>1000 mg<\/td>\n<\/tr>\n<tr>\n<td colspan=\"2\"><strong>Altri ingredienti: <\/strong>agenti stabilizzanti (E460, E470b, E551)<\/td>\n<\/tr>\n<\/tbody>\n<\/table>\n<\/details>\n<p>&nbsp;<\/p>","protected":false},"featured_media":387,"template":"","meta":[],"product_cat":[155,309],"product_tag":[163,319],"class_list":{"0":"post-386","1":"product","2":"type-product","3":"status-publish","4":"has-post-thumbnail","6":"product_cat-weight-control-metabolism","7":"product_cat-weight-management-and-definition","8":"product_tag-weight-control-metabolism","9":"product_tag-weight-management-and-definition","11":"first","12":"instock","13":"taxable","14":"shipping-taxable","15":"purchasable","16":"product-type-simple"},"aioseo_notices":[],"_links":{"self":[{"href":"https:\/\/www.selfprotein.com\/it\/wp-json\/wp\/v2\/product\/386"}],"collection":[{"href":"https:\/\/www.selfprotein.com\/it\/wp-json\/wp\/v2\/product"}],"about":[{"href":"https:\/\/www.selfprotein.com\/it\/wp-json\/wp\/v2\/types\/product"}],"wp:featuredmedia":[{"embeddable":true,"href":"https:\/\/www.selfprotein.com\/it\/wp-json\/wp\/v2\/media\/387"}],"wp:attachment":[{"href":"https:\/\/www.selfprotein.com\/it\/wp-json\/wp\/v2\/media?parent=386"}],"wp:term":[{"taxonomy":"product_cat","embeddable":true,"href":"https:\/\/www.selfprotein.com\/it\/wp-json\/wp\/v2\/product_cat?post=386"},{"taxonomy":"product_tag","embeddable":true,"href":"https:\/\/www.selfprotein.com\/it\/wp-json\/wp\/v2\/product_tag?post=386"}],"curies":[{"name":"wp","href":"https:\/\/api.w.org\/{rel}","templated":true}]}}