{"id":389,"date":"2023-11-27T13:04:09","date_gmt":"2023-11-27T12:04:09","guid":{"rendered":"https:\/\/34.88.231.180\/product\/carnitine-liquid\/"},"modified":"2026-04-14T12:18:32","modified_gmt":"2026-04-14T10:18:32","slug":"carnitine-liquid","status":"publish","type":"product","link":"https:\/\/www.selfprotein.com\/it\/prodotto\/carnitine-liquid\/","title":{"rendered":"Carnitina Liquida"},"content":{"rendered":"<p style=\"text-align: left;\" align=\"center\"><strong><span lang=\"en-US\">Carnitina Liquida<\/span><\/strong><\/p>\n<p><span lang=\"en-US\">Esplora il ruolo fondamentale della L-carnitina, un derivato aminoacidico coinvolto nel metabolismo dei grassi e nel trasporto degli acidi grassi nei mitocondri, dove vengono utilizzati come fonte di energia per l'organismo. La L-carnitina \u00e8 disponibile sia attraverso fonti alimentari come carne rossa, pesce e latticini, sia attraverso integratori, ampiamente utilizzati per migliorare le prestazioni atletiche, promuovere la perdita di peso e potenziare le funzioni cognitive.<\/span><\/p>\n<p><span lang=\"en-US\">Benefici della L-carnitina liquida:<\/span><\/p>\n<ul>\n<li><strong><span lang=\"en-US\">Assorbimento rapido<\/span><\/strong><span lang=\"en-US\"><strong>:<\/strong> La forma liquida della L-carnitina consente un assorbimento pi\u00f9 rapido nell'organismo, permettendo ai benefici di manifestarsi pi\u00f9 rapidamente rispetto ad altre forme di integratori.<\/span><\/li>\n<li><strong><span lang=\"en-US\">Maggiore biodisponibilit\u00e0:<\/span><\/strong><span lang=\"en-US\"> La L-carnitina liquida pu\u00f2 offrire una maggiore biodisponibilit\u00e0 rispetto alle capsule o alle compresse, garantendo che una quantit\u00e0 maggiore di composto raggiunga il sistema circolatorio per essere utilizzata dall'organismo.<\/span><\/li>\n<li><strong><span lang=\"en-US\">Flessibilit\u00e0 di dosaggio:<\/span><\/strong><span lang=\"en-US\"> Con la L-carnitina liquida \u00e8 pi\u00f9 facile regolare il dosaggio in base alle esigenze individuali, consentendo un maggiore controllo sull'assunzione giornaliera del composto.<\/span><\/li>\n<li><strong><span lang=\"en-US\">Convenienza:<\/span><\/strong><span lang=\"en-US\"> La L-carnitina liquida pu\u00f2 essere facilmente mescolata alle bevande o aggiunta ai frullati, rendendo pi\u00f9 comoda e piacevole l'integrazione nella routine quotidiana.<\/span><\/li>\n<li><strong><span lang=\"en-US\">Versatilit\u00e0:<\/span><\/strong><span lang=\"en-US\"> Grazie alla sua forma liquida, la L-carnitina pu\u00f2 essere facilmente miscelata con altri integratori o bevande per ottenere un profilo nutrizionale completo e personalizzato.<\/span><\/li>\n<\/ul>\n<p>&nbsp;<\/p>\n<p><span lang=\"en-US\">Con la L-carnitina liquida \u00e8 possibile sperimentare tutti i benefici di questo importante aminoacido in modo rapido, efficace e conveniente, a sostegno della salute generale e del benessere fisico e mentale.<\/span><\/p>\n<p><strong><span lang=\"en-US\">Uso consigliato<\/span><\/strong><\/p>\n<p><span lang=\"en-US\">1 dose durante il giorno o 30-45 minuti prima dell'allenamento.<\/span><\/p>\n<p><strong>Avviso:<\/strong><\/p>\n<ul>\n<li>Solo per adulti e non sostituisce una dieta varia ed equilibrata e uno stile di vita sano.<\/li>\n<li>Non superare la dose consigliata.<\/li>\n<li>Non utilizzarlo durante l'allattamento e i periodi di gravidanza senza consultare il medico.<\/li>\n<li>Conservare il prodotto in un luogo fresco e asciutto, in una confezione ben sigillata e fuori dalla portata dei bambini al di sotto dei 3 anni.<\/li>\n<li>Pu\u00f2 contenere tracce di latte, avena, uova, soia.<\/li>\n<li>Senza Lattosio e Senza Glutine.<\/li>\n<\/ul>","protected":false},"excerpt":{"rendered":"<details>\n<summary>Ingredienti<\/summary>\n<table style=\"text-align: center;\">\n<tbody>\n<tr>\n<th>Ingredienti<\/th>\n<th>per 100 ml<\/th>\n<th>per porzione 10ml<\/th>\n<\/tr>\n<tr>\n<td>L-Carnitina<\/td>\n<td>10000mg<\/td>\n<td>1000 mg<\/td>\n<\/tr>\n<tr>\n<td colspan=\"3\"><strong>Altri ingredienti: <\/strong>acqua, regolatore di acidit\u00e0 (E330), conservanti (E211, E202), aromi, edulcorante (E955)<\/td>\n<\/tr>\n<\/tbody>\n<\/table>\n<\/details>\n<p>&nbsp;<\/p>","protected":false},"featured_media":390,"template":"","meta":[],"product_cat":[155,309],"product_tag":[163,319],"class_list":{"0":"post-389","1":"product","2":"type-product","3":"status-publish","4":"has-post-thumbnail","6":"product_cat-weight-control-metabolism","7":"product_cat-weight-management-and-definition","8":"product_tag-weight-control-metabolism","9":"product_tag-weight-management-and-definition","11":"first","12":"instock","13":"taxable","14":"shipping-taxable","15":"purchasable","16":"product-type-simple"},"aioseo_notices":[],"_links":{"self":[{"href":"https:\/\/www.selfprotein.com\/it\/wp-json\/wp\/v2\/product\/389"}],"collection":[{"href":"https:\/\/www.selfprotein.com\/it\/wp-json\/wp\/v2\/product"}],"about":[{"href":"https:\/\/www.selfprotein.com\/it\/wp-json\/wp\/v2\/types\/product"}],"wp:featuredmedia":[{"embeddable":true,"href":"https:\/\/www.selfprotein.com\/it\/wp-json\/wp\/v2\/media\/390"}],"wp:attachment":[{"href":"https:\/\/www.selfprotein.com\/it\/wp-json\/wp\/v2\/media?parent=389"}],"wp:term":[{"taxonomy":"product_cat","embeddable":true,"href":"https:\/\/www.selfprotein.com\/it\/wp-json\/wp\/v2\/product_cat?post=389"},{"taxonomy":"product_tag","embeddable":true,"href":"https:\/\/www.selfprotein.com\/it\/wp-json\/wp\/v2\/product_tag?post=389"}],"curies":[{"name":"wp","href":"https:\/\/api.w.org\/{rel}","templated":true}]}}