{"id":414,"date":"2023-11-27T13:04:54","date_gmt":"2023-11-27T12:04:54","guid":{"rendered":"https:\/\/34.88.231.180\/product\/citrulline-malate\/"},"modified":"2026-04-09T11:52:46","modified_gmt":"2026-04-09T09:52:46","slug":"citrulline-malate","status":"publish","type":"product","link":"https:\/\/www.selfprotein.com\/it\/prodotto\/citrulline-malate\/","title":{"rendered":"Citrullina Malato"},"content":{"rendered":"<p style=\"text-align: left;\" align=\"center\"><strong><span lang=\"en-US\">Citrullina Malato<\/span><\/strong><\/p>\n<p><span lang=\"en-US\">La citrullina malato \u00e8 una combinazione di aminoacido citrullina e sale organico di acido malico. Questo integratore alimentare \u00e8 ampiamente utilizzato per ottimizzare le prestazioni fisiche e alleviare l'affaticamento muscolare, soprattutto durante gli esercizi ad alta intensit\u00e0. La sua formulazione in polvere consente un facile dosaggio e un rapido assorbimento da parte dell'organismo.<\/span><\/p>\n<p><span lang=\"en-US\">Benefici della citrullina malato:<\/span><\/p>\n<ul>\n<li><strong><span lang=\"en-US\">Convenienza del consumo<\/span><\/strong><span lang=\"en-US\"><strong>:<\/strong> La forma in polvere della citrullina malato rende l'integrazione del prodotto estremamente comoda, consentendo una rapida miscelazione nelle bevande e facilitando cos\u00ec l'assunzione durante la routine quotidiana o prima dell'attivit\u00e0 fisica.<\/span><\/li>\n<li><strong><span lang=\"en-US\">Miglioramento delle prestazioni fisiche:<\/span><\/strong><span lang=\"en-US\"> L'assunzione di citrullina malato in polvere pu\u00f2 favorire il miglioramento delle prestazioni durante l'attivit\u00e0 fisica intensa, grazie al suo presunto effetto di miglioramento del flusso sanguigno e della produzione di ossido nitrico, che pu\u00f2 aumentare la resistenza e la forza muscolare.<\/span><\/li>\n<li><strong><span lang=\"en-US\">Riduzione dell'affaticamento muscolare:<\/span><\/strong><span lang=\"en-US\"> Chi consuma citrullina malato in polvere pu\u00f2 sperimentare una riduzione dell'affaticamento muscolare durante e dopo l'esercizio, consentendo un recupero pi\u00f9 rapido e una maggiore capacit\u00e0 di sostenere allenamenti intensi.<\/span><\/li>\n<li><strong><span lang=\"en-US\">Assorbimento rapido:<\/span><\/strong><span lang=\"en-US\"> La forma in polvere consente un rapido assorbimento della citrullina malato nell'organismo, permettendo un'azione pi\u00f9 tempestiva dei suoi effetti benefici sul flusso sanguigno e sulla circolazione.<\/span><\/li>\n<li><strong><span lang=\"en-US\">Adattabilit\u00e0 all'uso personale<\/span><\/strong><span lang=\"en-US\"><strong>:<\/strong> La possibilit\u00e0 di regolare la dose di citrullina malato in polvere permette di adattare l'assunzione alle proprie esigenze specifiche, consentendo un controllo pi\u00f9 preciso degli effetti desiderati.<\/span><\/li>\n<\/ul>\n<p>&nbsp;<\/p>\n<p><strong><span lang=\"en-US\">Uso consigliato<\/span><\/strong><\/p>\n<p><span lang=\"en-US\">Assumere 1 dose circa 30-45 minuti prima dell'allenamento.<\/span><\/p>\n<p><strong>Avviso:<\/strong><\/p>\n<ul>\n<li>Solo per adulti e non sostituisce una dieta varia ed equilibrata e uno stile di vita sano.<\/li>\n<li>Non superare la dose consigliata.<\/li>\n<li>Non utilizzarlo durante l'allattamento e i periodi di gravidanza senza consultare il medico.<\/li>\n<li>Conservare il prodotto in un luogo fresco e asciutto, in una confezione ben sigillata e fuori dalla portata dei bambini al di sotto dei 3 anni.<\/li>\n<li>Pu\u00f2 contenere tracce di latte, avena, uova e soia.<\/li>\n<li>Senza Lattosio e Senza Glutine.<\/li>\n<\/ul>","protected":false},"excerpt":{"rendered":"<details>\n<summary>Ingredienti<\/summary>\n<table style=\"text-align: center;\">\n<tbody>\n<tr>\n<th>Ingredienti<\/th>\n<th>per porzione<\/th>\n<\/tr>\n<tr>\n<td>Citrullina Malato<\/td>\n<td>3g<\/td>\n<\/tr>\n<tr>\n<td colspan=\"2\"><strong>Altri ingredienti: <\/strong>stabilizzante (E953), antiagglomerante (E551), antiossidante (E341), emulsionante (E470b)<\/td>\n<\/tr>\n<\/tbody>\n<\/table>\n<\/details>\n<p>&nbsp;<\/p>","protected":false},"featured_media":416,"template":"","meta":[],"product_cat":[310,217],"product_tag":[315,230],"class_list":{"0":"post-414","1":"product","2":"type-product","3":"status-publish","4":"has-post-thumbnail","6":"product_cat-performance-and-endurance","7":"product_cat-pre-workout-energy","8":"product_tag-performance-and-endurance","9":"product_tag-pre-workout-energy","11":"first","12":"instock","13":"sale","14":"taxable","15":"shipping-taxable","16":"purchasable","17":"product-type-simple"},"aioseo_notices":[],"_links":{"self":[{"href":"https:\/\/www.selfprotein.com\/it\/wp-json\/wp\/v2\/product\/414"}],"collection":[{"href":"https:\/\/www.selfprotein.com\/it\/wp-json\/wp\/v2\/product"}],"about":[{"href":"https:\/\/www.selfprotein.com\/it\/wp-json\/wp\/v2\/types\/product"}],"wp:featuredmedia":[{"embeddable":true,"href":"https:\/\/www.selfprotein.com\/it\/wp-json\/wp\/v2\/media\/416"}],"wp:attachment":[{"href":"https:\/\/www.selfprotein.com\/it\/wp-json\/wp\/v2\/media?parent=414"}],"wp:term":[{"taxonomy":"product_cat","embeddable":true,"href":"https:\/\/www.selfprotein.com\/it\/wp-json\/wp\/v2\/product_cat?post=414"},{"taxonomy":"product_tag","embeddable":true,"href":"https:\/\/www.selfprotein.com\/it\/wp-json\/wp\/v2\/product_tag?post=414"}],"curies":[{"name":"wp","href":"https:\/\/api.w.org\/{rel}","templated":true}]}}