{"id":430,"date":"2023-11-27T13:05:33","date_gmt":"2023-11-27T12:05:33","guid":{"rendered":"https:\/\/34.88.231.180\/product\/collagen-powder\/"},"modified":"2026-05-01T00:23:46","modified_gmt":"2026-04-30T22:23:46","slug":"collagen-powder","status":"publish","type":"product","link":"https:\/\/www.selfprotein.com\/it\/prodotto\/collagen-powder\/","title":{"rendered":"Collagene in Polvere"},"content":{"rendered":"<p style=\"text-align: left;\" align=\"center\"><strong><span lang=\"en-US\">Collagene in Polvere<\/span><\/strong><\/p>\n<p><span lang=\"en-US\">Il collagene, una proteina fondamentale presente nei tessuti connettivi come la pelle, i tendini, i legamenti e la cartilagine, costituisce la struttura di sostegno dell'organismo, fornendo forza e resistenza ai tessuti. Composta principalmente da aminoacidi come glicina, prolina e idrossiprolina, questa proteina \u00e8 essenziale per mantenere la salute e l'integrit\u00e0 dei tessuti connettivi. Tuttavia, con l'avanzare dell'et\u00e0, la produzione di collagene diminuisce, provocando una serie di cambiamenti fisiologici, tra cui la perdita di elasticit\u00e0 della pelle e i dolori articolari. Gli integratori di collagene sono ampiamente pubblicizzati per i loro potenziali benefici per la salute, tra cui il miglioramento dell'aspetto della pelle, della salute delle articolazioni e dell'intestino.<\/span><\/p>\n<p><span lang=\"en-US\">Benefici degli integratori di collagene:<\/span><\/p>\n<ul>\n<li><strong><span lang=\"en-US\">I<\/span><span lang=\"en-US\">miglioramento dell'elasticit\u00e0 cutanea: <\/span><\/strong><span lang=\"en-US\">Gli integratori di collagene possono aiutare a mantenere l'elasticit\u00e0 della pelle, riducendo la comparsa di rughe e la perdita di tono, favorendo cos\u00ec un aspetto pi\u00f9 giovane e luminoso.<\/span><\/li>\n<li><strong><span lang=\"en-US\">Miglioramento della salute delle articolazioni:<\/span><\/strong><span lang=\"en-US\"> L'integrazione di collagene pu\u00f2 favorire la salute delle articolazioni fornendo loro la struttura e la lubrificazione necessarie per un funzionamento ottimale, riducendo cos\u00ec il rischio di dolori articolari e di problemi legati all'et\u00e0.<\/span><\/li>\n<li><strong><span lang=\"en-US\">Promozione della salute dell'intestino:<\/span><\/strong><span lang=\"en-US\"> Il collagene \u00e8 importante anche per la salute dell'intestino, in quanto contribuisce alla rigenerazione della mucosa intestinale e al mantenimento dell'integrit\u00e0 della parete intestinale, riducendo potenzialmente l'infiammazione e migliorando la digestione.<\/span><\/li>\n<li><strong><span lang=\"en-US\">Sostegno alla salute delle ossa:<\/span><\/strong><span lang=\"en-US\"> Il collagene \u00e8 un componente importante della struttura ossea; pertanto, gli integratori possono contribuire a mantenere la salute e la densit\u00e0 delle ossa, riducendo il rischio di osteoporosi e fratture.<\/span><\/li>\n<li><strong><span lang=\"en-US\">Promozione della salute di capelli e unghie:<\/span><\/strong><span lang=\"en-US\"> Alcuni studi suggeriscono che gli integratori di collagene possono anche promuovere la crescita dei capelli e migliorare la salute delle unghie, rendendole pi\u00f9 forti e resistenti.<\/span><\/li>\n<\/ul>\n<p>&nbsp;<\/p>\n<p><strong><span lang=\"en-US\">Uso consigliato<\/span><\/strong><\/p>\n<p><span lang=\"en-US\">Una porzione al giorno: 8 g, circa due misurini, da mescolare con 200 ml di acqua.<\/span><\/p>\n<p><strong>Avviso:<\/strong><\/p>\n<ul>\n<li>Solo per adulti e non sostituisce una dieta varia ed equilibrata e uno stile di vita sano.<\/li>\n<li>Non superare la dose consigliata.<\/li>\n<li>Non utilizzarlo durante l'allattamento e i periodi di gravidanza senza consultare il medico.<\/li>\n<li>Conservare il prodotto in un luogo fresco e asciutto, in una confezione ben sigillata e fuori dalla portata dei bambini al di sotto dei 3 anni.<\/li>\n<li>Pu\u00f2 contenere tracce di latte, avena, uova, soia.<\/li>\n<li>Senza Lattosio e Senza Glutine.<\/li>\n<\/ul>","protected":false},"excerpt":{"rendered":"<p>Collagene in polvere Il collagene, una proteina fondamentale presente nei tessuti connettivi come la pelle, i tendini, i legamenti e la cartilagine, costituisce la struttura di sostegno dell'organismo, fornendo forza e resistenza ai tessuti. Composta principalmente da aminoacidi come glicina, prolina e idrossiprolina, questa proteina \u00e8 essenziale per mantenere la salute e l'integrit\u00e0 dei tessuti connettivi. Tuttavia, con l'avanzare dell'et\u00e0 [...]<\/p>","protected":false},"featured_media":432,"template":"","meta":[],"product_cat":[311],"product_tag":[317,258],"class_list":{"0":"post-430","1":"product","2":"type-product","3":"status-publish","4":"has-post-thumbnail","6":"product_cat-recovery-and-regeneration","7":"product_tag-recovery-and-regeneration","8":"product_tag-vitamins-wellness","10":"first","11":"instock","12":"taxable","13":"shipping-taxable","14":"purchasable","15":"product-type-variable"},"aioseo_notices":[],"_links":{"self":[{"href":"https:\/\/www.selfprotein.com\/it\/wp-json\/wp\/v2\/product\/430"}],"collection":[{"href":"https:\/\/www.selfprotein.com\/it\/wp-json\/wp\/v2\/product"}],"about":[{"href":"https:\/\/www.selfprotein.com\/it\/wp-json\/wp\/v2\/types\/product"}],"wp:featuredmedia":[{"embeddable":true,"href":"https:\/\/www.selfprotein.com\/it\/wp-json\/wp\/v2\/media\/432"}],"wp:attachment":[{"href":"https:\/\/www.selfprotein.com\/it\/wp-json\/wp\/v2\/media?parent=430"}],"wp:term":[{"taxonomy":"product_cat","embeddable":true,"href":"https:\/\/www.selfprotein.com\/it\/wp-json\/wp\/v2\/product_cat?post=430"},{"taxonomy":"product_tag","embeddable":true,"href":"https:\/\/www.selfprotein.com\/it\/wp-json\/wp\/v2\/product_tag?post=430"}],"curies":[{"name":"wp","href":"https:\/\/api.w.org\/{rel}","templated":true}]}}