{"id":548,"date":"2023-11-27T13:18:08","date_gmt":"2023-11-27T12:18:08","guid":{"rendered":"https:\/\/34.88.231.180\/product\/dextrose\/"},"modified":"2026-05-01T00:23:43","modified_gmt":"2026-04-30T22:23:43","slug":"dextrose","status":"publish","type":"product","link":"https:\/\/www.selfprotein.com\/it\/prodotto\/dextrose\/","title":{"rendered":"Destrosio"},"content":{"rendered":"<p style=\"text-align: left;\" align=\"center\"><strong><span lang=\"en-US\">Destrosio<\/span><\/strong><\/p>\n<p><span lang=\"en-US\">Il destrosio, comunemente noto come glucosio, \u00e8 uno zucchero semplice presente in molti alimenti ed \u00e8 apprezzato per la sua capacit\u00e0 di agire come dolcificante e fonte immediata di energia. Essendo un monosaccaride, cio\u00e8 una singola molecola di zucchero, il destrosio rappresenta una delle fonti primarie di carburante per il corpo umano. La sua rapida assimilazione nel flusso sanguigno fornisce energia immediata, rendendolo un componente fondamentale negli integratori sportivi e nei prodotti per il recupero.<\/span><\/p>\n<p><span lang=\"en-US\">Benefici del destrosio:<\/span><\/p>\n<ul>\n<li><strong><span lang=\"en-US\">Fonte immediata di energia:<\/span><\/strong><span lang=\"en-US\"> Grazie alla sua struttura monosaccaridica, il destrosio viene assorbito rapidamente dall'organismo, fornendo un rapido rifornimento energetico durante l'attivit\u00e0 fisica intensa o prolungata.<\/span><\/li>\n<li><strong><span lang=\"en-US\">Sostiene il recupero muscolare:<\/span><\/strong><span lang=\"en-US\"> Il consumo di destrosio dopo un allenamento pu\u00f2 aiutare a ripristinare le riserve di glicogeno muscolare esaurite, facilitando il processo di recupero muscolare e riducendo il rischio di affaticamento.<\/span><\/li>\n<li><strong><span lang=\"en-US\">Miglioramento dell'assorbimento di altri nutrienti:<\/span><\/strong><span lang=\"en-US\"> Il destrosio pu\u00f2 favorire l'assorbimento di altri nutrienti, come le proteine, se consumati insieme, ottimizzandone l'utilizzo per la riparazione e la crescita muscolare.<\/span><\/li>\n<li><strong><span lang=\"en-US\">Versatilit\u00e0 d'uso:<\/span><\/strong><span lang=\"en-US\"> Il destrosio pu\u00f2 essere facilmente incorporato in vari tipi di integratori alimentari, bevande o barrette energetiche, offrendo un modo conveniente per integrare energia immediata nella dieta quotidiana.<\/span><\/li>\n<li><strong><span lang=\"en-US\">Regolazione dell'indice glicemico:<\/span><\/strong><span lang=\"en-US\"> Nonostante il suo alto indice glicemico, il destrosio pu\u00f2 essere utilizzato strategicamente per fornire un rapido picco di energia quando necessario, soprattutto durante gli allenamenti ad alta intensit\u00e0.<\/span><\/li>\n<\/ul>\n<p><\/p>\n<p><span lang=\"en-US\">Grazie alla sua capacit\u00e0 di fornire una fonte di energia rapida ed efficace, il destrosio si \u00e8 guadagnato un ruolo di primo piano nel campo della nutrizione sportiva, contribuendo a ottimizzare le prestazioni fisiche e a promuovere il recupero muscolare dopo l'attivit\u00e0 fisica.<\/span>\n<\/p>\n<p><strong><span lang=\"en-US\">Uso consigliato<\/span><\/strong><\/p>\n<p><span lang=\"en-US\">1 dose prima e durante l'allenamento per favorire le prestazioni atletiche<\/span><span lang=\"en-US\">.<\/span><\/p>\n<p><strong>Avviso:<\/strong><\/p>\n<ul>\n<li>Solo per adulti e non sostituisce una dieta varia ed equilibrata e uno stile di vita sano.<\/li>\n<li>Non superare la dose consigliata.<\/li>\n<li>Non utilizzarlo durante l'allattamento e i periodi di gravidanza senza consultare il medico.<\/li>\n<li>Conservare il prodotto in un luogo fresco e asciutto, in una confezione ben sigillata e fuori dalla portata dei bambini al di sotto dei 3 anni.<\/li>\n<li>Pu\u00f2 contenere tracce di latte, avena, uova, soia.<\/li>\n<li>Senza Glutine.<\/li>\n<\/ul>","protected":false},"excerpt":{"rendered":"<details>\n<summary>Valori Nutrizionali<\/summary>\n<table style=\"text-align: center;\">\n<tbody>\n<tr>\n<th>Valori Nutrizionali<\/th>\n<th>per 100g<\/th>\n<\/tr>\n<tr>\n<td>Energia<\/td>\n<td>360kcal(1505kj)<\/td>\n<\/tr>\n<tr>\n<td>Grassi<\/td>\n<td>0g<\/td>\n<\/tr>\n<tr>\n<td>di cui saturi<\/td>\n<td>0g<\/td>\n<\/tr>\n<tr>\n<td>Carboidrati<\/td>\n<td>90g<\/td>\n<\/tr>\n<tr>\n<td>di cui zuccheri<\/td>\n<td>90g<\/td>\n<\/tr>\n<tr>\n<td>Proteine<\/td>\n<td>0g<\/td>\n<\/tr>\n<tr>\n<td>Fibre Alimentari<\/td>\n<td>0g<\/td>\n<\/tr>\n<tr>\n<td>Sale<\/td>\n<td>0g<\/td>\n<\/tr>\n<tr>\n<td colspan=\"2\"><strong>Ingredienti: <\/strong> destrosio (mais)<\/td>\n<\/tr>\n<\/tbody>\n<\/table>\n<\/details>\n<p>&nbsp;<\/p>","protected":false},"featured_media":549,"template":"","meta":[],"product_cat":[310,217],"product_tag":[315,230],"class_list":{"0":"post-548","1":"product","2":"type-product","3":"status-publish","4":"has-post-thumbnail","6":"product_cat-performance-and-endurance","7":"product_cat-pre-workout-energy","8":"product_tag-performance-and-endurance","9":"product_tag-pre-workout-energy","11":"first","12":"instock","13":"taxable","14":"shipping-taxable","15":"purchasable","16":"product-type-simple"},"aioseo_notices":[],"_links":{"self":[{"href":"https:\/\/www.selfprotein.com\/it\/wp-json\/wp\/v2\/product\/548"}],"collection":[{"href":"https:\/\/www.selfprotein.com\/it\/wp-json\/wp\/v2\/product"}],"about":[{"href":"https:\/\/www.selfprotein.com\/it\/wp-json\/wp\/v2\/types\/product"}],"wp:featuredmedia":[{"embeddable":true,"href":"https:\/\/www.selfprotein.com\/it\/wp-json\/wp\/v2\/media\/549"}],"wp:attachment":[{"href":"https:\/\/www.selfprotein.com\/it\/wp-json\/wp\/v2\/media?parent=548"}],"wp:term":[{"taxonomy":"product_cat","embeddable":true,"href":"https:\/\/www.selfprotein.com\/it\/wp-json\/wp\/v2\/product_cat?post=548"},{"taxonomy":"product_tag","embeddable":true,"href":"https:\/\/www.selfprotein.com\/it\/wp-json\/wp\/v2\/product_tag?post=548"}],"curies":[{"name":"wp","href":"https:\/\/api.w.org\/{rel}","templated":true}]}}