{"id":551,"date":"2023-11-27T13:18:12","date_gmt":"2023-11-27T12:18:12","guid":{"rendered":"https:\/\/34.88.231.180\/product\/diet-meal\/"},"modified":"2026-04-01T00:00:45","modified_gmt":"2026-03-31T22:00:45","slug":"diet-meal","status":"publish","type":"product","link":"https:\/\/www.selfprotein.com\/it\/prodotto\/diet-meal\/","title":{"rendered":"Pasto Dietetico"},"content":{"rendered":"<p style=\"text-align: left;\" align=\"center\"><strong><span lang=\"en-US\">Pasto Dietetico<\/span><\/strong><\/p>\n<p><span lang=\"en-US\">Scoprite la soluzione perfetta per una dieta leggera ed equilibrata! Vi presentiamo il nostro pasto dietetico, un'opzione ideale per sostituire uno o due pasti al giorno. Con sole 95 calorie, questo pasto non solo vi aiuter\u00e0 a controllare l'apporto calorico, ma \u00e8 anche arricchito con vitamine e minerali essenziali. Inoltre, \u00e8 privo di glutine e lattosio, garantendo una scelta sicura per chi ha esigenze dietetiche specifiche.<\/span><\/p>\n<p><span lang=\"en-US\">Benefici del pasto dietetico:<\/span><\/p>\n<ul>\n<li><strong><span lang=\"en-US\">Basso contenuto calorico<\/span><\/strong><span lang=\"en-US\"><strong>:<\/strong> Con sole 95 calorie, il pasto dietetico \u00e8 perfetto per chi \u00e8 attento alle calorie e vuole mantenere o perdere peso in modo sano.<\/span><\/li>\n<li><strong><span lang=\"en-US\">Ricco di sostanze nutritive:<\/span><\/strong><span lang=\"en-US\"> Nonostante le poche calorie, questo pasto fornisce un'importante dose di vitamine e minerali essenziali per mantenere il corpo sano e in forma.<\/span><\/li>\n<li><strong><span lang=\"en-US\">Senza glutine e senza lattosio:<\/span><\/strong><span lang=\"en-US\"> Adatto a chi ha sensibilit\u00e0 o intolleranze, il pasto dietetico offre una scelta sicura e gustosa senza glutine e lattosio.<\/span><\/li>\n<li><strong><span lang=\"en-US\">Sostituzione dei pasti:<\/span><\/strong><span lang=\"en-US\"> Pu\u00f2 essere consumato al posto di uno o due pasti al giorno, offrendo una soluzione conveniente per chi \u00e8 sempre in movimento o ha poco tempo per preparare pasti completi.<\/span><\/li>\n<li><strong><span lang=\"en-US\">Variet\u00e0 di opzioni:<\/span><\/strong><span lang=\"en-US\"> Disponibile in una gamma di gusti deliziosi, il pasto dietetico consente di soddisfare facilmente i propri gusti personali e di prendersi cura della propria salute.<\/span><\/li>\n<\/ul>\n<p>&nbsp;<\/p>\n<p><span lang=\"en-US\">Con i nostri pasti dietetici, potrete gustare un pasto leggero e nutriente che si adatta alle vostre esigenze dietetiche senza sacrificare il gusto o la praticit\u00e0.<\/span><\/p>\n<p><strong><span lang=\"en-US\">Uso consigliato<\/span><\/strong><\/p>\n<p><span lang=\"en-US\">Per la perdita di peso, sostituire 2 pasti al giorno con Diet Meal; per il mantenimento, sostituire 1 pasto al giorno.<\/span><\/p>\n<p><strong>Avviso:<\/strong><\/p>\n<ul>\n<li>Solo per adulti e non sostituisce una dieta varia ed equilibrata e uno stile di vita sano.<\/li>\n<li>Non superare la dose consigliata.<\/li>\n<li>Non utilizzarlo durante l'allattamento e i periodi di gravidanza senza consultare il medico.<\/li>\n<li>Conservare il prodotto in un luogo fresco e asciutto, in una confezione ben sigillata e fuori dalla portata dei bambini al di sotto dei 3 anni.<\/li>\n<li>Senza Lattosio e Senza Glutine.<\/li>\n<\/ul>","protected":false},"excerpt":{"rendered":"<p>Pasto dietetico Scoprite la soluzione perfetta per una dieta leggera ed equilibrata! Vi presentiamo il nostro pasto dietetico, un'opzione ideale per sostituire uno o due pasti al giorno. Con sole 95 calorie, questo pasto non solo vi aiuter\u00e0 a controllare l'apporto calorico, ma \u00e8 anche arricchito con vitamine e minerali essenziali. Inoltre, \u00e8 privo di glutine [...]<\/p>","protected":false},"featured_media":552,"template":"","meta":[],"product_cat":[210,309],"product_tag":[223,319],"class_list":{"0":"post-551","1":"product","2":"type-product","3":"status-publish","4":"has-post-thumbnail","6":"product_cat-snacks-meal-solutions","7":"product_cat-weight-management-and-definition","8":"product_tag-snacks-meal-solutions","9":"product_tag-weight-management-and-definition","11":"first","12":"instock","13":"sale","14":"taxable","15":"shipping-taxable","16":"purchasable","17":"product-type-variable"},"aioseo_notices":[],"_links":{"self":[{"href":"https:\/\/www.selfprotein.com\/it\/wp-json\/wp\/v2\/product\/551"}],"collection":[{"href":"https:\/\/www.selfprotein.com\/it\/wp-json\/wp\/v2\/product"}],"about":[{"href":"https:\/\/www.selfprotein.com\/it\/wp-json\/wp\/v2\/types\/product"}],"wp:featuredmedia":[{"embeddable":true,"href":"https:\/\/www.selfprotein.com\/it\/wp-json\/wp\/v2\/media\/552"}],"wp:attachment":[{"href":"https:\/\/www.selfprotein.com\/it\/wp-json\/wp\/v2\/media?parent=551"}],"wp:term":[{"taxonomy":"product_cat","embeddable":true,"href":"https:\/\/www.selfprotein.com\/it\/wp-json\/wp\/v2\/product_cat?post=551"},{"taxonomy":"product_tag","embeddable":true,"href":"https:\/\/www.selfprotein.com\/it\/wp-json\/wp\/v2\/product_tag?post=551"}],"curies":[{"name":"wp","href":"https:\/\/api.w.org\/{rel}","templated":true}]}}