{"id":637,"date":"2023-11-27T13:28:59","date_gmt":"2023-11-27T12:28:59","guid":{"rendered":"https:\/\/34.88.231.180\/product\/inject-pwo\/"},"modified":"2026-05-01T00:23:51","modified_gmt":"2026-04-30T22:23:51","slug":"inject-pwo","status":"publish","type":"product","link":"https:\/\/www.selfprotein.com\/it\/prodotto\/inject-pwo\/","title":{"rendered":"Inject PWO"},"content":{"rendered":"<p style=\"text-align: left;\" align=\"center\"><strong><span lang=\"en-US\">Iniettare prima dell'allenamento<\/span><\/strong><\/p>\n<p><span lang=\"en-US\">Inject Pre-Workout \u00e8 un integratore pensato per essere assunto prima di un allenamento per migliorare le prestazioni fisiche e aumentare i livelli di energia. Questo tipo di integratore pu\u00f2 essere particolarmente utile per chi vuole ottimizzare le prestazioni durante l'attivit\u00e0 fisica, ma \u00e8 fondamentale utilizzarlo con cautela e rispettare le dosi consigliate.<\/span><\/p>\n<p><span lang=\"en-US\">I benefici di Inject Pre-Workout:<\/span><\/p>\n<ul>\n<li><strong><span lang=\"en-US\">Miglioramento delle prestazioni:<\/span><\/strong><span lang=\"en-US\"> L'assunzione di Inject Pre-Workout pu\u00f2 contribuire a migliorare le prestazioni durante l'allenamento. Gli ingredienti contenuti in questo integratore possono favorire una maggiore resistenza, forza e concentrazione, consentendo agli atleti di raggiungere livelli di prestazione pi\u00f9 elevati.<\/span><\/li>\n<li><strong><span lang=\"en-US\">Aumento dei livelli di energia:<\/span><\/strong><span lang=\"en-US\"> Grazie alla sua formulazione mirata, Inject Pre-Workout \u00e8 in grado di aumentare i livelli di energia, consentendo di affrontare gli allenamenti con maggiore vitalit\u00e0 e determinazione. Ci\u00f2 \u00e8 particolarmente vantaggioso per chi deve affrontare sessioni di allenamento intense o prolungate.<\/span><\/li>\n<li><strong><span lang=\"en-US\">Supporta la concentrazione:<\/span><\/strong><span lang=\"en-US\"> Gli integratori pre-allenamento come Inject Pre-Workout contengono spesso ingredienti studiati per migliorare la concentrazione e l'attenzione mentale. Questo pu\u00f2 essere utile per mantenere la mente concentrata sull'obiettivo durante l'allenamento, migliorando cos\u00ec l'efficacia complessiva della sessione di allenamento.<\/span><\/li>\n<\/ul>\n<p><\/p>\n<p><strong><span lang=\"en-US\">Uso consigliato<\/span><\/strong><\/p>\n<p><span lang=\"en-US\">Assumere 1 dose 30-45 minuti prima dell'allenamento.<\/span>\n<\/p>\n<p class=\"xmprfx_MsoNormal\"><b>Avviso:<\/b><\/p>\n<ul>\n<li>Solo per adulti e non sostituisce una dieta varia ed equilibrata e uno stile di vita sano.<\/li>\n<li>Non superare la dose consigliata.<\/li>\n<li>Non utilizzarlo durante l'allattamento e i periodi di gravidanza senza consultare il medico.<\/li>\n<li>Conservare il prodotto in un luogo fresco e asciutto, in una confezione ben sigillata e fuori dalla portata dei bambini al di sotto dei 3 anni.<\/li>\n<li>Pu\u00f2 contenere tracce di latte, avena, uova, soia.<\/li>\n<li>Senza Lattosio e Senza Glutine.<\/li>\n<\/ul>","protected":false},"excerpt":{"rendered":"<p>Inject Pre-Workout Inject Pre-Workout \u00e8 un integratore pensato per essere assunto prima di un allenamento per migliorare le prestazioni fisiche e aumentare i livelli di energia. Questo tipo di integratore pu\u00f2 essere particolarmente utile per chi vuole ottimizzare le prestazioni durante l'attivit\u00e0 fisica, ma \u00e8 fondamentale utilizzarlo con cautela e rispettare le dosi consigliate. Benefici [...]<\/p>","protected":false},"featured_media":5634,"template":"","meta":[],"product_cat":[310,217],"product_tag":[315,230],"class_list":{"0":"post-637","1":"product","2":"type-product","3":"status-publish","4":"has-post-thumbnail","6":"product_cat-performance-and-endurance","7":"product_cat-pre-workout-energy","8":"product_tag-performance-and-endurance","9":"product_tag-pre-workout-energy","11":"first","12":"instock","13":"taxable","14":"shipping-taxable","15":"purchasable","16":"product-type-variable"},"aioseo_notices":[],"_links":{"self":[{"href":"https:\/\/www.selfprotein.com\/it\/wp-json\/wp\/v2\/product\/637"}],"collection":[{"href":"https:\/\/www.selfprotein.com\/it\/wp-json\/wp\/v2\/product"}],"about":[{"href":"https:\/\/www.selfprotein.com\/it\/wp-json\/wp\/v2\/types\/product"}],"wp:featuredmedia":[{"embeddable":true,"href":"https:\/\/www.selfprotein.com\/it\/wp-json\/wp\/v2\/media\/5634"}],"wp:attachment":[{"href":"https:\/\/www.selfprotein.com\/it\/wp-json\/wp\/v2\/media?parent=637"}],"wp:term":[{"taxonomy":"product_cat","embeddable":true,"href":"https:\/\/www.selfprotein.com\/it\/wp-json\/wp\/v2\/product_cat?post=637"},{"taxonomy":"product_tag","embeddable":true,"href":"https:\/\/www.selfprotein.com\/it\/wp-json\/wp\/v2\/product_tag?post=637"}],"curies":[{"name":"wp","href":"https:\/\/api.w.org\/{rel}","templated":true}]}}