{"id":651,"date":"2023-11-27T13:29:28","date_gmt":"2023-11-27T12:29:28","guid":{"rendered":"https:\/\/34.88.231.180\/product\/instant-oat\/"},"modified":"2026-04-01T16:47:48","modified_gmt":"2026-04-01T14:47:48","slug":"instant-oat","status":"publish","type":"product","link":"https:\/\/www.selfprotein.com\/it\/prodotto\/instant-oat\/","title":{"rendered":"Avena Istantanea"},"content":{"rendered":"<p style=\"text-align: left;\" align=\"center\"><span lang=\"en-US\"><strong>Avena Istantanea<\/strong> <\/span><\/p>\n<p><span lang=\"en-US\">Grazie alla sua combinazione unica di carboidrati complessi e fibre, la farina di avena in polvere si \u00e8 guadagnata la reputazione di integratore alimentare versatile e nutriente, adatto a soddisfare una variet\u00e0 di esigenze dietetiche e nutrizionali, sia per gli atleti che per coloro che cercano uno stile di vita attivo e sano.<\/span><\/p>\n<p><span lang=\"en-US\">Scoprite l'efficacia della farina d'avena in polvere, un integratore alimentare molto apprezzato per la sua capacit\u00e0 di fornire una fonte rapida di carboidrati complessi e fibre. Questo prodotto \u00e8 diventato una scelta popolare tra coloro che cercano una colazione o uno spuntino salutare che offra energia sostenuta nel tempo e contribuisca a creare una sensazione di saziet\u00e0 grazie alla sua ricchezza di fibre.<\/span><\/p>\n<p><span lang=\"en-US\">Benefici della farina di avena in polvere:<\/span><\/p>\n<ul>\n<li><strong><span lang=\"en-US\">Fonte di carboidrati a lento rilascio:<\/span><\/strong><span lang=\"en-US\"> La farina di avena in polvere fornisce carboidrati complessi che vengono rilasciati gradualmente nel flusso sanguigno, garantendo un apporto costante di energia nel tempo, ideale per sostenere l'attivit\u00e0 fisica o mentale.<\/span><\/li>\n<li><strong><span lang=\"en-US\">Ricco di fibre:<\/span><\/strong><span lang=\"en-US\"> Grazie alla presenza di fibre, la farina di avena aiuta a mantenere stabili i livelli di zucchero nel sangue e favorisce il senso di saziet\u00e0, aiutando a controllare l'appetito e a mantenere un peso corporeo sano.<\/span><\/li>\n<li><strong><span lang=\"en-US\">Versatilit\u00e0 d'uso:<\/span><\/strong><span lang=\"en-US\"> La farina di avena in polvere pu\u00f2 essere facilmente incorporata in una variet\u00e0 di ricette, tra cui frullati proteici, bevande energetiche e barrette proteiche fatte in casa, offrendo un'opzione nutriente e gustosa per soddisfare le esigenze dietetiche e nutrizionali.<\/span><\/li>\n<li><strong><span lang=\"en-US\">Facilit\u00e0 di preparazione:<\/span><\/strong><span lang=\"en-US\"> Per utilizzare la farina di avena in polvere, \u00e8 sufficiente mescolarla con acqua, latte o altri liquidi per creare una bevanda nutriente ricca di carboidrati complessi e fibre, oppure aggiungerla a frullati proteici o a ricette a base di avena.<\/span><\/li>\n<li><strong><span lang=\"en-US\">Supporto durante e dopo l'attivit\u00e0 fisica:<\/span><\/strong><span lang=\"en-US\"> Grazie alla sua capacit\u00e0 di fornire energia sostenuta e un apporto di fibre, la farina di avena in polvere \u00e8 particolarmente utile per chi cerca un supporto nutrizionale durante o dopo l'attivit\u00e0 fisica, aiutando a mantenere alti i livelli di prestazione e a favorire il recupero muscolare.<\/span><\/li>\n<\/ul>\n<p>&nbsp;<\/p>\n<p><strong><span lang=\"en-US\">Uso consigliato<\/span><\/strong><\/p>\n<p><span lang=\"en-US\">1 porzione a colazione, prima o dopo l'allenamento.<\/span><\/p>\n<p class=\"xmprfx_MsoNormal\"><b>Avviso:<\/b><\/p>\n<ul>\n<li>Solo per adulti e non sostituisce una dieta varia ed equilibrata e uno stile di vita sano.<\/li>\n<li>Non superare la dose consigliata.<\/li>\n<li>Non utilizzarlo durante l'allattamento e i periodi di gravidanza senza consultare il medico.<\/li>\n<li>Conservare il prodotto in un luogo fresco e asciutto, in una confezione ben sigillata e fuori dalla portata dei bambini al di sotto dei 3 anni.<\/li>\n<li>Pu\u00f2 contenere tracce di latte, uova e soia.<\/li>\n<li>Senza Lattosio e Senza Glutine.<\/li>\n<\/ul>","protected":false},"excerpt":{"rendered":"<p>Avena istantanea Con la sua combinazione unica di carboidrati complessi e fibre, la farina di avena in polvere si \u00e8 guadagnata la reputazione di integratore alimentare versatile e nutriente, adatto a soddisfare una variet\u00e0 di esigenze dietetiche e nutrizionali, sia per gli atleti che per chi cerca uno stile di vita attivo e sano. Scoprite l'efficacia della farina di avena in polvere, [...]<\/p>","protected":false},"featured_media":6233,"template":"","meta":[],"product_cat":[313,210],"product_tag":[316,223],"class_list":{"0":"post-651","1":"product","2":"type-product","3":"status-publish","4":"has-post-thumbnail","6":"product_cat-protein-snacks-and-fit-food","7":"product_cat-snacks-meal-solutions","8":"product_tag-protein-snacks-fit-food","9":"product_tag-snacks-meal-solutions","11":"first","12":"instock","13":"taxable","14":"shipping-taxable","15":"purchasable","16":"product-type-variable"},"aioseo_notices":[],"_links":{"self":[{"href":"https:\/\/www.selfprotein.com\/it\/wp-json\/wp\/v2\/product\/651"}],"collection":[{"href":"https:\/\/www.selfprotein.com\/it\/wp-json\/wp\/v2\/product"}],"about":[{"href":"https:\/\/www.selfprotein.com\/it\/wp-json\/wp\/v2\/types\/product"}],"wp:featuredmedia":[{"embeddable":true,"href":"https:\/\/www.selfprotein.com\/it\/wp-json\/wp\/v2\/media\/6233"}],"wp:attachment":[{"href":"https:\/\/www.selfprotein.com\/it\/wp-json\/wp\/v2\/media?parent=651"}],"wp:term":[{"taxonomy":"product_cat","embeddable":true,"href":"https:\/\/www.selfprotein.com\/it\/wp-json\/wp\/v2\/product_cat?post=651"},{"taxonomy":"product_tag","embeddable":true,"href":"https:\/\/www.selfprotein.com\/it\/wp-json\/wp\/v2\/product_tag?post=651"}],"curies":[{"name":"wp","href":"https:\/\/api.w.org\/{rel}","templated":true}]}}