{"id":6997,"date":"2024-06-19T17:54:57","date_gmt":"2024-06-19T15:54:57","guid":{"rendered":"https:\/\/www.selfprotein.com\/?post_type=product&#038;p=6997"},"modified":"2026-04-01T00:00:46","modified_gmt":"2026-03-31T22:00:46","slug":"nac-n-acetyl-l-cysteine","status":"publish","type":"product","link":"https:\/\/www.selfprotein.com\/it\/prodotto\/nac-n-acetyl-l-cysteine\/","title":{"rendered":"NAC N-acetilcisteina"},"content":{"rendered":"<p><strong>NAC N-Acetil-L-Cisteina<\/strong><\/p>\n<p>NAC (N-Acetilcisteina) \u00e8 un integratore che pu\u00f2 offrire diversi benefici agli sportivi grazie alle sue propriet\u00e0 antiossidanti e al suo ruolo nel migliorare la funzione respiratoria e ridurre l'infiammazione.<\/p>\n<p>Ecco come pu\u00f2 essere utile per gli sportivi:<\/p>\n<p><strong>Benefici:<\/strong><\/p>\n<p><strong>Antiossidante potente<\/strong><\/p>\n<ul>\n<li>Il NAC aiuta a rifornire i livelli di glutatione, uno dei pi\u00f9 potenti antiossidanti del corpo.\nGli sportivi sono spesso soggetti a stress ossidativo elevato a causa dell'esercizio fisico intenso, e il NAC pu\u00f2 aiutare a ridurre i danni cellulari provocati dai radicali liberi.<\/li>\n<\/ul>\n<p>&nbsp;<\/p>\n<p><strong>Recupero muscolare<\/strong><\/p>\n<ul>\n<li>Riducendo lo stress ossidativo e l'infiammazione, il NAC pu\u00f2 facilitare il recupero muscolare post-allenamento. Questo pu\u00f2 portare a meno dolori muscolari e una ripresa pi\u00f9 rapida tra le sessioni di allenamento.<\/li>\n<\/ul>\n<p>&nbsp;<\/p>\n<p><strong>Salute respiratoria<\/strong><\/p>\n<ul>\n<li>Il NAC ha propriet\u00e0 mucolitiche, aiutando a fluidificare il muco e migliorare la funzione polmonare. Questo pu\u00f2 essere particolarmente utile per gli sportivi che praticano sport di resistenza, come corsa, ciclismo o nuoto,\nmigliorando la respirazione e l'apporto di ossigeno.<\/li>\n<\/ul>\n<p>&nbsp;<\/p>\n<p><strong>Riduzione della fatica<\/strong><\/p>\n<ul>\n<li>Alcuni studi suggeriscono che il NAC pu\u00f2 aiutare a ridurre la fatica durante l'esercizio prolungato,\nmigliorando cos\u00ec la resistenza e la performance atletica.<\/li>\n<\/ul>\n<p>&nbsp;<\/p>\n<p><strong>Protezione contro le lesioni<\/strong><\/p>\n<ul>\n<li>Le propriet\u00e0 antinfiammatorie del NAC possono contribuire a ridurre il rischio di lesioni legate all'infiammazione cronica, come tendiniti o altre infiammazioni articolari.<\/li>\n<\/ul>\n<p>&nbsp;<\/p>\n<p><strong>Avviso:<\/strong><\/p>\n<ul>\n<li>Solo per adulti e deve essere utilizzato nell'ambito di una dieta varia ed equilibrata e di uno stile di vita sano.<\/li>\n<li>Non superare la dose consigliata.<\/li>\n<li>Dose giornaliera raccomandata: 1 cps.<\/li>\n<li>Non utilizzare durante l'allattamento, la gravidanza e i periodi prolungati senza consultare il medico.<\/li>\n<li>Conservare il prodotto in un luogo fresco e asciutto, in una confezione ben sigillata e fuori dalla portata dei bambini al di sotto dei 3 anni.<\/li>\n<li>Pu\u00f2 contenere tracce di latte, avena, uova e soia.<\/li>\n<li>Senza Lattosio e Senza Glutine.<\/li>\n<\/ul>","protected":false},"excerpt":{"rendered":"<details>\n<summary>Ingredienti<\/summary>\n<table style=\"text-align: center;\">\n<tbody>\n<tr>\n<th>Ingredienti<\/th>\n<th>per dose 1 capsula<\/th>\n<\/tr>\n<tr>\n<td>N-acetil-L-cisteina<\/td>\n<td>600 mg<\/td>\n<\/tr>\n<tr>\n<td colspan=\"2\"><strong> Altri ingredienti: <\/strong>agenti stabilizzanti (E460, E470b, E551), capsula vegana (E1204)<\/td>\n<\/tr>\n<\/tbody>\n<\/table>\n<\/details>\n<p>&nbsp;<\/p>","protected":false},"featured_media":13936,"template":"","meta":[],"product_cat":[312,214],"product_tag":[314,228],"class_list":{"0":"post-6997","1":"product","2":"type-product","3":"status-publish","4":"has-post-thumbnail","6":"product_cat-health-and-wellness","7":"product_cat-vitamins-wellness","8":"product_tag-health-and-wellness","9":"product_tag-natural-extracts-wellness","11":"first","12":"instock","13":"sale","14":"taxable","15":"shipping-taxable","16":"purchasable","17":"product-type-simple"},"aioseo_notices":[],"_links":{"self":[{"href":"https:\/\/www.selfprotein.com\/it\/wp-json\/wp\/v2\/product\/6997"}],"collection":[{"href":"https:\/\/www.selfprotein.com\/it\/wp-json\/wp\/v2\/product"}],"about":[{"href":"https:\/\/www.selfprotein.com\/it\/wp-json\/wp\/v2\/types\/product"}],"wp:featuredmedia":[{"embeddable":true,"href":"https:\/\/www.selfprotein.com\/it\/wp-json\/wp\/v2\/media\/13936"}],"wp:attachment":[{"href":"https:\/\/www.selfprotein.com\/it\/wp-json\/wp\/v2\/media?parent=6997"}],"wp:term":[{"taxonomy":"product_cat","embeddable":true,"href":"https:\/\/www.selfprotein.com\/it\/wp-json\/wp\/v2\/product_cat?post=6997"},{"taxonomy":"product_tag","embeddable":true,"href":"https:\/\/www.selfprotein.com\/it\/wp-json\/wp\/v2\/product_tag?post=6997"}],"curies":[{"name":"wp","href":"https:\/\/api.w.org\/{rel}","templated":true}]}}