{"id":723,"date":"2023-11-27T13:42:11","date_gmt":"2023-11-27T12:42:11","guid":{"rendered":"https:\/\/34.88.231.180\/product\/real-glutamine\/"},"modified":"2026-05-01T00:23:57","modified_gmt":"2026-04-30T22:23:57","slug":"l-glutamine","status":"publish","type":"product","link":"https:\/\/www.selfprotein.com\/it\/prodotto\/l-glutamine\/","title":{"rendered":"L-Glutammina"},"content":{"rendered":"<p style=\"text-align: left;\" align=\"center\"><strong><span lang=\"en-US\">L-Glutammina<\/span><\/strong><\/p>\n<p><span lang=\"en-US\">La glutammina \u00e8 un integratore alimentare che contiene un aminoacido naturalmente presente nel corpo umano, che pu\u00f2 essere ottenuto anche attraverso fonti alimentari come carne, pesce e latticini. La glutammina \u00e8 classificata come aminoacido condizionatamente essenziale perch\u00e9, in alcune situazioni, come durante i periodi di intensa attivit\u00e0 fisica o di malattia, il fabbisogno dell'organismo pu\u00f2 superare la produzione naturale, rendendo necessario l'uso di un integratore.<\/span><\/p>\n<p><span lang=\"en-US\">Benefici della glutammina:<\/span><\/p>\n<ul>\n<li><strong><span lang=\"en-US\">Recupero accelerato<\/span><\/strong><span lang=\"en-US\"><strong>:<\/strong> La glutammina pu\u00f2 contribuire ad accelerare i tempi di recupero dopo un intenso esercizio fisico, fornendo all'organismo gli aminoacidi necessari per la riparazione e la ricostruzione muscolare.<\/span><\/li>\n<li><strong><span lang=\"en-US\">Miglioramento della crescita muscolare:<\/span><\/strong><span lang=\"en-US\"> L'integrazione della glutammina nella dieta pu\u00f2 favorire la crescita muscolare fornendo un ulteriore supporto alla sintesi proteica e alla riparazione dei tessuti muscolari danneggiati.<\/span><\/li>\n<li><strong><span lang=\"en-US\">Riduzione dell'indolenzimento muscolare post-esercizio<\/span><\/strong><span lang=\"en-US\"><strong>:<\/strong> La glutammina in polvere pu\u00f2 contribuire a ridurre il dolore e l'indolenzimento muscolare dopo un intenso esercizio fisico, favorendo la riparazione muscolare e riducendo l'infiammazione.<\/span><\/li>\n<li><strong><span lang=\"en-US\">Sostegno al sistema immunitario e digestivo<\/span><\/strong><span lang=\"en-US\"><strong>:<\/strong> La glutammina svolge un ruolo importante nel sostenere la funzione del sistema immunitario e digestivo, contribuendo cos\u00ec a mantenere la salute generale e la capacit\u00e0 di recupero durante i periodi di stress fisico o di malattia.<\/span><\/li>\n<\/ul>\n<p><\/p>\n<p><strong><span lang=\"en-US\">Uso consigliato<\/span><\/strong><\/p>\n<p><span lang=\"en-US\">1 porzione direttamente dopo l'allenamento o nel corso della giornata.<\/span>\n<\/p>\n<p><b>Avviso:<\/b><\/p>\n<ul>\n<li>Solo per adulti e non sostituisce una dieta varia ed equilibrata e uno stile di vita sano.<\/li>\n<li>Non superare la dose consigliata.<\/li>\n<li>Non utilizzarlo durante l'allattamento e i periodi di gravidanza senza consultare il medico.<\/li>\n<li>Conservare il prodotto in un luogo fresco e asciutto, in una confezione ben sigillata e fuori dalla portata dei bambini al di sotto dei 3 anni.<\/li>\n<li>Pu\u00f2 contenere tracce di latte, avena, uova, soia.<\/li>\n<li>Senza Lattosio e Senza Glutine.<\/li>\n<\/ul>","protected":false},"excerpt":{"rendered":"<p>L-Glutammina La glutammina \u00e8 un integratore alimentare contenente un aminoacido naturalmente presente nel corpo umano, che pu\u00f2 essere ottenuto anche attraverso fonti alimentari come carne, pesce e latticini. La glutammina \u00e8 classificata come aminoacido condizionatamente essenziale perch\u00e9, in alcune situazioni, come ad esempio durante periodi di intensa attivit\u00e0 fisica o di malattia, la [...]<\/p>","protected":false},"featured_media":11994,"template":"","meta":[],"product_cat":[151,311],"product_tag":[161,317],"class_list":{"0":"post-723","1":"product","2":"type-product","3":"status-publish","4":"has-post-thumbnail","6":"product_cat-amino-acids-creatine","7":"product_cat-recovery-and-regeneration","8":"product_tag-amino-acids-creatine","9":"product_tag-recovery-and-regeneration","11":"first","12":"instock","13":"taxable","14":"shipping-taxable","15":"purchasable","16":"product-type-variable"},"aioseo_notices":[],"_links":{"self":[{"href":"https:\/\/www.selfprotein.com\/it\/wp-json\/wp\/v2\/product\/723"}],"collection":[{"href":"https:\/\/www.selfprotein.com\/it\/wp-json\/wp\/v2\/product"}],"about":[{"href":"https:\/\/www.selfprotein.com\/it\/wp-json\/wp\/v2\/types\/product"}],"wp:featuredmedia":[{"embeddable":true,"href":"https:\/\/www.selfprotein.com\/it\/wp-json\/wp\/v2\/media\/11994"}],"wp:attachment":[{"href":"https:\/\/www.selfprotein.com\/it\/wp-json\/wp\/v2\/media?parent=723"}],"wp:term":[{"taxonomy":"product_cat","embeddable":true,"href":"https:\/\/www.selfprotein.com\/it\/wp-json\/wp\/v2\/product_cat?post=723"},{"taxonomy":"product_tag","embeddable":true,"href":"https:\/\/www.selfprotein.com\/it\/wp-json\/wp\/v2\/product_tag?post=723"}],"curies":[{"name":"wp","href":"https:\/\/api.w.org\/{rel}","templated":true}]}}