{"id":738,"date":"2023-11-27T13:42:37","date_gmt":"2023-11-27T12:42:37","guid":{"rendered":"https:\/\/34.88.231.180\/product\/lysine\/"},"modified":"2026-05-01T00:23:55","modified_gmt":"2026-04-30T22:23:55","slug":"l-lysine","status":"publish","type":"product","link":"https:\/\/www.selfprotein.com\/it\/prodotto\/l-lysine\/","title":{"rendered":"L-Lisina"},"content":{"rendered":"<p style=\"text-align: left\" align=\"center\"><strong><span lang=\"en-US\">L-Lisina<\/span><\/strong><\/p>\n<p><span lang=\"en-US\">La lisina \u00e8 un aminoacido essenziale che l'organismo umano non \u00e8 in grado di sintetizzare da solo e deve quindi essere ottenuto attraverso la dieta. Si trova in una variet\u00e0 di alimenti ricchi di proteine come carne, pesce, latticini e legumi. La lisina svolge diversi ruoli vitali nell'organismo, contribuendo alla produzione di collagene, alla crescita muscolare, alla regolazione dell'assorbimento del calcio e partecipando alla sintesi di ormoni, enzimi e anticorpi.<\/span><\/p>\n<p><span lang=\"en-US\">Benefici della lisina:<\/span><\/p>\n<ul>\n<li><strong><span lang=\"en-US\">Riduzione della frequenza delle malattie da raffreddamento:<\/span><\/strong><span lang=\"en-US\"> L'integrazione della lisina nella dieta pu\u00f2 contribuire a ridurre la frequenza dell'herpes labiale, in quanto si ritiene che questo aminoacido inibisca la replicazione del virus herpes simplex.<\/span><\/li>\n<li><strong><span lang=\"en-US\">Miglioramento della salute delle ossa<\/span><\/strong><span lang=\"en-US\"><strong>:<\/strong> La lisina favorisce la salute delle ossa facilitando l'assorbimento del calcio e riducendone l'escrezione nelle urine.<\/span><\/li>\n<li><strong><span lang=\"en-US\">Riduzione dell'ansia<\/span><\/strong><span lang=\"en-US\"><strong>:<\/strong> Alcune ricerche suggeriscono che la lisina possa contribuire a ridurre l'ansia e a migliorare l'umore, probabilmente grazie al suo coinvolgimento nella produzione di serotonina, un neurotrasmettitore associato alla regolazione dell'umore.<\/span><\/li>\n<li><strong><span lang=\"en-US\">Accelerazione della guarigione delle ferite:<\/span><\/strong><span lang=\"en-US\"> L'integrazione di lisina pu\u00f2 favorire una pi\u00f9 rapida guarigione delle ferite stimolando la produzione di collagene, essenziale per la rigenerazione di pelle, tendini e altri tessuti.<\/span><\/li>\n<\/ul>\n<p>&nbsp;<\/p>\n<p><strong><span lang=\"en-US\">Uso consigliato<\/span><\/strong><\/p>\n<p><span lang=\"en-US\">1 porzione direttamente dopo l'attivit\u00e0 sportiva.<\/span><\/p>\n<p class=\"xmprfx_MsoNormal\"><b>Avviso:<\/b><\/p>\n<ul>\n<li>Solo per adulti e non sostituisce una dieta varia ed equilibrata e uno stile di vita sano.<\/li>\n<li>Non superare la dose consigliata.<\/li>\n<li>Non utilizzarlo durante l'allattamento e i periodi di gravidanza senza consultare il medico.<\/li>\n<li>Conservare il prodotto in un luogo fresco e asciutto, in una confezione ben sigillata e fuori dalla portata dei bambini al di sotto dei 3 anni.<\/li>\n<li>Pu\u00f2 contenere tracce di latte, avena, uova, soia.<\/li>\n<li>Senza Lattosio e Senza Glutine.<\/li>\n<\/ul>","protected":false},"excerpt":{"rendered":"<details>\n<summary>Ingredienti<\/summary>\n<table style=\"text-align: center\">\n<tbody>\n<tr>\n<th>Ingredienti<\/th>\n<th>per porzione<\/th>\n<\/tr>\n<tr>\n<td>L-Lisina<\/td>\n<td>3g<\/td>\n<\/tr>\n<\/tbody>\n<\/table>\n<\/details>\n<p>&nbsp;<\/p>","protected":false},"featured_media":14406,"template":"","meta":[],"product_cat":[151,311],"product_tag":[161,317],"class_list":{"0":"post-738","1":"product","2":"type-product","3":"status-publish","4":"has-post-thumbnail","6":"product_cat-amino-acids-creatine","7":"product_cat-recovery-and-regeneration","8":"product_tag-amino-acids-creatine","9":"product_tag-recovery-and-regeneration","11":"first","12":"instock","13":"taxable","14":"shipping-taxable","15":"purchasable","16":"product-type-simple"},"aioseo_notices":[],"_links":{"self":[{"href":"https:\/\/www.selfprotein.com\/it\/wp-json\/wp\/v2\/product\/738"}],"collection":[{"href":"https:\/\/www.selfprotein.com\/it\/wp-json\/wp\/v2\/product"}],"about":[{"href":"https:\/\/www.selfprotein.com\/it\/wp-json\/wp\/v2\/types\/product"}],"wp:featuredmedia":[{"embeddable":true,"href":"https:\/\/www.selfprotein.com\/it\/wp-json\/wp\/v2\/media\/14406"}],"wp:attachment":[{"href":"https:\/\/www.selfprotein.com\/it\/wp-json\/wp\/v2\/media?parent=738"}],"wp:term":[{"taxonomy":"product_cat","embeddable":true,"href":"https:\/\/www.selfprotein.com\/it\/wp-json\/wp\/v2\/product_cat?post=738"},{"taxonomy":"product_tag","embeddable":true,"href":"https:\/\/www.selfprotein.com\/it\/wp-json\/wp\/v2\/product_tag?post=738"}],"curies":[{"name":"wp","href":"https:\/\/api.w.org\/{rel}","templated":true}]}}