{"id":771,"date":"2023-11-27T13:44:03","date_gmt":"2023-11-27T12:44:03","guid":{"rendered":"https:\/\/34.88.231.180\/product\/mct-oil\/"},"modified":"2026-04-01T00:00:24","modified_gmt":"2026-03-31T22:00:24","slug":"mct-oil","status":"publish","type":"product","link":"https:\/\/www.selfprotein.com\/it\/prodotto\/mct-oil\/","title":{"rendered":"Olio MCT"},"content":{"rendered":"<p style=\"text-align: left;\" align=\"center\"><strong><span lang=\"en-US\">Olio MCT<\/span><\/strong><\/p>\n<p><span lang=\"en-US\">Derivato dai trigliceridi a catena media (MCT), l'olio MCT \u00e8 un'opzione dietetica versatile e benefica per un'ampia gamma di scopi. Ricavato principalmente dall'olio di cocco e da altre fonti naturali, l'olio MCT \u00e8 noto per il suo rapido metabolismo nell'organismo e per la sua capacit\u00e0 di fornire energia immediata, rendendolo un integratore prezioso in molteplici contesti dietetici e per il benessere generale.<\/span><\/p>\n<p><span lang=\"en-US\">Benefici dell'olio MCT:<\/span><\/p>\n<ul>\n<li><strong><span lang=\"en-US\">Metabolismo rapido:<\/span><\/strong><\/li>\n<\/ul>\n<p><span lang=\"en-US\">- Grazie alla loro struttura a catena media, gli MCT vengono metabolizzati rapidamente dall'organismo, offrendo energia immediata e sostenendo il metabolismo.<\/span><\/p>\n<ul>\n<li><strong><span lang=\"en-US\">Fonte di energia per la dieta chetogenica:<\/span><\/strong><\/li>\n<\/ul>\n<p><span lang=\"en-US\">- Nella dieta chetogenica, l'olio MCT \u00e8 ampiamente utilizzato in quanto i trigliceridi a catena media vengono rapidamente convertiti in chetoni, che servono come fonte di energia alternativa per l'organismo.<\/span><\/p>\n<ul>\n<li><strong><span lang=\"en-US\">Versatilit\u00e0 d'uso:<\/span><\/strong><\/li>\n<\/ul>\n<p><span lang=\"en-US\">- L'olio MCT pu\u00f2 essere utilizzato in vari modi, ad esempio come olio da cucina per friggere o aggiunto a bevande come caff\u00e8, frullati e t\u00e8 per aumentare l'energia e il senso di saziet\u00e0.<\/span><\/p>\n<ul>\n<li><strong><span lang=\"en-US\">Gestione del peso:<\/span><\/strong><\/li>\n<\/ul>\n<p><span lang=\"en-US\">- L'olio MCT pu\u00f2 contribuire a un prolungato senso di saziet\u00e0, aiutando a controllare l'appetito e a favorire la perdita di peso se integrato in una dieta equilibrata.<\/span><\/p>\n<p><strong><span lang=\"en-US\">Uso consigliato<\/span><\/strong><\/p>\n<p><span lang=\"en-US\">Una dose (15 ml) al giorno.<\/span><\/p>\n<p><b>Avviso:<\/b><\/p>\n<ul>\n<li>\u00a0Solo per adulti e non sostituisce una dieta varia ed equilibrata e uno stile di vita sano.<\/li>\n<li>\u00a0Non superare la dose raccomandata.<\/li>\n<li>\u00a0Non utilizzarlo durante l'allattamento e i periodi di gravidanza senza consultare il medico.<\/li>\n<li>\u00a0Conservare il prodotto in un luogo fresco e asciutto in una confezione ben sigillata.<\/li>\n<li>Senza Lattosio e Senza Glutine.<\/li>\n<\/ul>","protected":false},"excerpt":{"rendered":"<details>\n<summary>Valori Nutrizionali<\/summary>\n<table style=\"text-align: center;\">\n<tbody>\n<tr>\n<th>Valori Nutrizionali<\/th>\n<th>100ML<\/th>\n<th>15ml<\/th>\n<\/tr>\n<tr>\n<td>Energia<\/td>\n<td>900kcal\/3762kj<\/td>\n<td>135kcal\/546kj<\/td>\n<\/tr>\n<tr>\n<td>Grassi<\/td>\n<td>100g<\/td>\n<td>15g<\/td>\n<\/tr>\n<tr>\n<td>di cui saturi<\/td>\n<td>100g<\/td>\n<td>15g<\/td>\n<\/tr>\n<tr>\n<td>Carboidrati<\/td>\n<td>0g<\/td>\n<td>0g<\/td>\n<\/tr>\n<tr>\n<td>di cui zuccheri<\/td>\n<td>0g<\/td>\n<td>0g<\/td>\n<\/tr>\n<tr>\n<td>Proteine<\/td>\n<td>0g<\/td>\n<td>0g<\/td>\n<\/tr>\n<tr>\n<td>Sale<\/td>\n<td>0g<\/td>\n<td>0g<\/td>\n<\/tr>\n<tr>\n<td>Distribuzione degli acidi grassi per 100 g:<br \/>\nAcidi grassi saturi totali (mct):100g<\/td>\n<td colspan=\"2\">di cui acido caprilico (C8:0): 50-65g<br \/>\ndi cui acido caprico (C10:0): 30-45g<br \/>\ndi cui acido caproico (C6:0): 2g<br \/>\ndi cui acido laurico (C12:0): 2g<br \/>\ndi cui acido miristico (C14:0): 1g<br \/>\ndi cui acido palmitico (C16:0): 1g<\/td>\n<\/tr>\n<\/tbody>\n<\/table>\n<\/details>\n<p>&nbsp;<\/p>\n<details>\n<summary>Ingredienti<\/summary>\n<table style=\"text-align: center;\">\n<tbody>\n<tr>\n<td><strong>Ingredienti: <\/strong>100% olio di cocco vegetale (trigliceridi a catena media, mct)<\/td>\n<\/tr>\n<\/tbody>\n<\/table>\n<\/details>\n<p>&nbsp;<\/p>","protected":false},"featured_media":772,"template":"","meta":[],"product_cat":[155,309],"product_tag":[163,319],"class_list":{"0":"post-771","1":"product","2":"type-product","3":"status-publish","4":"has-post-thumbnail","6":"product_cat-weight-control-metabolism","7":"product_cat-weight-management-and-definition","8":"product_tag-weight-control-metabolism","9":"product_tag-weight-management-and-definition","11":"first","12":"instock","13":"taxable","14":"shipping-taxable","15":"purchasable","16":"product-type-simple"},"aioseo_notices":[],"_links":{"self":[{"href":"https:\/\/www.selfprotein.com\/it\/wp-json\/wp\/v2\/product\/771"}],"collection":[{"href":"https:\/\/www.selfprotein.com\/it\/wp-json\/wp\/v2\/product"}],"about":[{"href":"https:\/\/www.selfprotein.com\/it\/wp-json\/wp\/v2\/types\/product"}],"wp:featuredmedia":[{"embeddable":true,"href":"https:\/\/www.selfprotein.com\/it\/wp-json\/wp\/v2\/media\/772"}],"wp:attachment":[{"href":"https:\/\/www.selfprotein.com\/it\/wp-json\/wp\/v2\/media?parent=771"}],"wp:term":[{"taxonomy":"product_cat","embeddable":true,"href":"https:\/\/www.selfprotein.com\/it\/wp-json\/wp\/v2\/product_cat?post=771"},{"taxonomy":"product_tag","embeddable":true,"href":"https:\/\/www.selfprotein.com\/it\/wp-json\/wp\/v2\/product_tag?post=771"}],"curies":[{"name":"wp","href":"https:\/\/api.w.org\/{rel}","templated":true}]}}