{"id":883,"date":"2023-11-27T13:51:31","date_gmt":"2023-11-27T12:51:31","guid":{"rendered":"https:\/\/34.88.231.180\/product\/protein-pancake\/"},"modified":"2026-04-01T00:00:29","modified_gmt":"2026-03-31T22:00:29","slug":"protein-pancake","status":"publish","type":"product","link":"https:\/\/www.selfprotein.com\/it\/prodotto\/protein-pancake\/","title":{"rendered":"Pancake Proteico"},"content":{"rendered":"<p style=\"text-align: left;\" align=\"center\" class=\" translation-block\"><strong><span lang=\"en-US\">\u00a0Pancake <\/span>Proteico<\/strong><\/p>\n<p><span lang=\"en-US\">La polvere proteica per pancake \u00e8 una polvere proteica appositamente studiata per arricchire la pastella dei pancake, offrendo un'alternativa altamente proteica ai pancake tradizionali. Questa miscela innovativa comprende spesso fonti proteiche come le proteine del siero del latte e le proteine dell'uovo, insieme ad altri ingredienti che conferiscono una consistenza e un sapore simili a quelli dei pancake tradizionali.<\/span><\/p>\n<p><span lang=\"en-US\">Vantaggi del pancake proteico:<\/span><\/p>\n<ul>\n<li><strong><span lang=\"en-US\">Aumento dell'apporto di proteine:<\/span><\/strong><span lang=\"en-US\"> I pancake proteici rappresentano una soluzione conveniente per incrementare l'apporto proteico giornaliero, soprattutto per coloro che trovano difficile soddisfare il proprio fabbisogno proteico con il solo cibo.<\/span><\/li>\n<li><strong><span lang=\"en-US\">Crescita e riparazione muscolare:<\/span><\/strong><span lang=\"en-US\"> Grazie all'elevato contenuto proteico, i pancake proteici possono sostenere efficacemente la crescita e la riparazione muscolare. Questo beneficio \u00e8 particolarmente significativo per gli atleti e per chi ha uno stile di vita attivo.<\/span><\/li>\n<li><strong><span lang=\"en-US\">Energia sostenuta:<\/span><\/strong><span lang=\"en-US\"> La miscela di proteine e carboidrati dei pancake proteici fornisce una fonte di energia sostenuta, aiutando a mantenere livelli di energia costanti nel tempo.<\/span><\/li>\n<li><strong><span lang=\"en-US\">Gestione del peso<\/span><\/strong><span lang=\"en-US\"><strong>:<\/strong> I pancake proteici sono una scelta favorevole per chi cerca di gestire il proprio peso, in quanto favoriscono la sensazione di pienezza e saziet\u00e0. Ci\u00f2 pu\u00f2 essere particolarmente utile per controllare l'apporto calorico complessivo e promuovere una dieta equilibrata.<\/span><\/li>\n<\/ul>\n<p>&nbsp;<\/p>\n<p><strong><span lang=\"en-US\">Uso consigliato<\/span><\/strong><\/p>\n<p><span lang=\"en-US\">Da 1 a 2 porzioni nel corso della giornata.<\/span><\/p>\n<p><strong>Avviso:<\/strong><\/p>\n<ul>\n<li>Conservare il prodotto in un luogo fresco e asciutto in una confezione ben sigillata.<\/li>\n<li>Senza Lattosio e Senza Glutine.<\/li>\n<\/ul>","protected":false},"excerpt":{"rendered":"<details>\n<summary>Valori Nutrizionali<\/summary>\n<table style=\"text-align: center;\">\n<tbody>\n<tr>\n<th>Valori Nutrizionali<\/th>\n<th>per 40 g di polvere<\/th>\n<\/tr>\n<tr>\n<td>Energia<\/td>\n<td>159kcal(666kj)<\/td>\n<\/tr>\n<tr>\n<td>Grassi<\/td>\n<td>3,9g<\/td>\n<\/tr>\n<tr>\n<td>di cui saturi<\/td>\n<td>1g<\/td>\n<\/tr>\n<tr>\n<td>Carboidrati<\/td>\n<td>13,2g<\/td>\n<\/tr>\n<tr>\n<td>di cui zuccheri<\/td>\n<td>2,3g<\/td>\n<\/tr>\n<tr>\n<td>Proteine<\/td>\n<td>16,4g<\/td>\n<\/tr>\n<tr>\n<td>Fibra<\/td>\n<td>2,84g<\/td>\n<\/tr>\n<tr>\n<td>Sale<\/td>\n<td>0,36g<\/td>\n<\/tr>\n<\/tbody>\n<\/table>\n<\/details>\n<p>&nbsp;<\/p>\n<details>\n<summary>Ingredienti<\/summary>\n<table style=\"text-align: center;\">\n<tbody>\n<tr>\n<td colspan=\"3\"><strong>Ingredienti: <\/strong>proteine del siero di latte senza lattosio (latte), amido di frumento senza glutine, farina di semi di lino, albume d'uovo, uovo intero in polvere, farina di semi di psillio, lievito in polvere, pirofosfato disodico (E450a), amido di mais, bicabornato di sodio (E500), sale, emulsionante (E471), addensante (E412).<\/td>\n<\/tr>\n<\/tbody>\n<\/table>\n<\/details>\n<p>&nbsp;<\/p>","protected":false},"featured_media":11231,"template":"","meta":[],"product_cat":[313,210],"product_tag":[316,223],"class_list":{"0":"post-883","1":"product","2":"type-product","3":"status-publish","4":"has-post-thumbnail","6":"product_cat-protein-snacks-and-fit-food","7":"product_cat-snacks-meal-solutions","8":"product_tag-protein-snacks-fit-food","9":"product_tag-snacks-meal-solutions","11":"first","12":"instock","13":"taxable","14":"shipping-taxable","15":"purchasable","16":"product-type-simple"},"aioseo_notices":[],"_links":{"self":[{"href":"https:\/\/www.selfprotein.com\/it\/wp-json\/wp\/v2\/product\/883"}],"collection":[{"href":"https:\/\/www.selfprotein.com\/it\/wp-json\/wp\/v2\/product"}],"about":[{"href":"https:\/\/www.selfprotein.com\/it\/wp-json\/wp\/v2\/types\/product"}],"wp:featuredmedia":[{"embeddable":true,"href":"https:\/\/www.selfprotein.com\/it\/wp-json\/wp\/v2\/media\/11231"}],"wp:attachment":[{"href":"https:\/\/www.selfprotein.com\/it\/wp-json\/wp\/v2\/media?parent=883"}],"wp:term":[{"taxonomy":"product_cat","embeddable":true,"href":"https:\/\/www.selfprotein.com\/it\/wp-json\/wp\/v2\/product_cat?post=883"},{"taxonomy":"product_tag","embeddable":true,"href":"https:\/\/www.selfprotein.com\/it\/wp-json\/wp\/v2\/product_tag?post=883"}],"curies":[{"name":"wp","href":"https:\/\/api.w.org\/{rel}","templated":true}]}}