{"id":913,"date":"2024-01-24T16:00:04","date_gmt":"2024-01-24T15:00:04","guid":{"rendered":"https:\/\/34.88.231.180\/?post_type=product&#038;p=913"},"modified":"2026-05-01T00:24:04","modified_gmt":"2026-04-30T22:24:04","slug":"pure-vitargo","status":"publish","type":"product","link":"https:\/\/www.selfprotein.com\/it\/prodotto\/pure-vitargo\/","title":{"rendered":"Vitargo Puro"},"content":{"rendered":"<p style=\"text-align: left;\" align=\"center\"><strong><span lang=\"en-US\">Vitargo Puro<\/span><\/strong><\/p>\n<p><span lang=\"en-US\">Vitargo \u00e8 un integratore sportivo formulato con un particolare tipo di carboidrato ad alto peso molecolare, progettato per fornire energia rapida e sostenuta ad atleti e individui attivi durante l'attivit\u00e0 fisica. Noto per la sua rapida assorbibilit\u00e0 e la capacit\u00e0 di migliorare le prestazioni, Vitargo \u00e8 diventato popolare tra coloro che cercano un supporto energetico ottimale per le loro attivit\u00e0 sportive e di fitness.<\/span><\/p>\n<p><span lang=\"en-US\">Vantaggi di Vitargo:<\/span><\/p>\n<ul>\n<li><strong><span lang=\"en-US\">Fornisce energia rapida e sostenuta:<\/span><\/strong><span lang=\"en-US\"> Grazie alla sua formulazione con amido ad alto peso molecolare, Vitargo offre una fonte di energia rapida e sostenuta, ideale per supportare il fabbisogno energetico durante allenamenti intensi e gare.<\/span><\/li>\n<li><strong><span lang=\"en-US\">Assorbimento rapido ed efficiente:<\/span><\/strong><span lang=\"en-US\"> Il Vitargo \u00e8 noto per essere assorbito in modo pi\u00f9 rapido ed efficiente rispetto ad altri carboidrati, consentendo agli atleti di reintegrare rapidamente l'energia senza causare disturbi gastrointestinali durante l'esercizio.<\/span><\/li>\n<li><strong><span lang=\"en-US\">Migliora le prestazioni atletiche:<\/span><\/strong><span lang=\"en-US\"> L'assunzione di Vitargo pu\u00f2 contribuire a migliorare le prestazioni atletiche fornendo una rapida fonte di energia, che consente agli atleti di sostenere sforzi intensi e prolungati con maggiore vigore e resistenza.<\/span><\/li>\n<li><strong><span lang=\"en-US\">Riduce i tempi di recupero:<\/span><\/strong><span lang=\"en-US\"> Alcuni studi hanno dimostrato che l'uso di Vitargo pu\u00f2 contribuire a ridurre i tempi di recupero dopo l'esercizio fisico, consentendo ai muscoli di recuperare pi\u00f9 rapidamente e preparandoli alle sessioni di allenamento successive.<\/span><\/li>\n<li><strong><span lang=\"en-US\">Riduce al minimo il danno muscolare:<\/span><\/strong><span lang=\"en-US\"> L'integrazione con Vitargo pu\u00f2 anche contribuire a ridurre i danni muscolari causati dall'esercizio fisico intenso, favorendo una migliore riparazione e rigenerazione muscolare nel periodo post-allenamento.<\/span><\/li>\n<\/ul>\n<p><\/p>\n<p><strong><span lang=\"en-US\">Uso consigliato<\/span><\/strong><\/p>\n<p><span lang=\"en-US\">Consumare una porzione subito dopo l'attivit\u00e0 fisica.<\/span>\n<\/p>\n<p><\/p>\n<p><strong>Avviso:<\/strong><\/p>\n<ul>\n<li>Conservare il prodotto in un luogo fresco e asciutto in una confezione ben chiusa.<\/li>\n<li>Pu\u00f2 contenere tracce di avena, uova, soia e latte.<\/li>\n<li>Senza Lattosio e Senza Glutine.<\/li>\n<\/ul>","protected":false},"excerpt":{"rendered":"<details>\n<summary>Valori Nutrizionali<\/summary>\n<table style=\"text-align: center;\">\n<tbody>\n<tr>\n<th>Valori Nutrizionali<\/th>\n<th>per 100g<\/th>\n<th>per 75g<\/th>\n<\/tr>\n<tr>\n<td>Energia<\/td>\n<td>371kcal\/(1581kj)<\/td>\n<td>278kcal\/(1186kj)<\/td>\n<\/tr>\n<tr>\n<td>Grassi<\/td>\n<td>0g<\/td>\n<td>0g<\/td>\n<\/tr>\n<tr>\n<td>di cui saturi<\/td>\n<td>0g<\/td>\n<td>0g<\/td>\n<\/tr>\n<tr>\n<td>Carboidrati<\/td>\n<td>93g<\/td>\n<td>69,75g<\/td>\n<\/tr>\n<tr>\n<td>di cui zuccheri<\/td>\n<td>0g<\/td>\n<td>0g<\/td>\n<\/tr>\n<tr>\n<td>Proteine<\/td>\n<td>0g<\/td>\n<td>0g<\/td>\n<\/tr>\n<tr>\n<td>Fibre Alimentari<\/td>\n<td>0g<\/td>\n<td>0g<\/td>\n<\/tr>\n<tr>\n<td>Sale<\/td>\n<td>0,1g<\/td>\n<td>0,075g<\/td>\n<\/tr>\n<\/tbody>\n<\/table>\n<\/details>\n<p><\/p>\n<details>\n<summary>Ingredienti<\/summary>\n<table style=\"text-align: center;\">\n<tbody>\n<tr>\n<td><strong>Ingredienti: <\/strong>100% vitargo\u00ae (mais)<\/td>\n<\/tr>\n<\/tbody>\n<\/table>\n<\/details>\n<p><\/p>","protected":false},"featured_media":914,"template":"","meta":[],"product_cat":[310,217],"product_tag":[315,230],"class_list":{"0":"post-913","1":"product","2":"type-product","3":"status-publish","4":"has-post-thumbnail","6":"product_cat-performance-and-endurance","7":"product_cat-pre-workout-energy","8":"product_tag-performance-and-endurance","9":"product_tag-pre-workout-energy","11":"first","12":"instock","13":"taxable","14":"shipping-taxable","15":"purchasable","16":"product-type-simple"},"aioseo_notices":[],"_links":{"self":[{"href":"https:\/\/www.selfprotein.com\/it\/wp-json\/wp\/v2\/product\/913"}],"collection":[{"href":"https:\/\/www.selfprotein.com\/it\/wp-json\/wp\/v2\/product"}],"about":[{"href":"https:\/\/www.selfprotein.com\/it\/wp-json\/wp\/v2\/types\/product"}],"wp:featuredmedia":[{"embeddable":true,"href":"https:\/\/www.selfprotein.com\/it\/wp-json\/wp\/v2\/media\/914"}],"wp:attachment":[{"href":"https:\/\/www.selfprotein.com\/it\/wp-json\/wp\/v2\/media?parent=913"}],"wp:term":[{"taxonomy":"product_cat","embeddable":true,"href":"https:\/\/www.selfprotein.com\/it\/wp-json\/wp\/v2\/product_cat?post=913"},{"taxonomy":"product_tag","embeddable":true,"href":"https:\/\/www.selfprotein.com\/it\/wp-json\/wp\/v2\/product_tag?post=913"}],"curies":[{"name":"wp","href":"https:\/\/api.w.org\/{rel}","templated":true}]}}