{"id":916,"date":"2023-11-27T13:52:32","date_gmt":"2023-11-27T12:52:32","guid":{"rendered":"https:\/\/34.88.231.180\/product\/real-creatine\/"},"modified":"2026-05-04T09:19:07","modified_gmt":"2026-05-04T07:19:07","slug":"creatine","status":"publish","type":"product","link":"https:\/\/www.selfprotein.com\/it\/prodotto\/creatine\/","title":{"rendered":"Creatina"},"content":{"rendered":"<p style=\"text-align: left;\" align=\"center\"><strong><span lang=\"en-US\">Creatina<\/span><\/strong><\/p>\n<p><span lang=\"en-US\">Scoprite il potere della creatina, un composto naturale presente in piccole quantit\u00e0 in alimenti come carne e pesce e disponibile come integratore alimentare. La creatina, immagazzinata nei muscoli sotto forma di fosfocreatina, \u00e8 una fonte vitale di energia durante le attivit\u00e0 ad alta intensit\u00e0 e di breve durata, come il sollevamento pesi e lo sprint. Non sorprende quindi che sia diventato un integratore popolare tra gli atleti che vogliono massimizzare la loro forza e le loro prestazioni fisiche.<\/span><\/p>\n<p><span lang=\"en-US\">Grazie ai suoi numerosi benefici, la creatina si \u00e8 guadagnata la meritata reputazione di uno degli integratori pi\u00f9 efficaci per migliorare la forza, le prestazioni e la composizione corporea, offrendo agli atleti un vantaggio significativo nel raggiungimento dei loro obiettivi fisici e atletici.<\/span><\/p>\n<p><span lang=\"en-US\">Benefici della creatina:<\/span><\/p>\n<ul>\n<li><strong><span lang=\"en-US\">Aumento della forza muscolare:<\/span><\/strong><span lang=\"en-US\"> L'integrazione della creatina nella dieta pu\u00f2 portare a un aumento della forza muscolare, consentendo di sollevare pesi maggiori e di eseguire pi\u00f9 facilmente esercizi ad alta intensit\u00e0.<\/span><\/li>\n<li><strong><span lang=\"en-US\">Miglioramento delle prestazioni atletiche:<\/span><\/strong><span lang=\"en-US\"> Gli atleti che assumono creatina spesso sperimentano miglioramenti significativi nelle loro prestazioni, soprattutto nelle attivit\u00e0 anaerobiche come il sollevamento pesi e gli sprint.<\/span><\/li>\n<li><strong><span lang=\"en-US\">Recupero accelerato:<\/span><\/strong><span lang=\"en-US\"> La creatina pu\u00f2 contribuire ad accelerare il processo di recupero muscolare riducendo l'indolenzimento e l'affaticamento dopo l'esercizio fisico, consentendo di riprendere pi\u00f9 rapidamente gli allenamenti intensi.<\/span><\/li>\n<li><strong><span lang=\"en-US\">Aumento della massa muscolare:<\/span><\/strong><span lang=\"en-US\"> Integrando la creatina nella routine di allenamento, \u00e8 possibile stimolare la crescita muscolare, ottenendo risultati pi\u00f9 visibili e significativi nell'aumento della massa muscolare magra.<\/span><\/li>\n<li><strong><span lang=\"en-US\">Facile da usare:<\/span><\/strong><span lang=\"en-US\"> La creatina \u00e8 facile da integrare nella dieta, sia attraverso alimenti naturali che attraverso integratori disponibili in varie forme, il che la rende una scelta conveniente per gli atleti di tutti i livelli di esperienza.<\/span><\/li>\n<\/ul>\n<p>&nbsp;<\/p>\n<p><strong><span lang=\"en-US\">Uso consigliato<\/span><\/strong><\/p>\n<p><span lang=\"en-US\">1 porzione 30-45 minuti prima dell'allenamento o durante il giorno.<\/span><\/p>\n<p><b>Avviso:<\/b><\/p>\n<ul>\n<li>Solo per adulti e non sostituisce una dieta varia ed equilibrata e uno stile di vita sano.<\/li>\n<li>Non superare la dose consigliata.<\/li>\n<li>Non utilizzarlo durante l'allattamento e i periodi di gravidanza senza consultare il medico.<\/li>\n<li>Conservare il prodotto in un luogo fresco e asciutto, in una confezione ben sigillata e fuori dalla portata dei bambini al di sotto dei 3 anni.<\/li>\n<li>Pu\u00f2 contenere tracce di latte, avena, uova e soia.<\/li>\n<li>Senza Lattosio e Senza Glutine.<\/li>\n<\/ul>","protected":false},"excerpt":{"rendered":"<p>Creatina Scoprite il potere della creatina, un composto naturale presente in piccole quantit\u00e0 in alimenti come carne e pesce e disponibile come integratore alimentare. La creatina, immagazzinata nei muscoli sotto forma di fosfocreatina, \u00e8 una fonte vitale di energia durante le attivit\u00e0 ad alta intensit\u00e0 e di breve durata, come il sollevamento pesi e lo sprint. Non sorprende quindi che sia diventata un [...]<\/p>","protected":false},"featured_media":5631,"template":"","meta":[],"product_cat":[151,308],"product_tag":[161,318],"class_list":{"0":"post-916","1":"product","2":"type-product","3":"status-publish","4":"has-post-thumbnail","6":"product_cat-amino-acids-creatine","7":"product_cat-strength-and-muscle-mass","8":"product_tag-amino-acids-creatine","9":"product_tag-strength-and-muscle-mass","11":"first","12":"instock","13":"sale","14":"taxable","15":"shipping-taxable","16":"purchasable","17":"product-type-variable"},"aioseo_notices":[],"_links":{"self":[{"href":"https:\/\/www.selfprotein.com\/it\/wp-json\/wp\/v2\/product\/916"}],"collection":[{"href":"https:\/\/www.selfprotein.com\/it\/wp-json\/wp\/v2\/product"}],"about":[{"href":"https:\/\/www.selfprotein.com\/it\/wp-json\/wp\/v2\/types\/product"}],"wp:featuredmedia":[{"embeddable":true,"href":"https:\/\/www.selfprotein.com\/it\/wp-json\/wp\/v2\/media\/5631"}],"wp:attachment":[{"href":"https:\/\/www.selfprotein.com\/it\/wp-json\/wp\/v2\/media?parent=916"}],"wp:term":[{"taxonomy":"product_cat","embeddable":true,"href":"https:\/\/www.selfprotein.com\/it\/wp-json\/wp\/v2\/product_cat?post=916"},{"taxonomy":"product_tag","embeddable":true,"href":"https:\/\/www.selfprotein.com\/it\/wp-json\/wp\/v2\/product_tag?post=916"}],"curies":[{"name":"wp","href":"https:\/\/api.w.org\/{rel}","templated":true}]}}