{"id":936,"date":"2023-11-27T13:53:04","date_gmt":"2023-11-27T12:53:04","guid":{"rendered":"https:\/\/34.88.231.180\/product\/soy-protein-isolate\/"},"modified":"2026-05-01T00:24:07","modified_gmt":"2026-04-30T22:24:07","slug":"soy-protein-isolate","status":"publish","type":"product","link":"https:\/\/www.selfprotein.com\/it\/prodotto\/soy-protein-isolate\/","title":{"rendered":"Proteine Isolate della Soia"},"content":{"rendered":"<p style=\"text-align: left;\" align=\"center\"><strong><span lang=\"en-US\">Proteine della soia<\/span><\/strong><\/p>\n<p><span lang=\"en-US\">L'isolato proteico di soia \u00e8 un concentrato di proteine estratto dai semi di soia, noto per la sua ricchezza di nutrienti e la sua versatilit\u00e0 nell'integrazione alimentare. Questo estratto proteico si ottiene attraverso un processo che rimuove la maggior parte dei componenti non proteici della soia, come fibre e carboidrati, lasciando una polvere altamente concentrata di proteine. In questo articolo verranno analizzati i benefici nutrizionali e per la salute delle proteine isolate di soia.<\/span><\/p>\n<p><span lang=\"en-US\">Vantaggi del prodotto:<\/span><\/p>\n<ul>\n<li><strong><span lang=\"en-US\">Fonte proteica completa<\/span><\/strong><span lang=\"en-US\"><strong>:<\/strong> Le proteine isolate della soia forniscono tutti gli aminoacidi essenziali necessari per il corretto funzionamento del corpo umano. Essendo una proteina completa, pu\u00f2 essere un'opzione ideale per chi segue diete vegetariane o vegane.<\/span><\/li>\n<li><strong><span lang=\"en-US\">Ricco di sostanze nutritive<\/span><\/strong><span lang=\"en-US\"><strong>:<\/strong> Oltre alle proteine, le proteine isolate della soia sono una fonte significativa di altri nutrienti essenziali, come il ferro e il calcio. Questi nutrienti sono fondamentali per la salute delle ossa, la formazione del sangue e molte altre funzioni vitali dell'organismo.<\/span><\/li>\n<li><strong><span lang=\"en-US\">Benefici per la salute del cuore:<\/span><\/strong><span lang=\"en-US\"> Studi recenti suggeriscono che l'inclusione delle proteine della soia nella dieta pu\u00f2 contribuire a ridurre il rischio di malattie cardiache. Le proteine isolate della soia contengono composti benefici, come gli isoflavoni, che possono promuovere la salute del cuore attraverso vari meccanismi, tra cui la riduzione dei livelli di colesterolo cattivo (LDL) nel sangue.<\/span><\/li>\n<li><strong><span lang=\"en-US\">Gestione del peso:<\/span><\/strong><span lang=\"en-US\"> Grazie all'elevata concentrazione di proteine e alla bassa quantit\u00e0 di grassi e carboidrati, le proteine isolate della soia possono essere un valido alleato nella gestione del peso. Le proteine possono aiutare a mantenere pi\u00f9 a lungo il senso di saziet\u00e0, riducendo cos\u00ec l'appetito e contribuendo al controllo delle calorie.<\/span><\/li>\n<li><strong><span lang=\"en-US\">Sostenibilit\u00e0 ambientale:<\/span><\/strong><span lang=\"en-US\"> La produzione di proteine isolate di soia richiede meno risorse rispetto alla produzione di proteine animali, contribuendo cos\u00ec a ridurre l'impatto ambientale complessivo della dieta.<\/span><\/li>\n<\/ul>\n<p>&nbsp;<\/p>\n<p><strong><span lang=\"en-US\">Uso consigliato<\/span><\/strong><\/p>\n<p><span lang=\"en-US\">1-3 porzioni al giorno, a seconda delle esigenze individuali e considerando le altre fonti proteiche della dieta.<\/span><\/p>\n<p><b>Avviso:<\/b><\/p>\n<ul>\n<li>Non superare la dose consigliata.<\/li>\n<li>Dose raccomandata: 1-3 porzioni al giorno a seconda delle esigenze e considerando le altre fonti proteiche fornite dalla dieta.<\/li>\n<li>Conservare il prodotto in un luogo fresco e asciutto in una confezione ben sigillata.<\/li>\n<li>Contiene soia.<\/li>\n<li>Pu\u00f2 contenere tracce di avena, uova e latte.<\/li>\n<li>Senza Lattosio e Senza Glutine.<\/li>\n<\/ul>","protected":false},"excerpt":{"rendered":"<p>Proteine della soia Le proteine isolate della soia sono un concentrato di proteine estratto dai semi di soia, noto per la sua ricchezza di nutrienti e la sua versatilit\u00e0 nell'integrazione alimentare. Questo estratto proteico si ottiene attraverso un processo che rimuove la maggior parte dei componenti non proteici della soia, come fibre e carboidrati, lasciando una polvere altamente concentrata di proteine. Questo articolo [...]<\/p>","protected":false},"featured_media":11926,"template":"","meta":[],"product_cat":[158,308],"product_tag":[18,318],"class_list":{"0":"post-936","1":"product","2":"type-product","3":"status-publish","4":"has-post-thumbnail","6":"product_cat-proteins","7":"product_cat-strength-and-muscle-mass","8":"product_tag-proteins","9":"product_tag-strength-and-muscle-mass","11":"first","12":"instock","13":"sale","14":"taxable","15":"shipping-taxable","16":"purchasable","17":"product-type-variable"},"aioseo_notices":[],"_links":{"self":[{"href":"https:\/\/www.selfprotein.com\/it\/wp-json\/wp\/v2\/product\/936"}],"collection":[{"href":"https:\/\/www.selfprotein.com\/it\/wp-json\/wp\/v2\/product"}],"about":[{"href":"https:\/\/www.selfprotein.com\/it\/wp-json\/wp\/v2\/types\/product"}],"wp:featuredmedia":[{"embeddable":true,"href":"https:\/\/www.selfprotein.com\/it\/wp-json\/wp\/v2\/media\/11926"}],"wp:attachment":[{"href":"https:\/\/www.selfprotein.com\/it\/wp-json\/wp\/v2\/media?parent=936"}],"wp:term":[{"taxonomy":"product_cat","embeddable":true,"href":"https:\/\/www.selfprotein.com\/it\/wp-json\/wp\/v2\/product_cat?post=936"},{"taxonomy":"product_tag","embeddable":true,"href":"https:\/\/www.selfprotein.com\/it\/wp-json\/wp\/v2\/product_tag?post=936"}],"curies":[{"name":"wp","href":"https:\/\/api.w.org\/{rel}","templated":true}]}}