{"id":947,"date":"2023-11-27T13:53:25","date_gmt":"2023-11-27T12:53:25","guid":{"rendered":"https:\/\/34.88.231.180\/product\/taurine\/"},"modified":"2026-05-01T00:24:05","modified_gmt":"2026-04-30T22:24:05","slug":"taurine","status":"publish","type":"product","link":"https:\/\/www.selfprotein.com\/it\/prodotto\/taurine\/","title":{"rendered":"Taurina"},"content":{"rendered":"<p style=\"text-align: left\" align=\"center\"><strong><span lang=\"en-US\">Taurina<\/span><\/strong><\/p>\n<p><span lang=\"en-US\">La taurina \u00e8 un aminoacido presente in natura nel corpo umano e si trova anche in alcuni alimenti comuni come carne, pesce e latticini. Per i suoi potenziali benefici per la salute, la taurina \u00e8 spesso inclusa nelle bevande energetiche e negli integratori alimentari.<\/span><\/p>\n<p><span lang=\"en-US\">Benefici della taurina:<\/span><\/p>\n<ul>\n<li><strong><span lang=\"en-US\">Miglioramento delle prestazioni negli esercizi:<\/span><\/strong><span lang=\"en-US\"> L'integrazione della taurina nella propria dieta pu\u00f2 contribuire a migliorare le prestazioni sportive, soprattutto durante le attivit\u00e0 ad alta intensit\u00e0. Ci\u00f2 \u00e8 dovuto al suo ruolo nella regolazione dei livelli di calcio nei muscoli, che pu\u00f2 migliorare la funzione muscolare e ridurre l'affaticamento durante l'attivit\u00e0 fisica.<\/span><\/li>\n<li><strong><span lang=\"en-US\">Riduzione del rischio di malattie cardiache:<\/span><\/strong><span lang=\"en-US\"> La taurina pu\u00f2 svolgere un ruolo importante nella riduzione del rischio di malattie cardiache. Questo aminoacido \u00e8 associato a un miglioramento della pressione sanguigna e alla riduzione dello stress ossidativo e dell'infiammazione, fattori chiave per il mantenimento della salute cardiovascolare.<\/span><\/li>\n<li><strong><span lang=\"en-US\">Miglioramento della sensibilit\u00e0 all'insulina:<\/span><\/strong><span lang=\"en-US\"> L'aggiunta di taurina alla dieta pu\u00f2 portare a un miglioramento della sensibilit\u00e0 all'insulina e della tolleranza al glucosio, particolarmente vantaggioso per i soggetti affetti da diabete di tipo 2. La regolazione della glicemia \u00e8 fondamentale per il controllo della malattia e la gestione delle complicanze associate.<\/span><\/li>\n<li><strong><span lang=\"en-US\">Miglioramento della funzione cognitiva<\/span><\/strong><span lang=\"en-US\"><strong>:<\/strong> La taurina pu\u00f2 anche contribuire a migliorare le funzioni cognitive, soprattutto negli anziani. Ci\u00f2 \u00e8 dovuto al suo potenziale ruolo protettivo contro lo stress ossidativo e l'infiammazione cerebrale, fattori che possono avere un impatto negativo sulle funzioni cognitive nel corso del tempo.<\/span><\/li>\n<\/ul>\n<p>&nbsp;<\/p>\n<p><strong><span lang=\"en-US\">Uso consigliato<\/span><\/strong><\/p>\n<p><span lang=\"en-US\">Assumere 1 dose 30-45 minuti prima dell'attivit\u00e0 sportiva o durante il giorno.<\/span><\/p>\n<p><b>Avviso:<\/b><\/p>\n<ul>\n<li>Solo per adulti e non sostituisce una dieta varia ed equilibrata e uno stile di vita sano.<\/li>\n<li>Non superare la dose consigliata.<\/li>\n<li>Non utilizzarlo durante l'allattamento e i periodi di gravidanza senza consultare il medico.<\/li>\n<li>Conservare il prodotto in un luogo fresco e asciutto, in una confezione ben sigillata e fuori dalla portata dei bambini al di sotto dei 3 anni.<\/li>\n<li>Pu\u00f2 contenere tracce di latte, avena, uova, soia.<\/li>\n<li>Senza Lattosio e Senza Glutine.<\/li>\n<\/ul>","protected":false},"excerpt":{"rendered":"<details>\n<summary>Ingredienti<\/summary>\n<table style=\"text-align: center\">\n<tbody>\n<tr>\n<th>Ingredienti<\/th>\n<th>per porzione<\/th>\n<\/tr>\n<tr>\n<td>Taurina<\/td>\n<td>1g<\/td>\n<\/tr>\n<\/tbody>\n<\/table>\n<\/details>\n<p>&nbsp;<\/p>","protected":false},"featured_media":14404,"template":"","meta":[],"product_cat":[151,310],"product_tag":[161,315],"class_list":{"0":"post-947","1":"product","2":"type-product","3":"status-publish","4":"has-post-thumbnail","6":"product_cat-amino-acids-creatine","7":"product_cat-performance-and-endurance","8":"product_tag-amino-acids-creatine","9":"product_tag-performance-and-endurance","11":"first","12":"instock","13":"taxable","14":"shipping-taxable","15":"purchasable","16":"product-type-simple"},"aioseo_notices":[],"_links":{"self":[{"href":"https:\/\/www.selfprotein.com\/it\/wp-json\/wp\/v2\/product\/947"}],"collection":[{"href":"https:\/\/www.selfprotein.com\/it\/wp-json\/wp\/v2\/product"}],"about":[{"href":"https:\/\/www.selfprotein.com\/it\/wp-json\/wp\/v2\/types\/product"}],"wp:featuredmedia":[{"embeddable":true,"href":"https:\/\/www.selfprotein.com\/it\/wp-json\/wp\/v2\/media\/14404"}],"wp:attachment":[{"href":"https:\/\/www.selfprotein.com\/it\/wp-json\/wp\/v2\/media?parent=947"}],"wp:term":[{"taxonomy":"product_cat","embeddable":true,"href":"https:\/\/www.selfprotein.com\/it\/wp-json\/wp\/v2\/product_cat?post=947"},{"taxonomy":"product_tag","embeddable":true,"href":"https:\/\/www.selfprotein.com\/it\/wp-json\/wp\/v2\/product_tag?post=947"}],"curies":[{"name":"wp","href":"https:\/\/api.w.org\/{rel}","templated":true}]}}