{"id":955,"date":"2023-11-27T13:56:19","date_gmt":"2023-11-27T12:56:19","guid":{"rendered":"https:\/\/34.88.231.180\/product\/tyrosine\/"},"modified":"2026-05-01T00:24:06","modified_gmt":"2026-04-30T22:24:06","slug":"l-tyrosine","status":"publish","type":"product","link":"https:\/\/www.selfprotein.com\/it\/prodotto\/l-tyrosine\/","title":{"rendered":"L-Tirosina"},"content":{"rendered":"<p style=\"text-align: left\" align=\"center\"><strong><span lang=\"en-US\">L-Tirosina<\/span><\/strong><\/p>\n<p><span lang=\"en-US\">La tirosina, un aminoacido non essenziale, pu\u00f2 essere prodotta dall'organismo stesso a partire da altri aminoacidi e si trova in molti alimenti ricchi di proteine come carne, latticini e legumi. Questo composto svolge un ruolo cruciale nella produzione di vari neurotrasmettitori essenziali nel cervello, tra cui la dopamina, l'epinefrina e la noradrenalina, che influenzano l'umore, la motivazione e le funzioni cognitive.<\/span><\/p>\n<p><span lang=\"en-US\">Vantaggi del prodotto:<\/span><\/p>\n<ul>\n<li><strong><span lang=\"en-US\">Miglioramento dell'umore e della funzione cognitiva:<\/span><\/strong><span lang=\"en-US\"> L'integrazione con tirosina pu\u00f2 favorire il miglioramento dell'umore e delle funzioni cognitive, in particolare nei soggetti sottoposti a stress o affaticamento. Questo beneficio \u00e8 attribuibile al ruolo della tirosina nella sintesi dei neurotrasmettitori che regolano tali processi.<\/span><\/li>\n<li><strong><span lang=\"en-US\">Miglioramento delle prestazioni atletiche: <\/span><\/strong><span lang=\"en-US\">L'assunzione di tirosina pu\u00f2 contribuire ad aumentare le prestazioni atletiche, soprattutto durante gli esercizi ad alta intensit\u00e0. Questo effetto \u00e8 legato alla capacit\u00e0 della tirosina di ridurre l'affaticamento e migliorare la concentrazione, offrendo un vantaggio durante l'attivit\u00e0 fisica.<\/span><\/li>\n<li><strong><span lang=\"en-US\">Soppressione dell'appetito:<\/span><\/strong><span lang=\"en-US\"> La tirosina pu\u00f2 agire come soppressore dell'appetito, riducendo il desiderio di cibo e facilitando il controllo del peso. Questo pu\u00f2 essere particolarmente utile per chi cerca di gestire la propria dieta e perdere peso in modo sano.<\/span><\/li>\n<li><strong><span lang=\"en-US\">Sostegno nei periodi di stress: <\/span><\/strong><span lang=\"en-US\">Durante i periodi di stress fisico o mentale, l'integrazione con tirosina pu\u00f2 contribuire a sostenere la salute mentale e fisica, fornendo al cervello i nutrienti necessari per mantenere un funzionamento ottimale.<\/span><\/li>\n<li><strong><span lang=\"en-US\">Potenziale per la gestione dei disturbi dell'umore e cognitivi:<\/span><\/strong><span lang=\"en-US\"> Alcune ricerche suggeriscono che l'uso della tirosina pu\u00f2 essere utile per gestire i disturbi dell'umore e i problemi cognitivi legati a condizioni come la depressione o il disturbo da deficit di attenzione e iperattivit\u00e0 (ADHD). Tuttavia, sono necessari ulteriori studi per confermare questi potenziali benefici.<\/span><\/li>\n<\/ul>\n<p>&nbsp;<\/p>\n<p><strong><span lang=\"en-US\">Uso consigliato<\/span><\/strong><\/p>\n<p><span lang=\"en-US\">Assumere 1 dose 30-45 minuti prima dell'attivit\u00e0 fisica.<\/span><\/p>\n<p>&nbsp;<\/p>\n<p class=\"xmprfx_MsoNormal\"><b>Avviso:<\/b><\/p>\n<ul>\n<li>Solo per adulti e non sostituisce una dieta varia ed equilibrata e uno stile di vita sano.<\/li>\n<li>Non superare la dose consigliata.<\/li>\n<li>Dose raccomandata: 1 porzione 30-45 minuti prima dell'allenamento.<\/li>\n<li>Non utilizzarlo durante l'allattamento e i periodi di gravidanza senza consultare il medico.<\/li>\n<li>Conservare il prodotto in un luogo fresco e asciutto, in una confezione ben sigillata e fuori dalla portata dei bambini al di sotto dei 3 anni.<\/li>\n<li>Pu\u00f2 contenere tracce di latte, avena, uova, soia.<\/li>\n<\/ul>","protected":false},"excerpt":{"rendered":"<details>\n<summary>Ingredienti<\/summary>\n<table style=\"text-align: center\">\n<tbody>\n<tr>\n<th>Ingredienti<\/th>\n<th>per porzione<\/th>\n<\/tr>\n<tr>\n<td>L-Tirosina<\/td>\n<td>3g<\/td>\n<\/tr>\n<\/tbody>\n<\/table>\n<\/details>\n<p>&nbsp;<\/p>","protected":false},"featured_media":14407,"template":"","meta":[],"product_cat":[151,310,217],"product_tag":[315,230],"class_list":{"0":"post-955","1":"product","2":"type-product","3":"status-publish","4":"has-post-thumbnail","6":"product_cat-amino-acids-creatine","7":"product_cat-performance-and-endurance","8":"product_cat-pre-workout-energy","9":"product_tag-performance-and-endurance","10":"product_tag-pre-workout-energy","12":"first","13":"instock","14":"taxable","15":"shipping-taxable","16":"purchasable","17":"product-type-simple"},"aioseo_notices":[],"_links":{"self":[{"href":"https:\/\/www.selfprotein.com\/it\/wp-json\/wp\/v2\/product\/955"}],"collection":[{"href":"https:\/\/www.selfprotein.com\/it\/wp-json\/wp\/v2\/product"}],"about":[{"href":"https:\/\/www.selfprotein.com\/it\/wp-json\/wp\/v2\/types\/product"}],"wp:featuredmedia":[{"embeddable":true,"href":"https:\/\/www.selfprotein.com\/it\/wp-json\/wp\/v2\/media\/14407"}],"wp:attachment":[{"href":"https:\/\/www.selfprotein.com\/it\/wp-json\/wp\/v2\/media?parent=955"}],"wp:term":[{"taxonomy":"product_cat","embeddable":true,"href":"https:\/\/www.selfprotein.com\/it\/wp-json\/wp\/v2\/product_cat?post=955"},{"taxonomy":"product_tag","embeddable":true,"href":"https:\/\/www.selfprotein.com\/it\/wp-json\/wp\/v2\/product_tag?post=955"}],"curies":[{"name":"wp","href":"https:\/\/api.w.org\/{rel}","templated":true}]}}