{"id":961,"date":"2023-11-27T13:56:25","date_gmt":"2023-11-27T12:56:25","guid":{"rendered":"https:\/\/34.88.231.180\/product\/vitamin-c-pro\/"},"modified":"2026-05-01T00:24:06","modified_gmt":"2026-04-30T22:24:06","slug":"vitamin-c-pro","status":"publish","type":"product","link":"https:\/\/www.selfprotein.com\/it\/prodotto\/vitamin-c-pro\/","title":{"rendered":"Vitamina C Pro"},"content":{"rendered":"<p style=\"text-align: left;\" align=\"center\"><strong><span lang=\"en-US\">Vitamina C Pro<\/span><\/strong><\/p>\n<p><span lang=\"en-US\">La vitamina C, nota anche come acido ascorbico, \u00e8 una vitamina idrosolubile essenziale per diverse funzioni corporee. Questo integratore offre una soluzione concentrata per garantire un apporto adeguato di vitamina C, fondamentale per il mantenimento della salute.<\/span><\/p>\n<p><span lang=\"en-US\">Benefici della vitamina C Pro:<\/span><\/p>\n<ul>\n<li><strong><span lang=\"en-US\">Potente antiossidante:<\/span><\/strong><span lang=\"en-US\"> La vitamina C agisce come un efficace antiossidante, proteggendo le cellule dai danni causati dai radicali liberi, che possono derivare da fattori ambientali come l'inquinamento e i raggi UV.<\/span><\/li>\n<li><strong><span lang=\"en-US\">Produzione di collagene<\/span><\/strong><span lang=\"en-US\"><strong>:<\/strong> Essenziale per la sintesi del collagene, la vitamina C contribuisce alla salute della pelle, delle ossa e del tessuto connettivo. Aiuta a mantenere la pelle elastica, le ossa forti e favorisce la guarigione delle ferite.<\/span><\/li>\n<li><strong><span lang=\"en-US\">Assorbimento del ferro<\/span><\/strong><span lang=\"en-US\"><strong>:<\/strong> La vitamina C facilita l'assorbimento del ferro proveniente da fonti vegetali nella dieta. Ci\u00f2 \u00e8 particolarmente importante per chi segue una dieta vegetariana o vegana, dove il ferro di origine vegetale \u00e8 la principale fonte di questo minerale.<\/span><\/li>\n<li><strong><span lang=\"en-US\">Supporto del sistema immunitario:<\/span><\/strong><span lang=\"en-US\"> Coinvolta nel sistema immunitario, la vitamina C contribuisce a proteggere l'organismo dalle infezioni. Un'assunzione adeguata di vitamina C pu\u00f2 aiutare a rafforzare le difese dell'organismo contro agenti patogeni come batteri e virus.<\/span><\/li>\n<\/ul>\n<p>&nbsp;<\/p>\n<p><span lang=\"en-US\">Con Vitamin C Pro \u00e8 possibile garantire un apporto ottimale di vitamina C, favorendo cos\u00ec la salute e il benessere generale.<\/span><\/p>\n<p><strong><span lang=\"en-US\">Uso consigliato<\/span><\/strong><\/p>\n<p><span lang=\"en-US\">1 compressa al giorno.<\/span><\/p>\n<p class=\"xmprfx_MsoNormal\"><b>Avviso:<\/b><\/p>\n<ul>\n<li>Solo per adulti e non sostituisce una dieta varia ed equilibrata e uno stile di vita sano.<\/li>\n<li>Non superare la dose consigliata.<\/li>\n<li>Non utilizzarlo durante l'allattamento e i periodi di gravidanza senza consultare il medico.<\/li>\n<li>Conservare il prodotto in un luogo fresco e asciutto, in una confezione ben sigillata e fuori dalla portata dei bambini al di sotto dei 3 anni.<\/li>\n<li>Pu\u00f2 contenere tracce di uova, soia, avena, latte.<\/li>\n<li>Senza Lattosio e Senza Glutine.<\/li>\n<\/ul>","protected":false},"excerpt":{"rendered":"<details>\n<summary>Ingredienti<\/summary>\n<table style=\"text-align: center;\">\n<tbody>\n<tr>\n<th>Ingredienti<\/th>\n<th>per 1tab<\/th>\n<\/tr>\n<tr>\n<td>Vitamina C (Acido Ascorbico)<\/td>\n<td>1000mg (1250%*)<\/td>\n<\/tr>\n<tr>\n<td>NAC (N-Acetilcisteina)<\/td>\n<td>84 mg<\/td>\n<\/tr>\n<tr>\n<td>Vitamina D (Colecalciferolo D3)<\/td>\n<td>45\u03bcg (900%*)<\/td>\n<\/tr>\n<tr>\n<td colspan=\"2\"><strong>Altri ingredienti: <\/strong>agenti stabilizzanti (E953, E470b)<\/td>\n<\/tr>\n<tr>\n<td colspan=\"2\"><strong>*%NRV: <\/strong>valore nutrizionale di riferimento<\/td>\n<\/tr>\n<\/tbody>\n<\/table>\n<\/details>\n<p>&nbsp;<\/p>","protected":false},"featured_media":11870,"template":"","meta":[],"product_cat":[312,214],"product_tag":[314,258],"class_list":{"0":"post-961","1":"product","2":"type-product","3":"status-publish","4":"has-post-thumbnail","6":"product_cat-health-and-wellness","7":"product_cat-vitamins-wellness","8":"product_tag-health-and-wellness","9":"product_tag-vitamins-wellness","11":"first","12":"instock","13":"sale","14":"taxable","15":"shipping-taxable","16":"purchasable","17":"product-type-simple"},"aioseo_notices":[],"_links":{"self":[{"href":"https:\/\/www.selfprotein.com\/it\/wp-json\/wp\/v2\/product\/961"}],"collection":[{"href":"https:\/\/www.selfprotein.com\/it\/wp-json\/wp\/v2\/product"}],"about":[{"href":"https:\/\/www.selfprotein.com\/it\/wp-json\/wp\/v2\/types\/product"}],"wp:featuredmedia":[{"embeddable":true,"href":"https:\/\/www.selfprotein.com\/it\/wp-json\/wp\/v2\/media\/11870"}],"wp:attachment":[{"href":"https:\/\/www.selfprotein.com\/it\/wp-json\/wp\/v2\/media?parent=961"}],"wp:term":[{"taxonomy":"product_cat","embeddable":true,"href":"https:\/\/www.selfprotein.com\/it\/wp-json\/wp\/v2\/product_cat?post=961"},{"taxonomy":"product_tag","embeddable":true,"href":"https:\/\/www.selfprotein.com\/it\/wp-json\/wp\/v2\/product_tag?post=961"}],"curies":[{"name":"wp","href":"https:\/\/api.w.org\/{rel}","templated":true}]}}