{"id":967,"date":"2023-11-27T13:56:34","date_gmt":"2023-11-27T12:56:34","guid":{"rendered":"https:\/\/34.88.231.180\/product\/vitamin-d\/"},"modified":"2026-04-01T00:00:33","modified_gmt":"2026-03-31T22:00:33","slug":"vitamin-d","status":"publish","type":"product","link":"https:\/\/www.selfprotein.com\/it\/prodotto\/vitamin-d\/","title":{"rendered":"Vitamina D"},"content":{"rendered":"<p style=\"text-align: left;\" align=\"center\"><strong><span lang=\"en-US\">Vitamina D<\/span><\/strong><\/p>\n<p><span lang=\"en-US\">La vitamina D \u00e8 un nutriente fondamentale per numerose funzioni corporee essenziali, tra cui la salute delle ossa, l'efficacia del sistema immunitario e la funzione muscolare. Questa vitamina liposolubile pu\u00f2 essere sintetizzata dall'organismo quando la pelle \u00e8 esposta alla luce solare, ma si trova anche in alcuni alimenti e integratori.<\/span><\/p>\n<p><span lang=\"en-US\">I benefici della vitamina D comprendono:<\/span><\/p>\n<ul>\n<li><strong><span lang=\"en-US\">Salute ottimale delle ossa:<\/span><\/strong><span lang=\"en-US\"> La vitamina D favorisce l'assorbimento di calcio e fosforo dagli alimenti, elementi essenziali per la salute e la forza delle ossa. La sua presenza aiuta a prevenire condizioni come l'osteoporosi e l'osteomalacia.<\/span><\/li>\n<li><strong><span lang=\"en-US\">Sistema immunitario potenziato:<\/span><\/strong><span lang=\"en-US\"> La vitamina D svolge un ruolo fondamentale nella regolazione del sistema immunitario, aiutando l'organismo a combattere infezioni e malattie. Una carenza di vitamina D pu\u00f2 compromettere la risposta immunitaria dell'organismo.<\/span><\/li>\n<li><strong><span lang=\"en-US\">Miglioramento della funzione muscolare:<\/span><\/strong><span lang=\"en-US\"> Un'adeguata disponibilit\u00e0 di vitamina D \u00e8 associata a una migliore funzione e forza muscolare. Ci\u00f2 pu\u00f2 contribuire a ridurre il rischio di cadute e fratture, soprattutto negli anziani.<\/span><\/li>\n<li><strong><span lang=\"en-US\">Benefici cardiovascolari:<\/span><\/strong><span lang=\"en-US\"> Alcune ricerche suggeriscono che livelli adeguati di vitamina D possono essere associati a una riduzione del rischio di malattie cardiovascolari, compresi infarti e ictus.<\/span><\/li>\n<li><strong><span lang=\"en-US\">Supporto cognitivo:<\/span><\/strong><span lang=\"en-US\"> Studi preliminari indicano che la vitamina D pu\u00f2 svolgere un ruolo nella prevenzione dei disturbi cognitivi e della demenza in et\u00e0 avanzata, anche se sono necessarie ulteriori ricerche per confermare questi benefici.<\/span><\/li>\n<\/ul>\n<p>&nbsp;<\/p>\n<p><span lang=\"en-US\">Garantire livelli ottimali di vitamina D attraverso una combinazione di esposizione solare sicura, dieta equilibrata e, se necessario, integratori pu\u00f2 contribuire a sostenere la salute e il benessere generale.<\/span><\/p>\n<p><strong><span lang=\"en-US\">Uso consigliato<\/span><\/strong><\/p>\n<p><span lang=\"en-US\">1 compressa al giorno.<\/span><\/p>\n<p class=\"xmprfx_MsoNormal\"><b>Avviso:<\/b><\/p>\n<ul>\n<li>Solo per adulti e non sostituisce una dieta varia ed equilibrata e uno stile di vita sano.<\/li>\n<li>Non superare la dose consigliata.<\/li>\n<li>Non utilizzarlo durante l'allattamento e i periodi di gravidanza senza consultare il medico.<\/li>\n<li>Conservare il prodotto in un luogo fresco e asciutto, in una confezione ben sigillata e fuori dalla portata dei bambini al di sotto dei 3 anni.<\/li>\n<li>Pu\u00f2 contenere tracce di latte, avena, uova, soia.<\/li>\n<li>Senza Lattosio e Senza Glutine.<\/li>\n<\/ul>","protected":false},"excerpt":{"rendered":"<details>\n<summary>Ingredienti<\/summary>\n<table style=\"text-align: center;\">\n<tbody>\n<tr>\n<th>Ingredienti<\/th>\n<th>per 1 tab<\/th>\n<\/tr>\n<tr>\n<td>Vitamina D (Colecalciferolo)<\/td>\n<td>50\u03bcg (1000%NRV*)<\/td>\n<\/tr>\n<tr>\n<td colspan=\"2\"><strong>Altri ingredienti: <\/strong>agenti stabilizzanti (E460, E953, E470b)<\/td>\n<\/tr>\n<tr>\n<td colspan=\"2\"><strong>*%NRV: <\/strong>valore nutrizionale di riferimento<\/td>\n<\/tr>\n<\/tbody>\n<\/table>\n<\/details>\n<p>&nbsp;<\/p>","protected":false},"featured_media":13884,"template":"","meta":[],"product_cat":[312,214],"product_tag":[314,258],"class_list":{"0":"post-967","1":"product","2":"type-product","3":"status-publish","4":"has-post-thumbnail","6":"product_cat-health-and-wellness","7":"product_cat-vitamins-wellness","8":"product_tag-health-and-wellness","9":"product_tag-vitamins-wellness","11":"first","12":"instock","13":"taxable","14":"shipping-taxable","15":"purchasable","16":"product-type-simple"},"aioseo_notices":[],"_links":{"self":[{"href":"https:\/\/www.selfprotein.com\/it\/wp-json\/wp\/v2\/product\/967"}],"collection":[{"href":"https:\/\/www.selfprotein.com\/it\/wp-json\/wp\/v2\/product"}],"about":[{"href":"https:\/\/www.selfprotein.com\/it\/wp-json\/wp\/v2\/types\/product"}],"wp:featuredmedia":[{"embeddable":true,"href":"https:\/\/www.selfprotein.com\/it\/wp-json\/wp\/v2\/media\/13884"}],"wp:attachment":[{"href":"https:\/\/www.selfprotein.com\/it\/wp-json\/wp\/v2\/media?parent=967"}],"wp:term":[{"taxonomy":"product_cat","embeddable":true,"href":"https:\/\/www.selfprotein.com\/it\/wp-json\/wp\/v2\/product_cat?post=967"},{"taxonomy":"product_tag","embeddable":true,"href":"https:\/\/www.selfprotein.com\/it\/wp-json\/wp\/v2\/product_tag?post=967"}],"curies":[{"name":"wp","href":"https:\/\/api.w.org\/{rel}","templated":true}]}}