{"id":1879,"date":"2024-02-07T17:40:28","date_gmt":"2024-02-07T16:40:28","guid":{"rendered":"https:\/\/34.88.231.180\/?page_id=1879"},"modified":"2024-08-21T12:17:30","modified_gmt":"2024-08-21T10:17:30","slug":"athletes","status":"publish","type":"page","link":"https:\/\/www.selfprotein.com\/nb\/athletes\/","title":{"rendered":"Idrettsut\u00f8vere"},"content":{"rendered":"<div data-elementor-type=\"wp-page\" data-elementor-id=\"1879\" class=\"elementor elementor-1879\" data-elementor-post-type=\"page\">\n\t\t\t\t<div class=\"elementor-element elementor-element-7578786 e-con-full e-flex e-con e-parent\" data-id=\"7578786\" data-element_type=\"container\" data-settings=\"{&quot;background_background&quot;:&quot;classic&quot;}\">\n\t\t<div class=\"elementor-element elementor-element-e89793b e-con-full e-flex e-con e-child\" data-id=\"e89793b\" data-element_type=\"container\">\n\t\t\t\t<div class=\"elementor-element elementor-element-3cb0afe elementor-widget elementor-widget-text-editor\" data-id=\"3cb0afe\" data-element_type=\"widget\" data-widget_type=\"text-editor.default\">\n\t\t\t\t<div class=\"elementor-widget-container\">\n\t\t\t\t\t\t\t\t\t<p>IDRETTSUT\u00d8VERE<\/p>\t\t\t\t\t\t\t\t<\/div>\n\t\t\t\t<\/div>\n\t\t\t\t<div class=\"elementor-element elementor-element-6a9b77e elementor-widget elementor-widget-heading\" data-id=\"6a9b77e\" data-element_type=\"widget\" data-widget_type=\"heading.default\">\n\t\t\t\t<div class=\"elementor-widget-container\">\n\t\t\t\t\t<h2 class=\"elementor-heading-title elementor-size-default\">SELV TEAM<\/h2>\t\t\t\t<\/div>\n\t\t\t\t<\/div>\n\t\t\t\t<\/div>\n\t\t\t\t<\/div>\n\t\t<div class=\"elementor-element elementor-element-0eaecae e-flex e-con-boxed e-con e-parent\" data-id=\"0eaecae\" data-element_type=\"container\">\n\t\t\t\t\t<div class=\"e-con-inner\">\n\t\t\t\t<div class=\"elementor-element elementor-element-868c16f elementor-widget elementor-widget-text-editor\" data-id=\"868c16f\" data-element_type=\"widget\" data-widget_type=\"text-editor.default\">\n\t\t\t\t<div class=\"elementor-widget-container\">\n\t\t\t\t\t\t\t\t\t<p>M\u00f8t eliteut\u00f8verne og de erfarne trenerne v\u00e5re som stoler p\u00e5<br \/>SELF OMNUTRITION for \u00e5 oppn\u00e5 topp ytelse.<\/p>\t\t\t\t\t\t\t\t<\/div>\n\t\t\t\t<\/div>\n\t\t\t\t\t<\/div>\n\t\t\t\t<\/div>\n\t\t<div class=\"elementor-element elementor-element-68842af e-con-full e-flex e-con e-parent\" data-id=\"68842af\" data-element_type=\"container\" data-settings=\"{&quot;background_background&quot;:&quot;classic&quot;}\">\n\t\t<div class=\"elementor-element elementor-element-aebefca e-con-full e-flex e-con e-child\" data-id=\"aebefca\" data-element_type=\"container\" data-settings=\"{&quot;background_background&quot;:&quot;classic&quot;}\">\n\t\t\t\t<div class=\"elementor-element elementor-element-3314b82 elementor-widget elementor-widget-heading\" data-id=\"3314b82\" data-element_type=\"widget\" data-widget_type=\"heading.default\">\n\t\t\t\t<div class=\"elementor-widget-container\">\n\t\t\t\t\t<h2 class=\"elementor-heading-title elementor-size-default\">Margherita Bianchin<\/h2>\t\t\t\t<\/div>\n\t\t\t\t<\/div>\n\t\t\t\t<div class=\"elementor-element elementor-element-8cf5640 elementor-widget elementor-widget-text-editor\" data-id=\"8cf5640\" data-element_type=\"widget\" data-widget_type=\"text-editor.default\">\n\t\t\t\t<div class=\"elementor-widget-container\">\n\t\t\t\t\t\t\t\t\t<p>Margherita Bianchin ble f\u00f8dt i Treviso i Italia.<br>\nEtter \u00e5 ha spilt for de beste ungdomsvolleyballagene<br>\nog har vunnet tre landskamper i sandvolleyball<br>\nmesterskap fikk hun en full sportslig<br>\nstipend i USA. Hun ble uteksaminert fra<br>\nFlorida International University (Miami) med en<br>\nBachelor i internasjonale relasjoner, med et sidefag i<br>\nmarkedsf\u00f8ring, en mastergrad i internasjonal markedsf\u00f8ring<br>\nbusiness, og en mastergrad i idrett.<br>\nledelse. Hun ble to ganger All American,<br>\nog p\u00e5 det regionale f\u00f8rstelaget. Hun ble med i<br>\nlandslaget og det olympiske programmet i 2020.<br>\nHun har ogs\u00e5 vunnet mange titler, blant annet to italienske cuper.<br> ble\nmedaljevinner p\u00e5 verdenstouren, fikk s\u00f8lv i<br> Middelhavet\nstrandleker og har v\u00e6rt med i<br> de 10 beste europeiske\nog verdensmesterskap.<\/p>\t\t\t\t\t\t\t\t<\/div>\n\t\t\t\t<\/div>\n\t\t\t\t<\/div>\n\t\t<div class=\"elementor-element elementor-element-9f60e99 e-con-full e-flex e-con e-child\" data-id=\"9f60e99\" data-element_type=\"container\" data-settings=\"{&quot;background_background&quot;:&quot;classic&quot;}\">\n\t\t\t\t<\/div>\n\t\t\t\t<\/div>\n\t\t<div class=\"elementor-element elementor-element-17466c3 e-con-full e-flex e-con e-parent\" data-id=\"17466c3\" data-element_type=\"container\" data-settings=\"{&quot;background_background&quot;:&quot;classic&quot;}\">\n\t\t<div class=\"elementor-element elementor-element-9cc3b8d e-con-full e-flex e-con e-child\" data-id=\"9cc3b8d\" data-element_type=\"container\" data-settings=\"{&quot;background_background&quot;:&quot;classic&quot;}\">\n\t\t\t\t<div class=\"elementor-element elementor-element-2a69b53 elementor-widget elementor-widget-heading\" data-id=\"2a69b53\" data-element_type=\"widget\" data-widget_type=\"heading.default\">\n\t\t\t\t<div class=\"elementor-widget-container\">\n\t\t\t\t\t<h2 class=\"elementor-heading-title elementor-size-default\">Sveva Gerevini<\/h2>\t\t\t\t<\/div>\n\t\t\t\t<\/div>\n\t\t\t\t<div class=\"elementor-element elementor-element-f8c878c elementor-widget elementor-widget-text-editor\" data-id=\"f8c878c\" data-element_type=\"widget\" data-widget_type=\"text-editor.default\">\n\t\t\t\t<div class=\"elementor-widget-container\">\n\t\t\t\t\t\t\t\t\t<p>Sveva Gerevini er en av de mest allsidige og talentfulle ut\u00f8verne i italiensk friidrett. Hun er den f\u00f8rste italienske ut\u00f8veren i historien som har vunnet fire nasjonale titler p\u00e5 rad i syvkamp (2017, 2018, 2019 og 2020). I mars 2024 satte hun ny rekord i innend\u00f8rs femkamp med 4559 poeng og sikret seg fjerdeplassen under innend\u00f8rs-VM i Glasgow, den beste prestasjonen noensinne for Italia i kombinerte \u00f8velser p\u00e5 verdensbasis. I juni 2024, under europamesterskapet i Roma, slo Sveva den italienske rekorden i syvkamp som hadde st\u00e5tt i 25 \u00e5r, med totalt 6379 poeng og en sjetteplass. Denne ekstraordin\u00e6re prestasjonen kvalifiserte henne til OL i Paris i 2024, der hun skal representere Italia i syvkamp etter 25 \u00e5rs frav\u00e6r i denne \u00f8velsen.Sveva ble uteksaminert med utmerkelse i radiologiteknikk, og jobbet dedikert mellom Cremona, Crema og Parma, f\u00f8r hun ble vervet til Carabinieri i november 2020.Som tegneserieentusiast lanserte hun en tegneserieroman i forbindelse med EM i Roma og OL i Paris, der hun involverte andre toppidrettsut\u00f8vere som Marcell Jacobs, Antonella Palmisano, Larissa Iapichino og Leonardo Fabbri, og kombinerte lidenskapen for idrett med kj\u00e6rligheten til kunst.med sin besluttsomhet og allsidighet fortsetter Sveva Gerevini \u00e5 inspirere unge idrettsut\u00f8vere, og viser at med engasjement og lidenskap kan man n\u00e5 ekstraordin\u00e6re m\u00e5l b\u00e5de i idretten og i livet ellers.<\/p>\t\t\t\t\t\t\t\t<\/div>\n\t\t\t\t<\/div>\n\t\t\t\t<\/div>\n\t\t<div class=\"elementor-element elementor-element-e65ca73 e-con-full e-flex e-con e-child\" data-id=\"e65ca73\" data-element_type=\"container\" data-settings=\"{&quot;background_background&quot;:&quot;classic&quot;}\">\n\t\t\t\t<\/div>\n\t\t\t\t<\/div>\n\t\t<div class=\"elementor-element elementor-element-b41e0dc e-con-full e-flex e-con e-parent\" data-id=\"b41e0dc\" data-element_type=\"container\" data-settings=\"{&quot;background_background&quot;:&quot;classic&quot;}\">\n\t\t<div class=\"elementor-element elementor-element-36f7ff0 e-con-full e-flex e-con e-child\" data-id=\"36f7ff0\" data-element_type=\"container\" data-settings=\"{&quot;background_background&quot;:&quot;classic&quot;}\">\n\t\t\t\t<div class=\"elementor-element elementor-element-5f43700 elementor-widget elementor-widget-heading\" data-id=\"5f43700\" data-element_type=\"widget\" data-widget_type=\"heading.default\">\n\t\t\t\t<div class=\"elementor-widget-container\">\n\t\t\t\t\t<h2 class=\"elementor-heading-title elementor-size-default\">Jacob Hellberg<\/h2>\t\t\t\t<\/div>\n\t\t\t\t<\/div>\n\t\t\t\t<div class=\"elementor-element elementor-element-ba0c903 elementor-widget elementor-widget-text-editor\" data-id=\"ba0c903\" data-element_type=\"widget\" data-widget_type=\"text-editor.default\">\n\t\t\t\t<div class=\"elementor-widget-container\">\n\t\t\t\t\t\t\t\t\tJacob Hellberg, f\u00f8dt i Stockholm i Sverige, er en<br>\nprofesjonell livsveileder og personlig trener med over<br>\n25 \u00e5rs erfaring innen fysisk trening,<br> m\u00e5l- og\nm\u00e5lsettingsarbeid og psykisk helse. Han har spesialisert seg p\u00e5<br> i\n\u00e5 hjelpe mennesker til \u00e5 leve sunnere og mer tilfredsstillende liv.<br> I l\u00f8pet av\ni l\u00f8pet av karrieren har han arbeidet med<br> verden\nartister og skuespillere som Katy Perry og Lukas Graham,<br>\nMax Martin og Alexander Skarsg\u00e5rd osv.<br><br>\n\nI tillegg til oppl\u00e6ring sertifiserer Jacob ogs\u00e5 andre livs<br>\ntrener og er programleder for den popul\u00e6re podcasten<br> \"The Life\nCoach\" som har blitt nr. 1 p\u00e5 iTunes-listen.<br> av selvhjelp\npodcast ved flere anledninger.\t\t\t\t\t\t\t\t<\/div>\n\t\t\t\t<\/div>\n\t\t\t\t<\/div>\n\t\t<div class=\"elementor-element elementor-element-d2cdb26 e-con-full e-flex e-con e-child\" data-id=\"d2cdb26\" data-element_type=\"container\" data-settings=\"{&quot;background_background&quot;:&quot;classic&quot;}\">\n\t\t\t\t<\/div>\n\t\t\t\t<\/div>\n\t\t<div class=\"elementor-element elementor-element-6263f17 e-con-full e-flex e-con e-parent\" data-id=\"6263f17\" data-element_type=\"container\" data-settings=\"{&quot;background_background&quot;:&quot;classic&quot;}\">\n\t\t<div class=\"elementor-element elementor-element-7b2be81 e-con-full e-flex e-con e-child\" data-id=\"7b2be81\" data-element_type=\"container\" data-settings=\"{&quot;background_background&quot;:&quot;classic&quot;}\">\n\t\t\t\t<div class=\"elementor-element elementor-element-dfafcc2 elementor-widget elementor-widget-heading\" data-id=\"dfafcc2\" data-element_type=\"widget\" data-widget_type=\"heading.default\">\n\t\t\t\t<div class=\"elementor-widget-container\">\n\t\t\t\t\t<h2 class=\"elementor-heading-title elementor-size-default\">Maria Diva Ahlberg<\/h2>\t\t\t\t<\/div>\n\t\t\t\t<\/div>\n\t\t\t\t<div class=\"elementor-element elementor-element-56c8ab0 elementor-widget elementor-widget-text-editor\" data-id=\"56c8ab0\" data-element_type=\"widget\" data-widget_type=\"text-editor.default\">\n\t\t\t\t<div class=\"elementor-widget-container\">\n\t\t\t\t\t\t\t\t\tMaria Diva Ahlberg er f\u00f8dt i Stockholm, Sverige.<br>\ner en sv\u00e6rt ettertraktet personlig trener<br>\nover hele verden. Med 7 \u00e5r i Asia og en nettbasert<br>\ntrener som er lidenskapelig opptatt av \u00e5 spre sin<br>\nbudskap til folk som \u00f8nsker \u00e5 skape seg et liv<br>\nendring. Etter \u00e5 ha konkurrert i 25 \u00e5r p\u00e5 nasjonale<br>\nog internasjonalt niv\u00e5 over hele verden, i bikini og<br>\nkroppsfitness, valgte hun \u00e5 ta skrittet over til en<br>\nneste niv\u00e5. Siden 1997 har hun hjulpet tusenvis av<br>\nav kundene endrer sine daglige rutiner og<br>\nmentalitet. Maria driver ogs\u00e5 sin egen konkurranse<br>\nteam for de som \u00f8nsker \u00e5 konkurrere.\t\t\t\t\t\t\t\t<\/div>\n\t\t\t\t<\/div>\n\t\t\t\t<\/div>\n\t\t<div class=\"elementor-element elementor-element-5883bfc e-con-full e-flex e-con e-child\" data-id=\"5883bfc\" data-element_type=\"container\" data-settings=\"{&quot;background_background&quot;:&quot;classic&quot;}\">\n\t\t\t\t<\/div>\n\t\t\t\t<\/div>\n\t\t<div class=\"elementor-element elementor-element-1f70212 e-con-full e-flex e-con e-parent\" data-id=\"1f70212\" data-element_type=\"container\" data-settings=\"{&quot;background_background&quot;:&quot;classic&quot;}\">\n\t\t<div class=\"elementor-element elementor-element-c9fecca e-con-full e-flex e-con e-child\" data-id=\"c9fecca\" data-element_type=\"container\" data-settings=\"{&quot;background_background&quot;:&quot;classic&quot;}\">\n\t\t\t\t<div class=\"elementor-element elementor-element-a02dcfd elementor-widget elementor-widget-heading\" data-id=\"a02dcfd\" data-element_type=\"widget\" data-widget_type=\"heading.default\">\n\t\t\t\t<div class=\"elementor-widget-container\">\n\t\t\t\t\t<h2 class=\"elementor-heading-title elementor-size-default\">Carlo Bonifazi<\/h2>\t\t\t\t<\/div>\n\t\t\t\t<\/div>\n\t\t\t\t<div class=\"elementor-element elementor-element-7c54642 elementor-widget elementor-widget-text-editor\" data-id=\"7c54642\" data-element_type=\"widget\" data-widget_type=\"text-editor.default\">\n\t\t\t\t<div class=\"elementor-widget-container\">\n\t\t\t\t\t\t\t\t\t<p>Carlo Bonifazi ble f\u00f8dt i november 1992, og han vokste opp med<br \/>i en familie av volleyballspillere. Til tross for dette er hans f\u00f8rste lidenskap<br \/>for basketball, og denne kj\u00e6rligheten f\u00f8rte til at han begynte p\u00e5 en<br \/>semiprofesjonell karriere frem til han var 21 \u00e5r gammel. I 2014<br \/>startet han en idrettskarriere som profesjonell strandtennisspiller.<br \/>volleyballspiller. I sin karriere har hun:<\/p><ul><li>1 absolutt italiensk mestertittel i 2023<\/li><li>1 italiensk cup samme \u00e5r<\/li><li>2 gull i verdenstouren<\/li><li>2 deltakelser i Europamesterskapet<br \/>i M\u00fcnchen og Wien<\/li><li>1 i VM-finalene i Roma<br \/>P\u00e5 nasjonalt niv\u00e5 vant han 27 medaljer.<br \/>i det italienske mesterskapet.<br \/>En ekte mester!!!<\/li><\/ul>\t\t\t\t\t\t\t\t<\/div>\n\t\t\t\t<\/div>\n\t\t\t\t<\/div>\n\t\t<div class=\"elementor-element elementor-element-8184c97 e-con-full e-flex e-con e-child\" data-id=\"8184c97\" data-element_type=\"container\" data-settings=\"{&quot;background_background&quot;:&quot;classic&quot;}\">\n\t\t\t\t<\/div>\n\t\t\t\t<\/div>\n\t\t\t\t<\/div>","protected":false},"excerpt":{"rendered":"<p>ATHLETES SELF TEAM M\u00f8t v\u00e5re eliteut\u00f8vere og erfarne trenere som stoler p\u00e5SELF OMNINUTRITION for \u00e5 n\u00e5 sine topprestasjoner. Margherita Bianchin Margherita Bianchin ble f\u00f8dt i Treviso i Italia. Etter \u00e5 ha spilt for de beste ungdomsvolleyballagene og vunnet tre nasjonale mesterskap i sandvolleyball, fikk hun et fullt idrettsstipend i USA. Hun ble uteksaminert fra Florida [...]<\/p>","protected":false},"author":1,"featured_media":0,"parent":0,"menu_order":0,"comment_status":"closed","ping_status":"closed","template":"","meta":{"footnotes":""},"class_list":["post-1879","page","type-page","status-publish","hentry"],"aioseo_notices":[],"_links":{"self":[{"href":"https:\/\/www.selfprotein.com\/nb\/wp-json\/wp\/v2\/pages\/1879"}],"collection":[{"href":"https:\/\/www.selfprotein.com\/nb\/wp-json\/wp\/v2\/pages"}],"about":[{"href":"https:\/\/www.selfprotein.com\/nb\/wp-json\/wp\/v2\/types\/page"}],"author":[{"embeddable":true,"href":"https:\/\/www.selfprotein.com\/nb\/wp-json\/wp\/v2\/users\/1"}],"replies":[{"embeddable":true,"href":"https:\/\/www.selfprotein.com\/nb\/wp-json\/wp\/v2\/comments?post=1879"}],"version-history":[{"count":547,"href":"https:\/\/www.selfprotein.com\/nb\/wp-json\/wp\/v2\/pages\/1879\/revisions"}],"predecessor-version":[{"id":8835,"href":"https:\/\/www.selfprotein.com\/nb\/wp-json\/wp\/v2\/pages\/1879\/revisions\/8835"}],"wp:attachment":[{"href":"https:\/\/www.selfprotein.com\/nb\/wp-json\/wp\/v2\/media?parent=1879"}],"curies":[{"name":"wp","href":"https:\/\/api.w.org\/{rel}","templated":true}]}}